{"id":3296,"date":"2025-03-28T17:29:43","date_gmt":"2025-03-28T09:29:43","guid":{"rendered":"https:\/\/www.vortechglobal.com\/contacta-con-nosotras\/"},"modified":"2025-07-16T09:21:31","modified_gmt":"2025-07-16T01:21:31","slug":"contacta-con-nosotras","status":"publish","type":"page","link":"https:\/\/www.vortechglobal.com\/es\/contacta-con-nosotras\/","title":{"rendered":"Contacta con nosotras"},"content":{"rendered":"\t\t<div data-elementor-type=\"wp-page\" data-elementor-id=\"3296\" class=\"elementor elementor-3296 elementor-36\" data-elementor-settings=\"{&quot;ha_cmc_init_switcher&quot;:&quot;no&quot;}\" data-elementor-post-type=\"page\">\n\t\t\t\t<div class=\"elementor-element elementor-element-55c2241 e-flex e-con-boxed wpr-particle-no wpr-jarallax-no wpr-parallax-no wpr-sticky-section-no e-con e-parent\" data-id=\"55c2241\" data-element_type=\"container\" data-settings=\"{&quot;background_background&quot;:&quot;classic&quot;,&quot;_ha_eqh_enable&quot;:false}\">\n\t\t\t\t\t<div class=\"e-con-inner\">\n\t\t\t\t<div class=\"elementor-element elementor-element-9761b03 elementor-widget elementor-widget-heading\" data-id=\"9761b03\" data-element_type=\"widget\" data-widget_type=\"heading.default\">\n\t\t\t\t<div class=\"elementor-widget-container\">\n\t\t\t\t\t<h1 class=\"elementor-heading-title elementor-size-default\">Contacto<\/h1>\t\t\t\t<\/div>\n\t\t\t\t<\/div>\n\t\t\t\t\t<\/div>\n\t\t\t\t<\/div>\n\t\t<div class=\"elementor-element elementor-element-1c17e73 e-flex e-con-boxed wpr-particle-no wpr-jarallax-no wpr-parallax-no wpr-sticky-section-no e-con e-parent\" data-id=\"1c17e73\" data-element_type=\"container\" data-settings=\"{&quot;_ha_eqh_enable&quot;:false}\">\n\t\t\t\t\t<div class=\"e-con-inner\">\n\t\t<div class=\"elementor-element elementor-element-a2a9f3d e-con-full e-flex wpr-particle-no wpr-jarallax-no wpr-parallax-no wpr-sticky-section-no e-con e-child\" data-id=\"a2a9f3d\" data-element_type=\"container\" data-settings=\"{&quot;background_background&quot;:&quot;classic&quot;,&quot;_ha_eqh_enable&quot;:false}\">\n\t\t<div class=\"elementor-element elementor-element-f9509f7 e-con-full e-flex wpr-particle-no wpr-jarallax-no wpr-parallax-no wpr-sticky-section-no e-con e-child\" data-id=\"f9509f7\" data-element_type=\"container\" data-settings=\"{&quot;_ha_eqh_enable&quot;:false}\">\n\t\t\t\t<div class=\"elementor-element elementor-element-25e5689 elementor-widget elementor-widget-heading\" data-id=\"25e5689\" data-element_type=\"widget\" data-widget_type=\"heading.default\">\n\t\t\t\t<div class=\"elementor-widget-container\">\n\t\t\t\t\t<h3 class=\"elementor-heading-title elementor-size-default\">Informaci\u00f3n de contacto<\/h3>\t\t\t\t<\/div>\n\t\t\t\t<\/div>\n\t\t\t\t<div class=\"elementor-element elementor-element-b09ea3c elementor-icon-list--layout-traditional elementor-list-item-link-full_width elementor-widget elementor-widget-icon-list\" data-id=\"b09ea3c\" data-element_type=\"widget\" data-widget_type=\"icon-list.default\">\n\t\t\t\t<div class=\"elementor-widget-container\">\n\t\t\t\t\t\t\t<ul class=\"elementor-icon-list-items\">\n\t\t\t\t\t\t\t<li class=\"elementor-icon-list-item\">\n\t\t\t\t\t\t\t\t\t\t\t<span class=\"elementor-icon-list-icon\">\n\t\t\t\t\t\t\t<svg xmlns=\"http:\/\/www.w3.org\/2000\/svg\" xmlns:xlink=\"http:\/\/www.w3.org\/1999\/xlink\" id=\"mx_n_1743407434089\" x=\"0px\" y=\"0px\" viewBox=\"0 0 100 100\" style=\"enable-background:new 0 0 100 100;\" xml:space=\"preserve\"><g>\t<path d=\"M69.5,52.5c14,0,25.4,11.4,25.4,25.4v8.5c0,7.5-6.1,13.6-13.6,13.6H18.6c-7.5,0-13.6-6.1-13.6-13.6V78  c0-14,11.4-25.4,25.4-25.4H69.5z\"><\/path>\t<path d=\"M69.5,0c1.9,0,3.4,1.5,3.4,3.4v19.5c0,12.6-10.2,22.9-22.9,22.9h-1.7c-12.6,0-22.9-10.2-22.9-22.9S35.7,0,48.3,0H69.5z\"><\/path><\/g><\/svg>\t\t\t\t\t\t<\/span>\n\t\t\t\t\t\t\t\t\t\t<span class=\"elementor-icon-list-text\">Gerente: Sherry<\/span>\n\t\t\t\t\t\t\t\t\t<\/li>\n\t\t\t\t\t\t\t\t<li class=\"elementor-icon-list-item\">\n\t\t\t\t\t\t\t\t\t\t\t<span class=\"elementor-icon-list-icon\">\n\t\t\t\t\t\t\t<svg xmlns=\"http:\/\/www.w3.org\/2000\/svg\" xmlns:xlink=\"http:\/\/www.w3.org\/1999\/xlink\" id=\"mx_n_1743407335534\" x=\"0px\" y=\"0px\" viewBox=\"0 0 100 100\" style=\"enable-background:new 0 0 100 100;\" xml:space=\"preserve\"><path d=\"M77.3,0c1.3,0,2.5,0.2,3.6,0.7s2.1,1.1,2.9,2c0.8,0.8,1.5,1.8,2,2.9s0.7,2.3,0.7,3.6v81.8c0,2.5-0.9,4.7-2.7,6.4 c-1.8,1.8-3.9,2.7-6.4,2.7H22.7c-2.5,0-4.7-0.9-6.5-2.7c-1.8-1.8-2.7-3.9-2.7-6.4V9.1c0-1.3,0.2-2.5,0.7-3.6c0.5-1.1,1.1-2.1,2-2.9 s1.8-1.5,2.9-2C20.2,0.2,21.4,0,22.7,0C22.7,0,77.3,0,77.3,0z M40.9,9.1H59V4.5H40.9C40.9,4.5,40.9,9.1,40.9,9.1z M49.9,95.4 c1.3,0,2.4-0.2,3.5-0.7c1.1-0.5,2.1-1.1,2.9-2c0.8-0.8,1.5-1.8,2-2.9c0.5-1.1,0.7-2.3,0.7-3.6s-0.2-2.4-0.7-3.5 c-0.5-1.1-1.1-2.1-2-2.9c-0.8-0.8-1.8-1.4-2.9-1.9c-1.1-0.5-2.3-0.7-3.5-0.7c-2.5,0-4.7,0.9-6.4,2.6s-2.6,3.9-2.6,6.4 c0,2.5,0.9,4.7,2.6,6.4S47.4,95.4,49.9,95.4z M77.3,13.6H22.7v59.1h54.6C77.3,72.7,77.3,13.6,77.3,13.6z\"><\/path><\/svg>\t\t\t\t\t\t<\/span>\n\t\t\t\t\t\t\t\t\t\t<span class=\"elementor-icon-list-text\">Tel\u00e9fono: <a href=\"tel\u00e9fono:%20+8619539944134\">+86 19539944134<\/a><\/span>\n\t\t\t\t\t\t\t\t\t<\/li>\n\t\t\t\t\t\t\t\t<li class=\"elementor-icon-list-item\">\n\t\t\t\t\t\t\t\t\t\t\t<span class=\"elementor-icon-list-icon\">\n\t\t\t\t\t\t\t<svg xmlns=\"http:\/\/www.w3.org\/2000\/svg\" xmlns:xlink=\"http:\/\/www.w3.org\/1999\/xlink\" class=\"icon\" viewBox=\"0 0 1024 1024\" id=\"mx_n_1743407240586\" width=\"100\" height=\"100\"><path d=\"M511.872427 0h0.256C794.45376 0 1024.000427 229.674667 1024.000427 512s-229.589333 512-511.872 512c-104.106667 0-200.704-31.018667-281.6-84.565333L33.707093 1002.325333l63.786667-190.250666A508.245333 508.245333 0 0 1 0.000427 512C0.000427 229.674667 229.58976 0 511.872427 0zM365.39776 281.429333c-9.770667-23.338667-17.194667-24.234667-32-24.832A285.525333 285.525333 0 0 0 316.50176 256c-19.285333 0-39.424 5.632-51.626667 18.048C250.155093 289.109333 213.33376 324.266667 213.33376 396.501333c0 72.149333 52.778667 141.952 59.861333 151.722667 7.424 9.728 102.912 160 251.093334 221.226667 115.925333 47.914667 150.314667 43.477333 176.725333 37.845333 38.528-8.277333 86.826667-36.693333 98.986667-70.954667 12.16-34.346667 12.16-63.616 8.618666-69.845333-3.584-6.186667-13.354667-9.728-28.16-17.152-14.848-7.381333-86.869333-42.88-100.522666-47.616-13.354667-4.992-26.069333-3.242667-36.138667 10.965333-14.250667 19.797333-28.16 39.936-39.466667 52.053334-8.874667 9.472-23.424 10.666667-35.541333 5.632-16.298667-6.826667-61.952-22.784-118.314667-72.789334-43.562667-38.741333-73.216-86.954667-81.792-101.418666-8.618667-14.805333-0.896-23.381333 5.930667-31.36 7.381333-9.173333 14.506667-15.658667 21.930667-24.234667 7.424-8.576 11.52-13.013333 16.298666-23.082667 5.034667-9.770667 1.493333-19.84-2.090666-27.221333-3.541333-7.381333-33.194667-79.573333-45.354667-108.8z\" fill=\"#25D366\"><\/path><\/svg>\t\t\t\t\t\t<\/span>\n\t\t\t\t\t\t\t\t\t\t<span class=\"elementor-icon-list-text\">WhatsApp: <a href=\"https:\/\/api.whatsapp.com\/send?phone=+8619539944134&amp;text=Hello\">+86 19539944134<\/a><\/span>\n\t\t\t\t\t\t\t\t\t<\/li>\n\t\t\t\t\t\t\t\t<li class=\"elementor-icon-list-item\">\n\t\t\t\t\t\t\t\t\t\t\t<span class=\"elementor-icon-list-icon\">\n\t\t\t\t\t\t\t<svg xmlns=\"http:\/\/www.w3.org\/2000\/svg\" xmlns:xlink=\"http:\/\/www.w3.org\/1999\/xlink\" id=\"mx_n_1743407326119\" x=\"0px\" y=\"0px\" viewBox=\"0 0 100 100\" style=\"enable-background:new 0 0 100 100;\" xml:space=\"preserve\"><path d=\"M99.6,83L69.7,48.2l29.9-31c0.2,0.6,0.4,1.3,0.4,2v61.7C100,81.6,99.8,82.3,99.6,83L99.6,83z M59.9,47.9L50,55.7l-9.9-7.7 l-5-3.9L5,12.8c0.6-0.2,1.3-0.3,1.9-0.3h86.2c0.7,0,1.3,0.1,1.9,0.3L64.9,44L59.9,47.9L59.9,47.9z M0.4,83C0.1,82.3,0,81.6,0,80.8 V19.2c0-0.7,0.1-1.4,0.4-2l30,31L0.4,83L0.4,83z M50,63.6l14.7-11.5L95,87.2c-0.6,0.2-1.2,0.3-1.9,0.3H6.9c-0.6,0-1.3-0.1-1.9-0.3 l30.3-35.1L50,63.6L50,63.6z\"><\/path><\/svg>\t\t\t\t\t\t<\/span>\n\t\t\t\t\t\t\t\t\t\t<span class=\"elementor-icon-list-text\">Correo electr\u00f3nico: <a href=\"mailto:%20sales@vortechglobal.com\">sales@vortechglobal.com<\/a>, <a href=\"mailto:%20info@vortechglobal.com\">info@vortechglobal.com<\/a><\/span>\n\t\t\t\t\t\t\t\t\t<\/li>\n\t\t\t\t\t\t<\/ul>\n\t\t\t\t\t\t<\/div>\n\t\t\t\t<\/div>\n\t\t\t\t<\/div>\n\t\t\t\t<div class=\"elementor-element elementor-element-80eeb36 elementor-widget-divider--view-line elementor-widget elementor-widget-divider\" data-id=\"80eeb36\" data-element_type=\"widget\" data-widget_type=\"divider.default\">\n\t\t\t\t<div class=\"elementor-widget-container\">\n\t\t\t\t\t\t\t<div class=\"elementor-divider\">\n\t\t\t<span class=\"elementor-divider-separator\">\n\t\t\t\t\t\t<\/span>\n\t\t<\/div>\n\t\t\t\t\t\t<\/div>\n\t\t\t\t<\/div>\n\t\t<div class=\"elementor-element elementor-element-9dca30c e-con-full e-flex wpr-particle-no wpr-jarallax-no wpr-parallax-no wpr-sticky-section-no e-con e-child\" data-id=\"9dca30c\" data-element_type=\"container\" data-settings=\"{&quot;_ha_eqh_enable&quot;:false}\">\n\t\t\t\t<div class=\"elementor-element elementor-element-850bbdd elementor-widget elementor-widget-heading\" data-id=\"850bbdd\" data-element_type=\"widget\" data-widget_type=\"heading.default\">\n\t\t\t\t<div class=\"elementor-widget-container\">\n\t\t\t\t\t<h3 class=\"elementor-heading-title elementor-size-default\">DIRECCI\u00d3N<\/h3>\t\t\t\t<\/div>\n\t\t\t\t<\/div>\n\t\t\t\t<div class=\"elementor-element elementor-element-2ece286 elementor-icon-list--layout-traditional elementor-list-item-link-full_width elementor-widget elementor-widget-icon-list\" data-id=\"2ece286\" data-element_type=\"widget\" data-widget_type=\"icon-list.default\">\n\t\t\t\t<div class=\"elementor-widget-container\">\n\t\t\t\t\t\t\t<ul class=\"elementor-icon-list-items\">\n\t\t\t\t\t\t\t<li class=\"elementor-icon-list-item\">\n\t\t\t\t\t\t\t\t\t\t\t<span class=\"elementor-icon-list-icon\">\n\t\t\t\t\t\t\t<svg xmlns=\"http:\/\/www.w3.org\/2000\/svg\" xmlns:xlink=\"http:\/\/www.w3.org\/1999\/xlink\" id=\"mx_n_1743407288102\" x=\"0px\" y=\"0px\" viewBox=\"0 0 100 100\" style=\"enable-background:new 0 0 100 100;\" xml:space=\"preserve\"><style type=\"text\/css\">\t.st0{fill:#222222;}<\/style><path class=\"st0\" d=\"M50,20.9c9.7,0,17.5,7.9,17.5,17.5S59.7,56,50,56c-9.7,0-17.5-7.9-17.5-17.5C32.5,28.8,40.3,20.9,50,20.9z  M88.5,38.5C88.5,17.2,71.2,0,50,0S11.5,17.2,11.5,38.5c0,7.5,2.2,14.8,6.2,21l28.8,38.4c0.9,1.9,3.3,2.7,5.2,1.7 c0.7-0.4,1.4-1,1.7-1.7l28.8-38.4C86.2,53.4,88.5,46.2,88.5,38.5z\"><\/path><\/svg>\t\t\t\t\t\t<\/span>\n\t\t\t\t\t\t\t\t\t\t<span class=\"elementor-icon-list-text\">Oficina china: Sala 1602, Kaisa Prosper, Jiangyin, Jiangsu, China.<\/span>\n\t\t\t\t\t\t\t\t\t<\/li>\n\t\t\t\t\t\t\t\t<li class=\"elementor-icon-list-item\">\n\t\t\t\t\t\t\t\t\t\t\t<span class=\"elementor-icon-list-icon\">\n\t\t\t\t\t\t\t<svg xmlns=\"http:\/\/www.w3.org\/2000\/svg\" xmlns:xlink=\"http:\/\/www.w3.org\/1999\/xlink\" id=\"mx_n_1743407288102\" x=\"0px\" y=\"0px\" viewBox=\"0 0 100 100\" style=\"enable-background:new 0 0 100 100;\" xml:space=\"preserve\"><style type=\"text\/css\">\t.st0{fill:#222222;}<\/style><path class=\"st0\" d=\"M50,20.9c9.7,0,17.5,7.9,17.5,17.5S59.7,56,50,56c-9.7,0-17.5-7.9-17.5-17.5C32.5,28.8,40.3,20.9,50,20.9z  M88.5,38.5C88.5,17.2,71.2,0,50,0S11.5,17.2,11.5,38.5c0,7.5,2.2,14.8,6.2,21l28.8,38.4c0.9,1.9,3.3,2.7,5.2,1.7 c0.7-0.4,1.4-1,1.7-1.7l28.8-38.4C86.2,53.4,88.5,46.2,88.5,38.5z\"><\/path><\/svg>\t\t\t\t\t\t<\/span>\n\t\t\t\t\t\t\t\t\t\t<span class=\"elementor-icon-list-text\">Oficina central: 10 Anson Road #27-18 International Plaza Singapore (079903).<\/span>\n\t\t\t\t\t\t\t\t\t<\/li>\n\t\t\t\t\t\t<\/ul>\n\t\t\t\t\t\t<\/div>\n\t\t\t\t<\/div>\n\t\t\t\t<\/div>\n\t\t\t\t<div class=\"elementor-element elementor-element-39e3d8b elementor-widget-divider--view-line elementor-widget elementor-widget-divider\" data-id=\"39e3d8b\" data-element_type=\"widget\" data-widget_type=\"divider.default\">\n\t\t\t\t<div class=\"elementor-widget-container\">\n\t\t\t\t\t\t\t<div class=\"elementor-divider\">\n\t\t\t<span class=\"elementor-divider-separator\">\n\t\t\t\t\t\t<\/span>\n\t\t<\/div>\n\t\t\t\t\t\t<\/div>\n\t\t\t\t<\/div>\n\t\t<div class=\"elementor-element elementor-element-5db4c6f e-con-full e-flex wpr-particle-no wpr-jarallax-no wpr-parallax-no wpr-sticky-section-no e-con e-child\" data-id=\"5db4c6f\" data-element_type=\"container\" data-settings=\"{&quot;_ha_eqh_enable&quot;:false}\">\n\t\t\t\t<div class=\"elementor-element elementor-element-f262779 elementor-widget elementor-widget-heading\" data-id=\"f262779\" data-element_type=\"widget\" data-widget_type=\"heading.default\">\n\t\t\t\t<div class=\"elementor-widget-container\">\n\t\t\t\t\t<h3 class=\"elementor-heading-title elementor-size-default\">S\u00edganos<\/h3>\t\t\t\t<\/div>\n\t\t\t\t<\/div>\n\t\t\t\t<div class=\"elementor-element elementor-element-8312830 elementor-widget__width-initial elementor-widget elementor-widget-ha-social-share happy-addon ha-social-share\" data-id=\"8312830\" data-element_type=\"widget\" data-widget_type=\"ha-social-share.default\">\n\t\t\t\t<div class=\"elementor-widget-container\">\n\t\t\t\t\t\t\t<ul class=\"ha-share-buttons\">\n\t\t\t\t\t\t\t<li class=\"ha-share-button elementor-repeater-item-3c155e2\">\n\t\t\t\t\t<a class=\"sharer ha-share-network elementor-social-icon-facebook\" data-sharer=\"facebook\" data-url=\"https:\/\/www.vortechglobal.com\/es\/contacta-con-nosotras\/\" data-hashtags=\"\" data-title=\"\" data-image=\"\" data-to=\"\" data-subject=\"\">\n\t\t\t\t\t\t\t\t\t\t\t\t\t<i class=\"fab fa-facebook\" aria-hidden=\"true\"><\/i>\n\t\t\t\t\t\t\t<span class='ha-share-label'>Facebook<\/span>\t\t\t\t\t<\/a>\n\t\t\t\t<\/li>\n\t\t\t\t\n\t\t<\/ul>\n\t\t\t\t\t\t<\/div>\n\t\t\t\t<\/div>\n\t\t\t\t<\/div>\n\t\t\t\t<\/div>\n\t\t<div class=\"elementor-element elementor-element-6b5da89 e-con-full e-flex wpr-particle-no wpr-jarallax-no wpr-parallax-no wpr-sticky-section-no e-con e-child\" data-id=\"6b5da89\" data-element_type=\"container\" data-settings=\"{&quot;_ha_eqh_enable&quot;:false}\">\n\t\t\t\t<div class=\"elementor-element elementor-element-2dca747 elementor-widget elementor-widget-heading\" data-id=\"2dca747\" data-element_type=\"widget\" data-widget_type=\"heading.default\">\n\t\t\t\t<div class=\"elementor-widget-container\">\n\t\t\t\t\t<h2 class=\"elementor-heading-title elementor-size-default\">Deja tu mensaje<\/h2>\t\t\t\t<\/div>\n\t\t\t\t<\/div>\n\t\t\t\t<div class=\"elementor-element elementor-element-ec9b4bd elementor-widget elementor-widget-shortcode\" data-id=\"ec9b4bd\" data-element_type=\"widget\" id=\"contact-form\" data-widget_type=\"shortcode.default\">\n\t\t\t\t<div class=\"elementor-widget-container\">\n\t\t\t\t\t\t\t<div class=\"elementor-shortcode\">\n<div class=\"wpcf7 no-js\" id=\"wpcf7-f3270-o1\" lang=\"es-ES\" dir=\"ltr\" data-wpcf7-id=\"3270\">\n<div class=\"screen-reader-response\"><p role=\"status\" aria-live=\"polite\" aria-atomic=\"true\"><\/p> <ul><\/ul><\/div>\n<form action=\"\/es\/wp-json\/wp\/v2\/pages\/3296#wpcf7-f3270-o1\" method=\"post\" class=\"wpcf7-form init\" aria-label=\"Formulario de contacto\" novalidate=\"novalidate\" data-status=\"init\">\n<fieldset class=\"hidden-fields-container\"><input type=\"hidden\" name=\"_wpcf7\" value=\"3270\" \/><input type=\"hidden\" name=\"_wpcf7_version\" value=\"6.1.5\" \/><input type=\"hidden\" name=\"_wpcf7_locale\" value=\"es_ES\" \/><input type=\"hidden\" name=\"_wpcf7_unit_tag\" value=\"wpcf7-f3270-o1\" \/><input type=\"hidden\" name=\"_wpcf7_container_post\" value=\"0\" \/><input type=\"hidden\" name=\"_wpcf7_posted_data_hash\" value=\"\" \/><input type=\"hidden\" name=\"_wpcf7_recaptcha_response\" value=\"\" \/>\n<\/fieldset>\n<p><span class=\"wpcf7-form-control-wrap\" data-name=\"Name\"><input size=\"40\" maxlength=\"400\" class=\"wpcf7-form-control wpcf7-text wpcf7-validates-as-required\" aria-required=\"true\" aria-invalid=\"false\" placeholder=\"Nombre *\" value=\"\" type=\"text\" name=\"Name\" \/><\/span><span class=\"wpcf7-form-control-wrap\" data-name=\"E-mail\"><input size=\"40\" maxlength=\"400\" class=\"wpcf7-form-control wpcf7-email wpcf7-validates-as-required wpcf7-text wpcf7-validates-as-email\" aria-required=\"true\" aria-invalid=\"false\" placeholder=\"Correo electr\u00f3nico *\" value=\"\" type=\"email\" name=\"E-mail\" \/><\/span><span class=\"wpcf7-form-control-wrap\" data-name=\"Tel\"><input size=\"40\" maxlength=\"400\" class=\"wpcf7-form-control wpcf7-tel wpcf7-text wpcf7-validates-as-tel\" aria-invalid=\"false\" placeholder=\"Tel\u00e9fono\" value=\"\" type=\"tel\" name=\"Tel\" \/><\/span><span class=\"wpcf7-form-control-wrap\" data-name=\"Message\"><textarea cols=\"40\" rows=\"10\" maxlength=\"2000\" class=\"wpcf7-form-control wpcf7-textarea\" aria-invalid=\"false\" placeholder=\"Mensaje *\" name=\"Message\"><\/textarea><\/span><span class=\"wpcf7-form-control-wrap\" data-name=\"quiz-491\"><label><span class=\"wpcf7-quiz-label\">3+4=<\/span> <input size=\"40\" class=\"wpcf7-form-control wpcf7-quiz\" autocomplete=\"off\" aria-required=\"true\" aria-invalid=\"false\" type=\"text\" name=\"quiz-491\" \/><\/label><input type=\"hidden\" name=\"_wpcf7_quiz_answer_quiz-491\" value=\"532a89b2bae27254f41c8551937cf2f8\" \/><\/span><input class=\"wpcf7-form-control wpcf7-submit has-spinner\" type=\"submit\" value=\"Entregar\" \/>\n<\/p><div class=\"wpcf7-response-output\" aria-hidden=\"true\"><\/div>\n<\/form>\n<\/div>\n<\/div>\n\t\t\t\t\t\t<\/div>\n\t\t\t\t<\/div>\n\t\t\t\t<\/div>\n\t\t\t\t\t<\/div>\n\t\t\t\t<\/div>\n\t\t<div class=\"elementor-element elementor-element-0f6a808 e-con-full e-flex wpr-particle-no wpr-jarallax-no wpr-parallax-no wpr-sticky-section-no e-con e-parent\" data-id=\"0f6a808\" data-element_type=\"container\" data-settings=\"{&quot;background_background&quot;:&quot;classic&quot;,&quot;_ha_eqh_enable&quot;:false}\">\n\t\t\t\t<div class=\"elementor-element elementor-element-5364442 elementor-widget elementor-widget-google_maps\" data-id=\"5364442\" data-element_type=\"widget\" data-widget_type=\"google_maps.default\">\n\t\t\t\t<div class=\"elementor-widget-container\">\n\t\t\t\t\t\t\t<div class=\"elementor-custom-embed\">\n\t\t\t<iframe loading=\"lazy\"\n\t\t\t\t\tsrc=\"https:\/\/maps.google.com\/maps?q=10%20Anson%20Road%20%2327-18%20International%20Plaza%20Singapore&#038;t=m&#038;z=10&#038;output=embed&#038;iwloc=near\"\n\t\t\t\t\ttitle=\"10 Anson Road #27-18 International Plaza Singapore\"\n\t\t\t\t\taria-label=\"10 Anson Road #27-18 International Plaza Singapore\"\n\t\t\t><\/iframe>\n\t\t<\/div>\n\t\t\t\t\t\t<\/div>\n\t\t\t\t<\/div>\n\t\t\t\t<\/div>\n\t\t\t\t<\/div>\n\t\t","protected":false},"excerpt":{"rendered":"<p>Contacto Informaci\u00f3n de contacto Gerente: Sherry Tel\u00e9fono: +86 19539944134 WhatsApp: +86 19539944134 Correo electr\u00f3nico: sales@vortechglobal.com, info@vortechglobal.com DIRECCI\u00d3N Oficina china: Sala 1602, Kaisa Prosper, Jiangyin, Jiangsu, China. Oficina central: 10 Anson Road #27-18 International Plaza Singapore (079903). S\u00edganos Facebook Deja tu mensaje<\/p>\n","protected":false},"author":1,"featured_media":0,"parent":0,"menu_order":0,"comment_status":"closed","ping_status":"closed","template":"","meta":{"site-sidebar-layout":"no-sidebar","site-content-layout":"","ast-site-content-layout":"full-width-container","site-content-style":"default","site-sidebar-style":"default","ast-global-header-display":"","ast-banner-title-visibility":"","ast-main-header-display":"","ast-hfb-above-header-display":"","ast-hfb-below-header-display":"","ast-hfb-mobile-header-display":"","site-post-title":"disabled","ast-breadcrumbs-content":"","ast-featured-img":"disabled","footer-sml-layout":"","theme-transparent-header-meta":"default","adv-header-id-meta":"","stick-header-meta":"","header-above-stick-meta":"","header-main-stick-meta":"","header-below-stick-meta":"","astra-migrate-meta-layouts":"default","ast-page-background-enabled":"default","ast-page-background-meta":{"desktop":{"background-color":"var(--ast-global-color-5)","background-image":"","background-repeat":"repeat","background-position":"center center","background-size":"auto","background-attachment":"scroll","background-type":"","background-media":"","overlay-type":"","overlay-color":"","overlay-opacity":"","overlay-gradient":""},"tablet":{"background-color":"","background-image":"","background-repeat":"repeat","background-position":"center center","background-size":"auto","background-attachment":"scroll","background-type":"","background-media":"","overlay-type":"","overlay-color":"","overlay-opacity":"","overlay-gradient":""},"mobile":{"background-color":"","background-image":"","background-repeat":"repeat","background-position":"center center","background-size":"auto","background-attachment":"scroll","background-type":"","background-media":"","overlay-type":"","overlay-color":"","overlay-opacity":"","overlay-gradient":""}},"ast-content-background-meta":{"desktop":{"background-color":"var(--ast-global-color-4)","background-image":"","background-repeat":"repeat","background-position":"center center","background-size":"auto","background-attachment":"scroll","background-type":"","background-media":"","overlay-type":"","overlay-color":"","overlay-opacity":"","overlay-gradient":""},"tablet":{"background-color":"var(--ast-global-color-4)","background-image":"","background-repeat":"repeat","background-position":"center center","background-size":"auto","background-attachment":"scroll","background-type":"","background-media":"","overlay-type":"","overlay-color":"","overlay-opacity":"","overlay-gradient":""},"mobile":{"background-color":"var(--ast-global-color-4)","background-image":"","background-repeat":"repeat","background-position":"center center","background-size":"auto","background-attachment":"scroll","background-type":"","background-media":"","overlay-type":"","overlay-color":"","overlay-opacity":"","overlay-gradient":""}},"footnotes":""},"class_list":["post-3296","page","type-page","status-publish","hentry"],"_links":{"self":[{"href":"https:\/\/www.vortechglobal.com\/es\/wp-json\/wp\/v2\/pages\/3296","targetHints":{"allow":["GET"]}}],"collection":[{"href":"https:\/\/www.vortechglobal.com\/es\/wp-json\/wp\/v2\/pages"}],"about":[{"href":"https:\/\/www.vortechglobal.com\/es\/wp-json\/wp\/v2\/types\/page"}],"author":[{"embeddable":true,"href":"https:\/\/www.vortechglobal.com\/es\/wp-json\/wp\/v2\/users\/1"}],"replies":[{"embeddable":true,"href":"https:\/\/www.vortechglobal.com\/es\/wp-json\/wp\/v2\/comments?post=3296"}],"version-history":[{"count":1,"href":"https:\/\/www.vortechglobal.com\/es\/wp-json\/wp\/v2\/pages\/3296\/revisions"}],"predecessor-version":[{"id":3297,"href":"https:\/\/www.vortechglobal.com\/es\/wp-json\/wp\/v2\/pages\/3296\/revisions\/3297"}],"wp:attachment":[{"href":"https:\/\/www.vortechglobal.com\/es\/wp-json\/wp\/v2\/media?parent=3296"}],"curies":[{"name":"wp","href":"https:\/\/api.w.org\/{rel}","templated":true}]}}