{"id":3298,"date":"2025-03-31T09:28:22","date_gmt":"2025-03-31T01:28:22","guid":{"rendered":"https:\/\/www.vortechglobal.com\/politica-de-privacidad\/"},"modified":"2025-09-17T11:17:32","modified_gmt":"2025-09-17T03:17:32","slug":"politica-de-privacidad","status":"publish","type":"page","link":"https:\/\/www.vortechglobal.com\/es\/politica-de-privacidad\/","title":{"rendered":"pol\u00edtica de privacidad"},"content":{"rendered":"\t\t<div data-elementor-type=\"wp-page\" data-elementor-id=\"3298\" class=\"elementor elementor-3298 elementor-208\" data-elementor-settings=\"{&quot;ha_cmc_init_switcher&quot;:&quot;no&quot;}\" data-elementor-post-type=\"page\">\n\t\t\t\t<div class=\"elementor-element elementor-element-3ffa96eb e-flex e-con-boxed wpr-particle-no wpr-jarallax-no wpr-parallax-no wpr-sticky-section-no e-con e-parent\" data-id=\"3ffa96eb\" data-element_type=\"container\" data-settings=\"{&quot;_ha_eqh_enable&quot;:false}\">\n\t\t\t\t\t<div class=\"e-con-inner\">\n\t\t\t\t<div class=\"elementor-element elementor-element-198dfc87 elementor-widget elementor-widget-text-editor\" data-id=\"198dfc87\" data-element_type=\"widget\" data-widget_type=\"text-editor.default\">\n\t\t\t\t<div class=\"elementor-widget-container\">\n\t\t\t\t\t\t\t\t\t<p style=\"margin-top: 0;\">\u00a1Bienvenido a Vortech! Al visitar nuestra tienda, acepta autom\u00e1ticamente todos estos t\u00e9rminos y condiciones. Lea atentamente toda la informaci\u00f3n sobre nuestras directrices, t\u00e9rminos y acuerdos.  <\/p>\nEs muy importante preocuparse por la informaci\u00f3n porque vivimos en una sociedad de la informaci\u00f3n y no se puede subestimar la forma en que se utilizar\u00e1 y compartir\u00e1 la informaci\u00f3n.\n\nLa confianza es la base de la amistad y agradecemos su decisi\u00f3n de elegir nuestra tienda. Le damos acceso completo a la informaci\u00f3n de su cuenta. \n\nAdem\u00e1s, tenga en cuenta que nuestro sitio web contiene numerosas marcas comerciales que pueden pertenecer tanto a nuestra empresa como a empresas de terceros.\n\nSe proh\u00edbe el uso de logotipos, \u00edconos y nombres de servicios de cualquier manera que pueda causar confusi\u00f3n entre nuestros clientes y se considerar\u00e1 una violaci\u00f3n de la ley de derechos de autor.\nNos reservamos el derecho de realizar cambios a estos t\u00e9rminos y condiciones en cualquier momento sin notificaci\u00f3n previa.\n\nAl utilizar este sitio web, usted acepta los t\u00e9rminos de la versi\u00f3n m\u00e1s reciente de esta Pol\u00edtica de Privacidad. Lea nuestros T\u00e9rminos de Uso para comprender las normas generales sobre el uso de este sitio web. Salvo lo dispuesto en otras cl\u00e1usulas de exenci\u00f3n de responsabilidad, pol\u00edticas, T\u00e9rminos de Uso u otros avisos de este sitio web, esta Pol\u00edtica de Privacidad y los T\u00e9rminos de Uso constituyen el acuerdo completo entre usted y vortechglobal.com con respecto al uso de este sitio web. Es posible que est\u00e9 sujeto a t\u00e9rminos adicionales que puedan aplicarse al acceder a servicios o materiales espec\u00edficos en ciertas \u00e1reas de este sitio web o al seguir un enlace desde este sitio web.   \n<h2>Introducci\u00f3n<\/h2>\nLa informaci\u00f3n que recibimos y c\u00f3mo la utilizamos depende de lo que haga al visitar nuestro sitio web. Recopilamos y utilizamos su informaci\u00f3n no personal (informaci\u00f3n que no le identifica personalmente) de forma diferente a su informaci\u00f3n personal. \n\n\u00bfQu\u00e9 es la informaci\u00f3n no personal?\n\nLa informaci\u00f3n no personal es la que recopilamos a trav\u00e9s de este sitio web y que no nos identifica como persona individual. Puede incluir informaci\u00f3n como la siguiente: \n<ol>\n \t<li>el tipo de software de navegador web que utiliza (por ejemplo, Netscape Navigator o Internet Explorer).<\/li>\n \t<li>el nombre del dominio desde el que accede a Internet.<\/li>\n \t<li>la direcci\u00f3n de Internet del sitio web desde el que se conect\u00f3 directamente a nuestro sitio web.<\/li>\n \t<li>la fecha y hora en que accede a nuestro sitio web.<\/li>\n \t<li>qu\u00e9 p\u00e1ginas ha visitado en nuestro sitio web.<\/li>\n \t<li>Los t\u00e9rminos de b\u00fasqueda que utiliza.<\/li>\n \t<li>los enlaces en los que haces clic.<\/li>\n \t<li>informaci\u00f3n personal que se ha vuelto no personal o an\u00f3nima (es decir, informaci\u00f3n que ya no refleja ni hace referencia a un usuario individualmente identificable).<\/li>\n<\/ol>\nSi visita nuestro sitio web para leer o descargar informaci\u00f3n, como informaci\u00f3n sobre una condici\u00f3n de salud o sobre uno de nuestros productos, podemos recopilar cierta informaci\u00f3n no personal sobre usted de su computadora. Esta informaci\u00f3n se recopila del navegador web de su computadora: Si solo lee o descarga informaci\u00f3n en nuestro sitio web, no recopilamos ni conocemos su nombre, direcci\u00f3n de correo electr\u00f3nico, direcci\u00f3n particular ni otra informaci\u00f3n personal sobre usted. Podemos colocar un archivo de texto llamado cookie en los archivos del navegador de su computadora cuando nos visita. La cookie puede almacenarse en el disco duro de su computadora. La informaci\u00f3n que recopilamos mediante cookies es informaci\u00f3n no personal. Siempre puede rechazar nuestras cookies si su navegador lo permite, pero algunas partes de nuestro sitio web podr\u00edan no funcionar correctamente para usted si lo hace. No permitiremos que terceros que no sean las empresas que contratamos para realizar servicios o funciones en nuestro nombre coloquen cookies en nuestro sitio web.      \n<h2>\u00bfQu\u00e9 hace vortechglobal.com con la informaci\u00f3n no personal?<\/h2>\nDado que la informaci\u00f3n no personal no puede identificarle ni vincularse con usted de ninguna manera, no existen restricciones sobre c\u00f3mo podemos usarla o compartirla. Siempre buscamos maneras de brindarle un mejor servicio y mejorar este sitio web. Utilizaremos su informaci\u00f3n no personal para que este sitio web sea m\u00e1s \u00fatil para los visitantes. Tambi\u00e9n la utilizaremos para otros fines comerciales. Por ejemplo, podemos utilizar informaci\u00f3n no personal o informaci\u00f3n no personal agregada para:    \n<ol>\n \t<li>crear informes para uso interno para desarrollar programas, productos, servicios o contenidos.<\/li>\n \t<li>personalizar la informaci\u00f3n o servicios que sean de su inter\u00e9s.<\/li>\n \t<li>compartirlo o venderlo a terceros.<\/li>\n \t<li>proporcionar \u201cestad\u00edsticas de tr\u00e1fico\u201d y \u201ctasas de respuesta\u201d agregadas a terceros.<\/li>\n<\/ol>\n<h2>\u00bfQu\u00e9 es la informaci\u00f3n personal?<\/h2>\nLa informaci\u00f3n personal es la informaci\u00f3n que recopilamos a trav\u00e9s de este sitio web y que podemos utilizar para identificarlo espec\u00edficamente, como su:\n<ol>\n \t<li>nombre<\/li>\n \t<li>n\u00famero telef\u00f3nico<\/li>\n \t<li>direcci\u00f3n de correo electr\u00f3nico<\/li>\n \t<li>n\u00famero de serie del dispositivo m\u00e9dico<\/li>\n \t<li>informaci\u00f3n personal de salud<\/li>\n \t<li>fecha de nacimiento<\/li>\n<\/ol>\nEn algunos lugares de este sitio web, usted tiene la oportunidad de enviarnos informaci\u00f3n personal sobre usted, de elegir recibir informaci\u00f3n particular o de participar en una actividad. Por ejemplo, puede completar un formulario de registro, una encuesta o un formulario de correo electr\u00f3nico y puede elegir recibir material educativo sobre nuestros productos y terapias.\n\nTambi\u00e9n puede optar por permitirnos personalizar sus visitas al sitio web, en cuyo caso le solicitaremos cierta informaci\u00f3n personal para que sus visitas a nuestro sitio web le resulten m\u00e1s \u00fatiles. Cuando esta informaci\u00f3n se combina con la informaci\u00f3n no personal que recopilamos a trav\u00e9s de las cookies (descrita anteriormente), podremos saber que usted ha visitado nuestro sitio web anteriormente y podremos personalizar su acceso a nuestro sitio web, por ejemplo, inform\u00e1ndole sobre nuevas caracter\u00edsticas que pueden ser de su inter\u00e9s.\n<h2>\u00bfC\u00f3mo vortechglobal.com conserva y utiliza la informaci\u00f3n personal?<\/h2>\nPodemos conservar y utilizar la informaci\u00f3n personal que recopilemos de usted a trav\u00e9s de este sitio web para brindarle acceso a este sitio web. Adem\u00e1s, podremos conservar y utilizar su informaci\u00f3n personal:\n<ol>\n \t<li>para responder a sus solicitudes.<\/li>\n \t<li>para personalizar su acceso a nuestro sitio web, por ejemplo, inform\u00e1ndole sobre nuevas funciones que puedan ser de su inter\u00e9s.<\/li>\n \t<li>para desarrollar registros, incluidos registros de su informaci\u00f3n personal.<\/li>\n \t<li>para comunicarnos con usted con informaci\u00f3n que pueda ser de su inter\u00e9s, incluyendo informaci\u00f3n sobre ensayos cl\u00ednicos y sobre productos y servicios nuestros y de otros.<\/li>\n \t<li>para fines anal\u00edticos y para investigar, desarrollar y mejorar programas, productos, servicios y contenidos.<\/li>\n \t<li>para eliminar sus identificadores personales (su nombre, direcci\u00f3n de correo electr\u00f3nico, n\u00famero de seguro social, etc.). para eliminar sus identificadores personales (su nombre, direcci\u00f3n de correo electr\u00f3nico, n\u00famero de seguro social, etc.). Una vez que tenemos de<\/li>\n \t<li>informaci\u00f3n identificada, es informaci\u00f3n no personal y podemos tratarla como otra informaci\u00f3n no personal.<\/li>\n \t<li>para hacer cumplir esta Declaraci\u00f3n de Privacidad y otras reglas sobre su uso de este sitio web.<\/li>\n \t<li>para proteger nuestros derechos o propiedad.<\/li>\n \t<li>para proteger la salud, la seguridad o el bienestar de alguien.<\/li>\n \t<li>para cumplir con una ley o reglamento, una orden judicial u otros procesos legales.<\/li>\n<\/ol>\nNo tenemos un m\u00e9todo para revisar la informaci\u00f3n personal o no personal recopilada a trav\u00e9s de este sitio.\n<h2>\u00bfVortechglobal.com alguna vez comparte informaci\u00f3n personal con terceros?<\/h2>\nvortechglobal.com no compartir\u00e1 su informaci\u00f3n personal recopilada de este sitio web con un tercero no relacionado sin su permiso, excepto que se indique lo contrario en esta Declaraci\u00f3n de privacidad.\n\nEn el curso normal de nuestros negocios, podemos compartir cierta informaci\u00f3n personal con empresas que contratamos para realizar servicios o funciones en nuestro nombre. En todos los casos en que compartamos su informaci\u00f3n personal con un tercero, no lo autorizaremos a guardar, divulgar o utilizar su informaci\u00f3n con otros excepto con el prop\u00f3sito de proporcionar los servicios que le solicitamos. No venderemos, intercambiaremos ni publicaremos su informaci\u00f3n personal, excepto en conjunto con una venta, fusi\u00f3n, disoluci\u00f3n o adquisici\u00f3n corporativa.\n\nEs posible que estemos legalmente obligados a divulgar su informaci\u00f3n personal en respuesta a una orden judicial, citaci\u00f3n, orden de allanamiento, ley o regulaci\u00f3n. Podemos cooperar con las autoridades policiales para investigar y enjuiciar a los visitantes del sitio web que violen nuestras reglas o participen en comportamientos que sean perjudiciales para otros visitantes (o ilegales).\n<h2>\u00bfQu\u00e9 pasa con la privacidad en otros sitios web?<\/h2>\nEste sitio web puede contener enlaces a otros sitios web. Algunos de esos sitios web pueden ser operados por Vortech y otros pueden ser operados por terceros. Proporcionamos los enlaces para su conveniencia, pero no revisamos, controlamos ni monitoreamos las pr\u00e1cticas de privacidad de los sitios web operados por otros. Esta Declaraci\u00f3n de Privacidad no se aplica a ning\u00fan otro sitio web, ni siquiera a los dem\u00e1s sitios web de vortechglobal.com. No somos responsables del rendimiento de sitios web operados por terceros ni de sus relaciones comerciales con ellos. Por lo tanto, cada vez que abandone este sitio web le recomendamos que revise las pr\u00e1cticas de privacidad de cada sitio web y saque sus propias conclusiones sobre la idoneidad de estas pr\u00e1cticas.\n<h2>\u00bfVortechglobal.com se comunica directamente con los visitantes de este sitio web?<\/h2>\nEs posible que nos comuniquemos con usted peri\u00f3dicamente por correo electr\u00f3nico, correo postal o tel\u00e9fono si acepta dicho contacto para brindarle informaci\u00f3n sobre programas, productos, servicios y contenido que puedan ser de su inter\u00e9s. Adem\u00e1s, algunas de las funciones de este sitio web le permiten comunicarse con nosotros mediante un formulario en l\u00ednea. Si su comunicaci\u00f3n solicita una respuesta de nuestra parte, le enviaremos una respuesta por correo electr\u00f3nico. La respuesta o confirmaci\u00f3n por correo electr\u00f3nico puede incluir su informaci\u00f3n personal, incluida informaci\u00f3n personal sobre su salud, su nombre, direcci\u00f3n, etc. No podemos garantizar que los correos electr\u00f3nicos que le enviemos estar\u00e1n seguros frente a interceptaciones no autorizadas.\n<h2>\u00bfQu\u00e9 pasa con la seguridad del sitio web?<\/h2>\nLa seguridad es muy importante para nosotras. Tambi\u00e9n entendemos que la seguridad es importante para usted. Tomamos medidas razonables para proteger su informaci\u00f3n personal contra p\u00e9rdida, mal uso y acceso, divulgaci\u00f3n, alteraci\u00f3n o destrucci\u00f3n no autorizados. Debes tener en cuenta que ninguna transmisi\u00f3n por Internet es 100% segura o libre de errores. En particular, el correo electr\u00f3nico enviado hacia o desde este sitio puede no ser seguro y, por lo tanto, debe tener especial cuidado al decidir qu\u00e9 informaci\u00f3n nos env\u00eda por correo electr\u00f3nico.\t\t\t\t\t\t\t\t<\/div>\n\t\t\t\t<\/div>\n\t\t\t\t\t<\/div>\n\t\t\t\t<\/div>\n\t\t\t\t<\/div>\n\t\t","protected":false},"excerpt":{"rendered":"<p>\u00a1Bienvenido a Vortech! Al visitar nuestra tienda, acepta autom\u00e1ticamente todos estos t\u00e9rminos y condiciones. Lea atentamente toda la informaci\u00f3n sobre nuestras directrices, t\u00e9rminos y acuerdos. Es muy importante preocuparse por la informaci\u00f3n porque vivimos en una sociedad de la informaci\u00f3n y no se puede subestimar la forma en que se utilizar\u00e1 y compartir\u00e1 la informaci\u00f3n. La confianza es la base de la amistad y agradecemos su decisi\u00f3n de elegir nuestra tienda. Le damos acceso completo a la informaci\u00f3n de su cuenta. Adem\u00e1s, tenga en cuenta que nuestro sitio web contiene numerosas marcas comerciales que pueden pertenecer tanto a nuestra empresa como a empresas de terceros. Se proh\u00edbe el uso de logotipos, \u00edconos y nombres de servicios de cualquier manera que pueda causar confusi\u00f3n entre nuestros clientes y se considerar\u00e1 una violaci\u00f3n de la ley de derechos de autor. Nos reservamos el derecho de realizar cambios a estos t\u00e9rminos y condiciones en cualquier momento sin notificaci\u00f3n previa. Al utilizar este sitio web, usted acepta los t\u00e9rminos de la versi\u00f3n m\u00e1s reciente de esta Pol\u00edtica de Privacidad. Lea nuestros T\u00e9rminos de Uso para comprender las normas generales sobre el uso de este sitio web. Salvo lo dispuesto en otras cl\u00e1usulas de exenci\u00f3n de responsabilidad, pol\u00edticas, T\u00e9rminos de Uso u otros avisos de este sitio web, esta Pol\u00edtica de Privacidad y los T\u00e9rminos de Uso constituyen el acuerdo completo entre usted y vortechglobal.com con respecto al uso de este sitio web. Es posible que est\u00e9 sujeto a t\u00e9rminos adicionales que puedan aplicarse al acceder a servicios o materiales espec\u00edficos en ciertas \u00e1reas de este sitio web o al seguir un enlace desde este sitio web. Introducci\u00f3n La informaci\u00f3n que recibimos y c\u00f3mo la utilizamos depende de lo que haga al visitar nuestro sitio web. Recopilamos y utilizamos su informaci\u00f3n no personal (informaci\u00f3n que no le identifica personalmente) de forma diferente a su informaci\u00f3n personal. \u00bfQu\u00e9 es la informaci\u00f3n no personal? La informaci\u00f3n no personal es la que recopilamos a trav\u00e9s de este sitio web y que no nos identifica como persona individual. Puede incluir informaci\u00f3n como la siguiente: el tipo de software de navegador web que utiliza (por ejemplo, Netscape Navigator o Internet Explorer). el nombre del dominio desde el que accede a Internet. la direcci\u00f3n de Internet del sitio web desde el que se conect\u00f3 directamente a nuestro sitio web. la fecha y hora en que accede a nuestro sitio web. qu\u00e9 p\u00e1ginas ha visitado en nuestro sitio web. Los t\u00e9rminos de b\u00fasqueda que utiliza. los enlaces en los que haces clic. informaci\u00f3n personal que se ha vuelto no personal o an\u00f3nima (es decir, informaci\u00f3n que ya no refleja ni hace referencia a un usuario individualmente identificable). Si visita nuestro sitio web para leer o descargar informaci\u00f3n, como informaci\u00f3n sobre una condici\u00f3n de salud o sobre uno de nuestros productos, podemos recopilar cierta informaci\u00f3n no personal sobre usted de su computadora. Esta informaci\u00f3n se recopila del navegador web de su computadora: Si solo lee o descarga informaci\u00f3n en nuestro sitio web, no recopilamos ni conocemos su nombre, direcci\u00f3n de correo electr\u00f3nico, direcci\u00f3n particular ni otra informaci\u00f3n personal sobre usted. Podemos colocar un archivo de texto llamado cookie en los archivos del navegador de su computadora cuando nos visita. La cookie puede almacenarse en el disco duro de su computadora. La informaci\u00f3n que recopilamos mediante cookies es informaci\u00f3n no personal. Siempre puede rechazar nuestras cookies si su navegador lo permite, pero algunas partes de nuestro sitio web podr\u00edan no funcionar correctamente para usted si lo hace. No permitiremos que terceros que no sean las empresas que contratamos para realizar servicios o funciones en nuestro nombre coloquen cookies en nuestro sitio web. \u00bfQu\u00e9 hace vortechglobal.com con la informaci\u00f3n no personal? Dado que la informaci\u00f3n no personal no puede identificarle ni vincularse con usted de ninguna manera, no existen restricciones sobre c\u00f3mo podemos usarla o compartirla. Siempre buscamos maneras de brindarle un mejor servicio y mejorar este sitio web. Utilizaremos su informaci\u00f3n no personal para que este sitio web sea m\u00e1s \u00fatil para los visitantes. Tambi\u00e9n la utilizaremos para otros fines comerciales. Por ejemplo, podemos utilizar informaci\u00f3n no personal o informaci\u00f3n no personal agregada para: crear informes para uso interno para desarrollar programas, productos, servicios o contenidos. personalizar la informaci\u00f3n o servicios que sean de su inter\u00e9s. compartirlo o venderlo a terceros. proporcionar \u201cestad\u00edsticas de tr\u00e1fico\u201d y \u201ctasas de respuesta\u201d agregadas a terceros. \u00bfQu\u00e9 es la informaci\u00f3n personal? La informaci\u00f3n personal es la informaci\u00f3n que recopilamos a trav\u00e9s de este sitio web y que podemos utilizar para identificarlo espec\u00edficamente, como su: nombre n\u00famero telef\u00f3nico direcci\u00f3n de correo electr\u00f3nico n\u00famero de serie del dispositivo m\u00e9dico informaci\u00f3n personal de salud fecha de nacimiento En algunos lugares de este sitio web, usted tiene la oportunidad de enviarnos informaci\u00f3n personal sobre usted, de elegir recibir informaci\u00f3n particular o de participar en una actividad. Por ejemplo, puede completar un formulario de registro, una encuesta o un formulario de correo electr\u00f3nico y puede elegir recibir material educativo sobre nuestros productos y terapias. Tambi\u00e9n puede optar por permitirnos personalizar sus visitas al sitio web, en cuyo caso le solicitaremos cierta informaci\u00f3n personal para que sus visitas a nuestro sitio web le resulten m\u00e1s \u00fatiles. Cuando esta informaci\u00f3n se combina con la informaci\u00f3n no personal que recopilamos a trav\u00e9s de las cookies (descrita anteriormente), podremos saber que usted ha visitado nuestro sitio web anteriormente y podremos personalizar su acceso a nuestro sitio web, por ejemplo, inform\u00e1ndole sobre nuevas caracter\u00edsticas que pueden ser de su inter\u00e9s. \u00bfC\u00f3mo vortechglobal.com conserva y utiliza la informaci\u00f3n personal? Podemos conservar y utilizar la informaci\u00f3n personal que recopilemos de usted a trav\u00e9s de este sitio web para brindarle acceso a este sitio web. Adem\u00e1s, podremos conservar y utilizar su informaci\u00f3n personal: para responder a sus solicitudes. para personalizar su acceso a nuestro sitio web, por ejemplo, inform\u00e1ndole sobre nuevas funciones que puedan ser de su inter\u00e9s. para desarrollar registros, incluidos registros de su informaci\u00f3n personal. para comunicarnos con usted con informaci\u00f3n que pueda ser de su inter\u00e9s, incluyendo<\/p>\n","protected":false},"author":1,"featured_media":0,"parent":0,"menu_order":0,"comment_status":"closed","ping_status":"closed","template":"","meta":{"site-sidebar-layout":"default","site-content-layout":"","ast-site-content-layout":"default","site-content-style":"default","site-sidebar-style":"default","ast-global-header-display":"","ast-banner-title-visibility":"","ast-main-header-display":"","ast-hfb-above-header-display":"","ast-hfb-below-header-display":"","ast-hfb-mobile-header-display":"","site-post-title":"","ast-breadcrumbs-content":"","ast-featured-img":"","footer-sml-layout":"","theme-transparent-header-meta":"default","adv-header-id-meta":"","stick-header-meta":"","header-above-stick-meta":"","header-main-stick-meta":"","header-below-stick-meta":"","astra-migrate-meta-layouts":"default","ast-page-background-enabled":"default","ast-page-background-meta":{"desktop":{"background-color":"var(--ast-global-color-5)","background-image":"","background-repeat":"repeat","background-position":"center center","background-size":"auto","background-attachment":"scroll","background-type":"","background-media":"","overlay-type":"","overlay-color":"","overlay-opacity":"","overlay-gradient":""},"tablet":{"background-color":"","background-image":"","background-repeat":"repeat","background-position":"center center","background-size":"auto","background-attachment":"scroll","background-type":"","background-media":"","overlay-type":"","overlay-color":"","overlay-opacity":"","overlay-gradient":""},"mobile":{"background-color":"","background-image":"","background-repeat":"repeat","background-position":"center center","background-size":"auto","background-attachment":"scroll","background-type":"","background-media":"","overlay-type":"","overlay-color":"","overlay-opacity":"","overlay-gradient":""}},"ast-content-background-meta":{"desktop":{"background-color":"var(--ast-global-color-4)","background-image":"","background-repeat":"repeat","background-position":"center center","background-size":"auto","background-attachment":"scroll","background-type":"","background-media":"","overlay-type":"","overlay-color":"","overlay-opacity":"","overlay-gradient":""},"tablet":{"background-color":"var(--ast-global-color-4)","background-image":"","background-repeat":"repeat","background-position":"center center","background-size":"auto","background-attachment":"scroll","background-type":"","background-media":"","overlay-type":"","overlay-color":"","overlay-opacity":"","overlay-gradient":""},"mobile":{"background-color":"var(--ast-global-color-4)","background-image":"","background-repeat":"repeat","background-position":"center center","background-size":"auto","background-attachment":"scroll","background-type":"","background-media":"","overlay-type":"","overlay-color":"","overlay-opacity":"","overlay-gradient":""}},"footnotes":""},"class_list":["post-3298","page","type-page","status-publish","hentry"],"_links":{"self":[{"href":"https:\/\/www.vortechglobal.com\/es\/wp-json\/wp\/v2\/pages\/3298","targetHints":{"allow":["GET"]}}],"collection":[{"href":"https:\/\/www.vortechglobal.com\/es\/wp-json\/wp\/v2\/pages"}],"about":[{"href":"https:\/\/www.vortechglobal.com\/es\/wp-json\/wp\/v2\/types\/page"}],"author":[{"embeddable":true,"href":"https:\/\/www.vortechglobal.com\/es\/wp-json\/wp\/v2\/users\/1"}],"replies":[{"embeddable":true,"href":"https:\/\/www.vortechglobal.com\/es\/wp-json\/wp\/v2\/comments?post=3298"}],"version-history":[{"count":3,"href":"https:\/\/www.vortechglobal.com\/es\/wp-json\/wp\/v2\/pages\/3298\/revisions"}],"predecessor-version":[{"id":4381,"href":"https:\/\/www.vortechglobal.com\/es\/wp-json\/wp\/v2\/pages\/3298\/revisions\/4381"}],"wp:attachment":[{"href":"https:\/\/www.vortechglobal.com\/es\/wp-json\/wp\/v2\/media?parent=3298"}],"curies":[{"name":"wp","href":"https:\/\/api.w.org\/{rel}","templated":true}]}}