{"id":3304,"date":"2025-04-10T11:56:58","date_gmt":"2025-04-10T03:56:58","guid":{"rendered":"https:\/\/www.vortechglobal.com\/maquina-prensadora-de-aceite-de-doble-tornillo\/"},"modified":"2025-04-10T11:56:58","modified_gmt":"2025-04-10T03:56:58","slug":"maquina-prensadora-de-aceite-de-doble-tornillo","status":"publish","type":"product","link":"https:\/\/www.vortechglobal.com\/es\/maquina-prensadora-de-aceite-de-doble-tornillo\/","title":{"rendered":"M\u00e1quina prensadora de aceite de doble tornillo"},"content":{"rendered":"<h2>Componentes clave:<\/h2>\n<ul>\n<li>Sistema de control hidr\u00e1ulico<\/li>\n<li>Puerto de descarga<\/li>\n<li>Salida de prensa de aceite<\/li>\n<li>C\u00e1mara de prensa de aceite<\/li>\n<li>Motor de prensa de aceite<\/li>\n<li>Puerto de alimentaci\u00f3n<\/li>\n<li>Eje de tornillo<\/li>\n<li>Marco de prensa de aceite<\/li>\n<\/ul>\n<h2>Ventaja del producto:<\/h2>\n<p>El tornillo de la prensa de aceite de fruto de palma inteligente desarrollada independientemente por Vortech Global tiene una vida \u00fatil de 9 meses (aproximadamente 2160 horas), m\u00e1s de 1,5 veces m\u00e1s que la de la prensa de aceite importada.<\/p>\n<h2>Par\u00e1metros del producto:<\/h2>\n<table>\n<tbody>\n<tr>\n<td width=\"65\">Modelo<\/td>\n<td>DS-1T<\/td>\n<td>DS-2T<\/td>\n<td>DS-5T<\/td>\n<td>DS-13T<\/td>\n<\/tr>\n<tr>\n<td width=\"65\">Capacidad de manejo<\/td>\n<td>800-1000 kg\/h<\/td>\n<td>2-3T\/h<\/td>\n<td>5T\/h<\/td>\n<td>13-15T\/h<\/td>\n<\/tr>\n<tr>\n<td width=\"65\">Poder de coincidencia<\/td>\n<td>5,5-7,5 kW trif\u00e1sico<\/td>\n<td>11-15kw trif\u00e1sica<\/td>\n<td>18,5 kW trif\u00e1sico<\/td>\n<td> <\/td>\n<\/tr>\n<tr>\n<td width=\"65\">Estaci\u00f3n hidr\u00e1ulica<\/td>\n<td>\/<\/td>\n<td>4kw<\/td>\n<td>4kw<\/td>\n<td>4kw<\/td>\n<\/tr>\n<tr>\n<td width=\"65\">Tama\u00f1o de la c\u00e1mara de compresi\u00f3n<\/td>\n<td>200*900 mm<\/td>\n<td>300*900mm<\/td>\n<td>400*1700mm<\/td>\n<td>550*1800mm<\/td>\n<\/tr>\n<tr>\n<td width=\"65\">Longitud de la espiral<\/td>\n<td>900mm<\/td>\n<td>900mm<\/td>\n<td>1300mm<\/td>\n<td>1500mm<\/td>\n<\/tr>\n<tr>\n<td width=\"65\">Velocidad del tornillo<\/td>\n<td>35-40 rpm<\/td>\n<td>35-40 rpm<\/td>\n<td>15-20 rpm<\/td>\n<td>25-30 rpm<\/td>\n<\/tr>\n<tr>\n<td width=\"65\">Peso bruto\/neto<\/td>\n<td>800\/900kg<\/td>\n<td>1200\/1300kg<\/td>\n<td>2100\/2200kg<\/td>\n<td>3800\/4000kg<\/td>\n<\/tr>\n<\/tbody>\n<\/table>\n<p><img fetchpriority=\"high\" decoding=\"async\" class=\"aligncenter wp-image-2270 size-full\" src=\"https:\/\/www.vortechglobal.com\/wp-content\/uploads\/2025\/04\/Palm-Fruit-Double-Screw-Oil-Press-1-2.jpg\" alt=\"Prensa de aceite de doble tornillo para fruto de palma\" width=\"800\" height=\"800\" srcset=\"https:\/\/www.vortechglobal.com\/wp-content\/uploads\/2025\/04\/Palm-Fruit-Double-Screw-Oil-Press-1-2.jpg 800w, https:\/\/www.vortechglobal.com\/wp-content\/uploads\/2025\/04\/Palm-Fruit-Double-Screw-Oil-Press-1-2-300x300.jpg 300w, https:\/\/www.vortechglobal.com\/wp-content\/uploads\/2025\/04\/Palm-Fruit-Double-Screw-Oil-Press-1-2-150x150.jpg 150w, https:\/\/www.vortechglobal.com\/wp-content\/uploads\/2025\/04\/Palm-Fruit-Double-Screw-Oil-Press-1-2-768x768.jpg 768w, https:\/\/www.vortechglobal.com\/wp-content\/uploads\/2025\/04\/Palm-Fruit-Double-Screw-Oil-Press-1-2-600x600.jpg 600w, https:\/\/www.vortechglobal.com\/wp-content\/uploads\/2025\/04\/Palm-Fruit-Double-Screw-Oil-Press-1-2-100x100.jpg 100w\" sizes=\"(max-width: 800px) 100vw, 800px\" \/><\/p>\n","protected":false},"excerpt":{"rendered":"<ul>\n<li>Procesa eficazmente de 800 kg a 15 T por hora con tecnolog\u00eda de exprimido de doble husillo.<\/li>\n<li>Equipado con potentes motores trif\u00e1sicos y estaciones hidr\u00e1ulicas opcionales para un rendimiento estable.\n<p>&nbsp;<\/p>\n<p>&nbsp;<\/li>\n<li>Los tama\u00f1os de c\u00e1mara robustos y las longitudes de tornillo garantizan una extracci\u00f3n de aceite constante en todas las capacidades.<\/li>\n<\/ul>\n","protected":false},"featured_media":2268,"comment_status":"open","ping_status":"closed","template":"","meta":{"site-sidebar-layout":"default","site-content-layout":"","ast-site-content-layout":"default","site-content-style":"default","site-sidebar-style":"default","ast-global-header-display":"","ast-banner-title-visibility":"","ast-main-header-display":"","ast-hfb-above-header-display":"","ast-hfb-below-header-display":"","ast-hfb-mobile-header-display":"","site-post-title":"","ast-breadcrumbs-content":"","ast-featured-img":"","footer-sml-layout":"","theme-transparent-header-meta":"default","adv-header-id-meta":"","stick-header-meta":"","header-above-stick-meta":"","header-main-stick-meta":"","header-below-stick-meta":"","astra-migrate-meta-layouts":"default","ast-page-background-enabled":"default","ast-page-background-meta":{"desktop":{"background-color":"var(--ast-global-color-5)","background-image":"","background-repeat":"repeat","background-position":"center center","background-size":"auto","background-attachment":"scroll","background-type":"","background-media":"","overlay-type":"","overlay-color":"","overlay-opacity":"","overlay-gradient":""},"tablet":{"background-color":"","background-image":"","background-repeat":"repeat","background-position":"center center","background-size":"auto","background-attachment":"scroll","background-type":"","background-media":"","overlay-type":"","overlay-color":"","overlay-opacity":"","overlay-gradient":""},"mobile":{"background-color":"","background-image":"","background-repeat":"repeat","background-position":"center center","background-size":"auto","background-attachment":"scroll","background-type":"","background-media":"","overlay-type":"","overlay-color":"","overlay-opacity":"","overlay-gradient":""}},"ast-content-background-meta":{"desktop":{"background-color":"var(--ast-global-color-4)","background-image":"","background-repeat":"repeat","background-position":"center center","background-size":"auto","background-attachment":"scroll","background-type":"","background-media":"","overlay-type":"","overlay-color":"","overlay-opacity":"","overlay-gradient":""},"tablet":{"background-color":"var(--ast-global-color-4)","background-image":"","background-repeat":"repeat","background-position":"center center","background-size":"auto","background-attachment":"scroll","background-type":"","background-media":"","overlay-type":"","overlay-color":"","overlay-opacity":"","overlay-gradient":""},"mobile":{"background-color":"var(--ast-global-color-4)","background-image":"","background-repeat":"repeat","background-position":"center center","background-size":"auto","background-attachment":"scroll","background-type":"","background-media":"","overlay-type":"","overlay-color":"","overlay-opacity":"","overlay-gradient":""}}},"product_brand":[],"product_cat":[52],"product_tag":[],"class_list":{"0":"post-3304","1":"product","2":"type-product","3":"status-publish","4":"has-post-thumbnail","6":"product_cat-equipos-para-aceite-de-palma","7":"desktop-align-left","8":"tablet-align-left","9":"mobile-align-left","11":"first","12":"instock","13":"shipping-taxable","14":"product-type-simple"},"_links":{"self":[{"href":"https:\/\/www.vortechglobal.com\/es\/wp-json\/wp\/v2\/product\/3304","targetHints":{"allow":["GET"]}}],"collection":[{"href":"https:\/\/www.vortechglobal.com\/es\/wp-json\/wp\/v2\/product"}],"about":[{"href":"https:\/\/www.vortechglobal.com\/es\/wp-json\/wp\/v2\/types\/product"}],"replies":[{"embeddable":true,"href":"https:\/\/www.vortechglobal.com\/es\/wp-json\/wp\/v2\/comments?post=3304"}],"wp:featuredmedia":[{"embeddable":true,"href":"https:\/\/www.vortechglobal.com\/es\/wp-json\/wp\/v2\/media\/2268"}],"wp:attachment":[{"href":"https:\/\/www.vortechglobal.com\/es\/wp-json\/wp\/v2\/media?parent=3304"}],"wp:term":[{"taxonomy":"product_brand","embeddable":true,"href":"https:\/\/www.vortechglobal.com\/es\/wp-json\/wp\/v2\/product_brand?post=3304"},{"taxonomy":"product_cat","embeddable":true,"href":"https:\/\/www.vortechglobal.com\/es\/wp-json\/wp\/v2\/product_cat?post=3304"},{"taxonomy":"product_tag","embeddable":true,"href":"https:\/\/www.vortechglobal.com\/es\/wp-json\/wp\/v2\/product_tag?post=3304"}],"curies":[{"name":"wp","href":"https:\/\/api.w.org\/{rel}","templated":true}]}}