{"id":3306,"date":"2025-04-08T17:22:33","date_gmt":"2025-04-08T09:22:33","guid":{"rendered":"https:\/\/www.vortechglobal.com\/esterilizador-vertical\/"},"modified":"2025-04-08T17:22:33","modified_gmt":"2025-04-08T09:22:33","slug":"esterilizador-vertical","status":"publish","type":"product","link":"https:\/\/www.vortechglobal.com\/es\/esterilizador-vertical\/","title":{"rendered":"Esterilizador vertical"},"content":{"rendered":"<h2>Componente del producto:<\/h2>\n<p>La m\u00e1quina esterilizadora de frutos de palma vertical est\u00e1 compuesta por el cuerpo principal, la entrada de alimentaci\u00f3n, la salida de descarga y la tapa de sellado. Los \u00fanicos componentes de nuestra versi\u00f3n reducida son las jaulas de fruta, la parte superior sellada y el cuerpo principal.<\/p>\n<h2>Par\u00e1metros del producto:<\/h2>\n<table>\n<tbody>\n<tr>\n<td>Modelo<\/td>\n<td>Di\u00e1metro del tanque<\/td>\n<td>Di\u00e1metro de la puerta de entrada y salida<\/td>\n<td>Tuber\u00eda de vapor<\/td>\n<td>Volumen (m\u00b3)<\/td>\n<td>Capacidad de procesamiento (t\/d)<\/td>\n<td>Longitud<\/td>\n<td>Peso<\/td>\n<\/tr>\n<tr>\n<td>SJG2400<\/td>\n<td>2400<\/td>\n<td>1200<\/td>\n<td>89<\/td>\n<td>20<\/td>\n<td>10-15<\/td>\n<td>5.5M<\/td>\n<td>18000<\/td>\n<\/tr>\n<tr>\n<td>SJG3200<\/td>\n<td>3200<\/td>\n<td>1200<\/td>\n<td>89<\/td>\n<td>47<\/td>\n<td>20-25<\/td>\n<td>7.5M<\/td>\n<td>25000<\/td>\n<\/tr>\n<\/tbody>\n<\/table>\n<p>&nbsp;<\/p>\n","protected":false},"excerpt":{"rendered":"<ul>\n<li>Di\u00e1metro del tubo de vapor: 89 mm, facilitando un flujo de vapor adecuado para la esterilizaci\u00f3n.<\/li>\n<li>Di\u00e1metro de la puerta de entrada\/salida: 1200 mm, lo que permite una f\u00e1cil carga y descarga de racimos de frutos de palma.<\/li>\n<li>Los objetivos del dise\u00f1o son alto rendimiento, longevidad y eficiencia durante el funcionamiento continuo.<\/li>\n<li>Ideal para una variedad de tama\u00f1os de producci\u00f3n, incluidas peque\u00f1as f\u00e1bricas y empresas de gran escala.<\/li>\n<\/ul>\n","protected":false},"featured_media":2272,"comment_status":"open","ping_status":"closed","template":"","meta":{"site-sidebar-layout":"default","site-content-layout":"","ast-site-content-layout":"default","site-content-style":"default","site-sidebar-style":"default","ast-global-header-display":"","ast-banner-title-visibility":"","ast-main-header-display":"","ast-hfb-above-header-display":"","ast-hfb-below-header-display":"","ast-hfb-mobile-header-display":"","site-post-title":"","ast-breadcrumbs-content":"","ast-featured-img":"","footer-sml-layout":"","theme-transparent-header-meta":"default","adv-header-id-meta":"","stick-header-meta":"","header-above-stick-meta":"","header-main-stick-meta":"","header-below-stick-meta":"","astra-migrate-meta-layouts":"default","ast-page-background-enabled":"default","ast-page-background-meta":{"desktop":{"background-color":"var(--ast-global-color-5)","background-image":"","background-repeat":"repeat","background-position":"center center","background-size":"auto","background-attachment":"scroll","background-type":"","background-media":"","overlay-type":"","overlay-color":"","overlay-opacity":"","overlay-gradient":""},"tablet":{"background-color":"","background-image":"","background-repeat":"repeat","background-position":"center center","background-size":"auto","background-attachment":"scroll","background-type":"","background-media":"","overlay-type":"","overlay-color":"","overlay-opacity":"","overlay-gradient":""},"mobile":{"background-color":"","background-image":"","background-repeat":"repeat","background-position":"center center","background-size":"auto","background-attachment":"scroll","background-type":"","background-media":"","overlay-type":"","overlay-color":"","overlay-opacity":"","overlay-gradient":""}},"ast-content-background-meta":{"desktop":{"background-color":"var(--ast-global-color-4)","background-image":"","background-repeat":"repeat","background-position":"center center","background-size":"auto","background-attachment":"scroll","background-type":"","background-media":"","overlay-type":"","overlay-color":"","overlay-opacity":"","overlay-gradient":""},"tablet":{"background-color":"var(--ast-global-color-4)","background-image":"","background-repeat":"repeat","background-position":"center center","background-size":"auto","background-attachment":"scroll","background-type":"","background-media":"","overlay-type":"","overlay-color":"","overlay-opacity":"","overlay-gradient":""},"mobile":{"background-color":"var(--ast-global-color-4)","background-image":"","background-repeat":"repeat","background-position":"center center","background-size":"auto","background-attachment":"scroll","background-type":"","background-media":"","overlay-type":"","overlay-color":"","overlay-opacity":"","overlay-gradient":""}}},"product_brand":[],"product_cat":[52],"product_tag":[],"class_list":{"0":"post-3306","1":"product","2":"type-product","3":"status-publish","4":"has-post-thumbnail","6":"product_cat-equipos-para-aceite-de-palma","7":"desktop-align-left","8":"tablet-align-left","9":"mobile-align-left","11":"first","12":"instock","13":"shipping-taxable","14":"product-type-simple"},"_links":{"self":[{"href":"https:\/\/www.vortechglobal.com\/es\/wp-json\/wp\/v2\/product\/3306","targetHints":{"allow":["GET"]}}],"collection":[{"href":"https:\/\/www.vortechglobal.com\/es\/wp-json\/wp\/v2\/product"}],"about":[{"href":"https:\/\/www.vortechglobal.com\/es\/wp-json\/wp\/v2\/types\/product"}],"replies":[{"embeddable":true,"href":"https:\/\/www.vortechglobal.com\/es\/wp-json\/wp\/v2\/comments?post=3306"}],"wp:featuredmedia":[{"embeddable":true,"href":"https:\/\/www.vortechglobal.com\/es\/wp-json\/wp\/v2\/media\/2272"}],"wp:attachment":[{"href":"https:\/\/www.vortechglobal.com\/es\/wp-json\/wp\/v2\/media?parent=3306"}],"wp:term":[{"taxonomy":"product_brand","embeddable":true,"href":"https:\/\/www.vortechglobal.com\/es\/wp-json\/wp\/v2\/product_brand?post=3306"},{"taxonomy":"product_cat","embeddable":true,"href":"https:\/\/www.vortechglobal.com\/es\/wp-json\/wp\/v2\/product_cat?post=3306"},{"taxonomy":"product_tag","embeddable":true,"href":"https:\/\/www.vortechglobal.com\/es\/wp-json\/wp\/v2\/product_tag?post=3306"}],"curies":[{"name":"wp","href":"https:\/\/api.w.org\/{rel}","templated":true}]}}