{"id":3307,"date":"2025-04-08T15:29:28","date_gmt":"2025-04-08T07:29:28","guid":{"rendered":"https:\/\/www.vortechglobal.com\/tambor-trillador\/"},"modified":"2025-04-08T15:29:28","modified_gmt":"2025-04-08T07:29:28","slug":"tambor-trillador","status":"publish","type":"product","link":"https:\/\/www.vortechglobal.com\/es\/tambor-trillador\/","title":{"rendered":"Tambor trillador"},"content":{"rendered":"<h2>Introducci\u00f3n del producto:<\/h2>\n<p>La trilla del aceite de palma es la segunda etapa del procesamiento del aceite de palma. El tambor de trilla del fruto de palma en el molino separa los RFF esterilizados producidos por el esterilizador, lo que mejora significativamente la eficiencia del procesamiento y reduce la mano de obra. <\/p>\n<h2>El papel del tambor trillador en el procesamiento del aceite de palma:<\/h2>\n<p>Tras la esterilizaci\u00f3n, el fruto de palma se transfiere al tambor de trilla. La potente vibraci\u00f3n o rotaci\u00f3n centr\u00edfuga de la trilladora separa el fruto de palma de los racimos. El fruto separado pasa a la siguiente etapa de procesamiento \u2014el prensado del aceite de palma\u2014, mientras que los racimos vac\u00edos se recogen y se transportan a una zona designada para su posterior procesamiento.  <\/p>\n<h2>Par\u00e1metros del producto:<\/h2>\n<table>\n<tbody>\n<tr>\n<td width=\"202\">\n<p style=\"text-align: center;\">Modelo<\/p>\n<\/td>\n<td style=\"text-align: center;\" width=\"144\">TGJ3000<\/td>\n<td style=\"text-align: center;\" width=\"144\">TSJ6000<\/td>\n<\/tr>\n<tr>\n<td width=\"202\">\n<p style=\"text-align: center;\">Capacidad de procesamiento (t\/d)<\/p>\n<\/td>\n<td style=\"text-align: center;\" width=\"144\">10-15<\/td>\n<td style=\"text-align: center;\" width=\"144\">30-40<\/td>\n<\/tr>\n<tr>\n<td width=\"202\">\n<p style=\"text-align: center;\">Di\u00e1metro del ca\u00f1\u00f3n<\/p>\n<\/td>\n<td style=\"text-align: center;\" width=\"144\">1800<\/td>\n<td style=\"text-align: center;\" width=\"144\">2400<\/td>\n<\/tr>\n<tr>\n<td style=\"text-align: center;\" width=\"202\">energ\u00eda<\/td>\n<td style=\"text-align: center;\" width=\"144\">11<\/td>\n<td width=\"144\">\n<p style=\"text-align: center;\">22<\/p>\n<\/td>\n<\/tr>\n<tr>\n<td style=\"text-align: center;\" width=\"202\">Longitud<\/td>\n<td style=\"text-align: center;\" width=\"144\">3M<\/td>\n<td width=\"144\">\n<p style=\"text-align: center;\">6M<\/p>\n<\/td>\n<\/tr>\n<tr>\n<td style=\"text-align: center;\" width=\"202\">Peso (kg)<\/td>\n<td style=\"text-align: center;\" width=\"144\">3500<\/td>\n<td width=\"144\">\n<p style=\"text-align: center;\">9000<\/p>\n<\/td>\n<\/tr>\n<\/tbody>\n<\/table>\n","protected":false},"excerpt":{"rendered":"<ul>\n<li>Modelo: TGJ3000, TSJ6000<\/li>\n<li>Eficiencia: Optimizado para la trilla de frutos de palma, asegurando un alto rendimiento.<\/li>\n<li>Funci\u00f3n: Retirar los granos de fruta esterilizados del racimo de fruta mediante rotaci\u00f3n y batido.<\/li>\n<li>Capacidad de procesamiento: 10-40 toneladas\/d\u00eda, adecuado para plantas de procesamiento de aceite de palma de mediana escala.<\/li>\n<li>Di\u00e1metro del tambor: 1800\/2400 mm, tambi\u00e9n personalizable, optimizado para una trilla eficiente.<\/li>\n<\/ul>\n","protected":false},"featured_media":2273,"comment_status":"open","ping_status":"closed","template":"","meta":{"site-sidebar-layout":"default","site-content-layout":"","ast-site-content-layout":"default","site-content-style":"default","site-sidebar-style":"default","ast-global-header-display":"","ast-banner-title-visibility":"","ast-main-header-display":"","ast-hfb-above-header-display":"","ast-hfb-below-header-display":"","ast-hfb-mobile-header-display":"","site-post-title":"","ast-breadcrumbs-content":"","ast-featured-img":"","footer-sml-layout":"","theme-transparent-header-meta":"default","adv-header-id-meta":"","stick-header-meta":"","header-above-stick-meta":"","header-main-stick-meta":"","header-below-stick-meta":"","astra-migrate-meta-layouts":"default","ast-page-background-enabled":"default","ast-page-background-meta":{"desktop":{"background-color":"var(--ast-global-color-5)","background-image":"","background-repeat":"repeat","background-position":"center center","background-size":"auto","background-attachment":"scroll","background-type":"","background-media":"","overlay-type":"","overlay-color":"","overlay-opacity":"","overlay-gradient":""},"tablet":{"background-color":"","background-image":"","background-repeat":"repeat","background-position":"center center","background-size":"auto","background-attachment":"scroll","background-type":"","background-media":"","overlay-type":"","overlay-color":"","overlay-opacity":"","overlay-gradient":""},"mobile":{"background-color":"","background-image":"","background-repeat":"repeat","background-position":"center center","background-size":"auto","background-attachment":"scroll","background-type":"","background-media":"","overlay-type":"","overlay-color":"","overlay-opacity":"","overlay-gradient":""}},"ast-content-background-meta":{"desktop":{"background-color":"var(--ast-global-color-4)","background-image":"","background-repeat":"repeat","background-position":"center center","background-size":"auto","background-attachment":"scroll","background-type":"","background-media":"","overlay-type":"","overlay-color":"","overlay-opacity":"","overlay-gradient":""},"tablet":{"background-color":"var(--ast-global-color-4)","background-image":"","background-repeat":"repeat","background-position":"center center","background-size":"auto","background-attachment":"scroll","background-type":"","background-media":"","overlay-type":"","overlay-color":"","overlay-opacity":"","overlay-gradient":""},"mobile":{"background-color":"var(--ast-global-color-4)","background-image":"","background-repeat":"repeat","background-position":"center center","background-size":"auto","background-attachment":"scroll","background-type":"","background-media":"","overlay-type":"","overlay-color":"","overlay-opacity":"","overlay-gradient":""}}},"product_brand":[],"product_cat":[52],"product_tag":[],"class_list":{"0":"post-3307","1":"product","2":"type-product","3":"status-publish","4":"has-post-thumbnail","6":"product_cat-equipos-para-aceite-de-palma","7":"desktop-align-left","8":"tablet-align-left","9":"mobile-align-left","11":"first","12":"instock","13":"shipping-taxable","14":"product-type-simple"},"_links":{"self":[{"href":"https:\/\/www.vortechglobal.com\/es\/wp-json\/wp\/v2\/product\/3307","targetHints":{"allow":["GET"]}}],"collection":[{"href":"https:\/\/www.vortechglobal.com\/es\/wp-json\/wp\/v2\/product"}],"about":[{"href":"https:\/\/www.vortechglobal.com\/es\/wp-json\/wp\/v2\/types\/product"}],"replies":[{"embeddable":true,"href":"https:\/\/www.vortechglobal.com\/es\/wp-json\/wp\/v2\/comments?post=3307"}],"wp:featuredmedia":[{"embeddable":true,"href":"https:\/\/www.vortechglobal.com\/es\/wp-json\/wp\/v2\/media\/2273"}],"wp:attachment":[{"href":"https:\/\/www.vortechglobal.com\/es\/wp-json\/wp\/v2\/media?parent=3307"}],"wp:term":[{"taxonomy":"product_brand","embeddable":true,"href":"https:\/\/www.vortechglobal.com\/es\/wp-json\/wp\/v2\/product_brand?post=3307"},{"taxonomy":"product_cat","embeddable":true,"href":"https:\/\/www.vortechglobal.com\/es\/wp-json\/wp\/v2\/product_cat?post=3307"},{"taxonomy":"product_tag","embeddable":true,"href":"https:\/\/www.vortechglobal.com\/es\/wp-json\/wp\/v2\/product_tag?post=3307"}],"curies":[{"name":"wp","href":"https:\/\/api.w.org\/{rel}","templated":true}]}}