{"id":3308,"date":"2025-04-15T11:17:09","date_gmt":"2025-04-15T03:17:09","guid":{"rendered":"https:\/\/www.vortechglobal.com\/impresora-de-inyeccion-de-tinta-portatil\/"},"modified":"2025-04-15T11:17:09","modified_gmt":"2025-04-15T03:17:09","slug":"impresora-de-inyeccion-de-tinta-portatil","status":"publish","type":"product","link":"https:\/\/www.vortechglobal.com\/es\/impresora-de-inyeccion-de-tinta-portatil\/","title":{"rendered":"Impresora de inyecci\u00f3n de tinta port\u00e1til"},"content":{"rendered":"<h2>Informaci\u00f3n del producto:<\/h2>\n<p>Impresora de inyecci\u00f3n de tinta port\u00e1til inteligente: la impresora de inyecci\u00f3n de tinta port\u00e1til funciona eficazmente en cualquier superficie plana, admitiendo de 1 a 5 l\u00edneas de impresi\u00f3n, alturas de impresi\u00f3n de 1 mm a 12,7 mm e impresi\u00f3n de im\u00e1genes en formato BMP.<\/p>\n<p>M\u00e1quina codificadora de inyecci\u00f3n de tinta: con la m\u00e1quina codificadora de inyecci\u00f3n de tinta, puede cambiar f\u00e1cilmente variables como tama\u00f1o, tipo, largo, ancho, espaciado, \u00e1ngulo y m\u00e1s, as\u00ed como logotipos, texto, fechas, recuentos, c\u00f3digos QR, c\u00f3digos de barras y tablas. (Tambi\u00e9n puedes importar tus fuentes de texto preferidas).<\/p>\n<p>Pantalla t\u00e1ctil LED de 4,3 pulgadas: una impresora port\u00e1til equipada con una pantalla de 4,3 pulgadas. Esta m\u00e1quina admite varios idiomas y puede importar nuevas fuentes mediante una unidad flash USB.<\/p>\n<p>Cartucho de tinta de secado r\u00e1pido de 42 ml: el cartucho de tinta negra de secado r\u00e1pido de 42 ml que viene con la impresora m\u00f3vil produce una impresi\u00f3n muy clara y resistente al agua. El cartucho de tinta imprime de manera uniforme y confiable y muestra im\u00e1genes con claridad.<\/p>\n<p>Amplia gama de materiales: una impresora port\u00e1til puede imprimir en diversos materiales, como madera, cart\u00f3n, piedra, tuber\u00edas, pl\u00e1stico, metal, tela de fibra, vidrio y m\u00e1s. (Nota: Una postura recta y suave produce el mayor efecto de impresi\u00f3n. Puede utilizar la herramienta de placa de posicionamiento incluida si es curva.<\/p>\n","protected":false},"excerpt":{"rendered":"<ul>\n<li>No requiere computadora ni aplicaci\u00f3n, es liviano y conveniente.<\/li>\n<li>Se permiten m\u00e1s de diez superficies de impresi\u00f3n y ocho contenidos de impresi\u00f3n.<\/li>\n<li>Cartucho de tinta de secado r\u00e1pido de 42 ml.<\/li>\n<li>Se incluyeron un servicio profesional y un excelente soporte posventa.<\/li>\n<\/ul>\n","protected":false},"featured_media":2279,"comment_status":"open","ping_status":"closed","template":"","meta":{"site-sidebar-layout":"default","site-content-layout":"","ast-site-content-layout":"default","site-content-style":"default","site-sidebar-style":"default","ast-global-header-display":"","ast-banner-title-visibility":"","ast-main-header-display":"","ast-hfb-above-header-display":"","ast-hfb-below-header-display":"","ast-hfb-mobile-header-display":"","site-post-title":"","ast-breadcrumbs-content":"","ast-featured-img":"","footer-sml-layout":"","theme-transparent-header-meta":"default","adv-header-id-meta":"","stick-header-meta":"","header-above-stick-meta":"","header-main-stick-meta":"","header-below-stick-meta":"","astra-migrate-meta-layouts":"default","ast-page-background-enabled":"default","ast-page-background-meta":{"desktop":{"background-color":"var(--ast-global-color-5)","background-image":"","background-repeat":"repeat","background-position":"center center","background-size":"auto","background-attachment":"scroll","background-type":"","background-media":"","overlay-type":"","overlay-color":"","overlay-opacity":"","overlay-gradient":""},"tablet":{"background-color":"","background-image":"","background-repeat":"repeat","background-position":"center center","background-size":"auto","background-attachment":"scroll","background-type":"","background-media":"","overlay-type":"","overlay-color":"","overlay-opacity":"","overlay-gradient":""},"mobile":{"background-color":"","background-image":"","background-repeat":"repeat","background-position":"center center","background-size":"auto","background-attachment":"scroll","background-type":"","background-media":"","overlay-type":"","overlay-color":"","overlay-opacity":"","overlay-gradient":""}},"ast-content-background-meta":{"desktop":{"background-color":"var(--ast-global-color-4)","background-image":"","background-repeat":"repeat","background-position":"center center","background-size":"auto","background-attachment":"scroll","background-type":"","background-media":"","overlay-type":"","overlay-color":"","overlay-opacity":"","overlay-gradient":""},"tablet":{"background-color":"var(--ast-global-color-4)","background-image":"","background-repeat":"repeat","background-position":"center center","background-size":"auto","background-attachment":"scroll","background-type":"","background-media":"","overlay-type":"","overlay-color":"","overlay-opacity":"","overlay-gradient":""},"mobile":{"background-color":"var(--ast-global-color-4)","background-image":"","background-repeat":"repeat","background-position":"center center","background-size":"auto","background-attachment":"scroll","background-type":"","background-media":"","overlay-type":"","overlay-color":"","overlay-opacity":"","overlay-gradient":""}}},"product_brand":[],"product_cat":[53,54],"product_tag":[],"class_list":{"0":"post-3308","1":"product","2":"type-product","3":"status-publish","4":"has-post-thumbnail","6":"product_cat-maquina-procesadora-de-tomates","7":"product_cat-seccion-de-llenado-y-envasado-aguas-abajo","8":"desktop-align-left","9":"tablet-align-left","10":"mobile-align-left","12":"first","13":"instock","14":"shipping-taxable","15":"product-type-simple"},"_links":{"self":[{"href":"https:\/\/www.vortechglobal.com\/es\/wp-json\/wp\/v2\/product\/3308","targetHints":{"allow":["GET"]}}],"collection":[{"href":"https:\/\/www.vortechglobal.com\/es\/wp-json\/wp\/v2\/product"}],"about":[{"href":"https:\/\/www.vortechglobal.com\/es\/wp-json\/wp\/v2\/types\/product"}],"replies":[{"embeddable":true,"href":"https:\/\/www.vortechglobal.com\/es\/wp-json\/wp\/v2\/comments?post=3308"}],"wp:featuredmedia":[{"embeddable":true,"href":"https:\/\/www.vortechglobal.com\/es\/wp-json\/wp\/v2\/media\/2279"}],"wp:attachment":[{"href":"https:\/\/www.vortechglobal.com\/es\/wp-json\/wp\/v2\/media?parent=3308"}],"wp:term":[{"taxonomy":"product_brand","embeddable":true,"href":"https:\/\/www.vortechglobal.com\/es\/wp-json\/wp\/v2\/product_brand?post=3308"},{"taxonomy":"product_cat","embeddable":true,"href":"https:\/\/www.vortechglobal.com\/es\/wp-json\/wp\/v2\/product_cat?post=3308"},{"taxonomy":"product_tag","embeddable":true,"href":"https:\/\/www.vortechglobal.com\/es\/wp-json\/wp\/v2\/product_tag?post=3308"}],"curies":[{"name":"wp","href":"https:\/\/api.w.org\/{rel}","templated":true}]}}