{"id":3309,"date":"2025-04-14T17:30:22","date_gmt":"2025-04-14T09:30:22","guid":{"rendered":"https:\/\/www.vortechglobal.com\/maquina-tapadora-semiautomatica\/"},"modified":"2025-04-14T17:30:22","modified_gmt":"2025-04-14T09:30:22","slug":"maquina-tapadora-semiautomatica","status":"publish","type":"product","link":"https:\/\/www.vortechglobal.com\/es\/maquina-tapadora-semiautomatica\/","title":{"rendered":"M\u00e1quina tapadora semiautom\u00e1tica"},"content":{"rendered":"<p>Asegura las tapas a los contenedores o frascos de pasta de tomate, garantizando un sellado adecuado para mantener la frescura, evitar la contaminaci\u00f3n y extender la vida \u00fatil, al tiempo que proporciona una soluci\u00f3n de tapado confiable y eficiente.<\/p>\n<h2>Proceso al que pertenece:<\/h2>\n<ul>\n<li>Proceso de envasado, espec\u00edficamente despu\u00e9s de que la pasta de tomate se ha llenado en recipientes, para taparlos de forma segura antes del etiquetado y almacenamiento final.<\/li>\n<\/ul>\n<h2>Equipos relacionados anteriores:<\/h2>\n<p><strong>Equipo de esterilizaci\u00f3n<\/strong><\/p>\n<ul>\n<li>Asegura que la pasta de tomate est\u00e9 libre de microorganismos da\u00f1inos antes del envasado.<\/li>\n<li>S\u00f3lo la pasta esterilizada pasa a la m\u00e1quina llenadora, manteniendo la higiene y la seguridad durante toda la fase de envasado.<\/li>\n<\/ul>\n<p><span style=\"color: #99cc00;\"><a style=\"color: #99cc00;\" href=\"https:\/\/www.vortechglobal.com\/viscous-product-filling-machine\/\"><strong>M\u00e1quina llenadora de productos viscosos<\/strong><\/a><\/span><\/p>\n<ul>\n<li>Llena con precisi\u00f3n frascos o recipientes con un volumen determinado de pasta de tomate.<\/li>\n<li>Entrega los envases llenos y sin tapar directamente a la m\u00e1quina tapadora semiautom\u00e1tica para un sellado inmediato, minimizando la exposici\u00f3n a contaminantes.<\/li>\n<\/ul>\n<h2>Equipo relacionado despu\u00e9s:<\/h2>\n<p><span style=\"color: #99cc00;\"><a style=\"color: #99cc00;\" href=\"https:\/\/www.vortechglobal.com\/pouch-forming-filling-seaming-coding-monoblock-automatic-pouch-filling-and-sealing-machine\/\"><strong>Monobloque de formaci\u00f3n, llenado, sellado y codificaci\u00f3n de bolsas<\/strong><\/a><\/span><\/p>\n<ul>\n<li>Aplica sellado a prueba de manipulaciones, etiquetado e imprime informaci\u00f3n del producto o lote.<\/li>\n<li>Recibe contenedores bien tapados y realiza el marcado de identidad final necesario para la trazabilidad y el cumplimiento normativo.<\/li>\n<\/ul>\n<p><strong>Almacenamiento de producto terminado<\/strong><\/p>\n<ul>\n<li>Mantiene los productos sellados y etiquetados hasta que se empaquetan para su distribuci\u00f3n.<\/li>\n<li>Los frascos tapados y codificados se transfieren aqu\u00ed para su enfriamiento, inspecci\u00f3n y eventual env\u00edo.<\/li>\n<\/ul>\n<h2>Par\u00e1metros del producto:<\/h2>\n<table>\n<tbody>\n<tr>\n<td width=\"84\">Modelo<\/td>\n<td width=\"100\">SCM-70<\/td>\n<\/tr>\n<tr>\n<td width=\"84\">Presi\u00f3n del aire<\/td>\n<td width=\"100\">&gt;0,5 MPa<\/td>\n<\/tr>\n<tr>\n<td width=\"84\">Velocidad de limitaci\u00f3n<\/td>\n<td width=\"100\">0~20 tazas\/min<\/td>\n<\/tr>\n<tr>\n<td width=\"84\">Di\u00e1metro de la tapa<\/td>\n<td width=\"100\">M\u00e1ximo 70 mm<\/td>\n<\/tr>\n<tr>\n<td width=\"84\">Altura de la botella<\/td>\n<td width=\"100\">M\u00e1ximo 20 cm<\/td>\n<\/tr>\n<tr>\n<td width=\"84\">Modo de trabajo<\/td>\n<td width=\"100\">Pedal<\/td>\n<\/tr>\n<tr>\n<td width=\"84\">Peso neto<\/td>\n<td width=\"100\">12 kg<\/td>\n<\/tr>\n<tr>\n<td width=\"84\">Dimensiones<\/td>\n<td width=\"100\">29*25*38cm<\/td>\n<\/tr>\n<\/tbody>\n<\/table>\n<p><img fetchpriority=\"high\" decoding=\"async\" class=\"aligncenter wp-image-2251 size-full\" src=\"https:\/\/www.vortechglobal.com\/wp-content\/uploads\/2025\/04\/Semi-auto-Capping-Machine-Parameter-1.jpg\" alt=\"Par\u00e1metros de la m\u00e1quina tapadora semiautom\u00e1tica\" width=\"800\" height=\"670\" srcset=\"https:\/\/www.vortechglobal.com\/wp-content\/uploads\/2025\/04\/Semi-auto-Capping-Machine-Parameter-1.jpg 800w, https:\/\/www.vortechglobal.com\/wp-content\/uploads\/2025\/04\/Semi-auto-Capping-Machine-Parameter-1-300x251.jpg 300w, https:\/\/www.vortechglobal.com\/wp-content\/uploads\/2025\/04\/Semi-auto-Capping-Machine-Parameter-1-768x643.jpg 768w, https:\/\/www.vortechglobal.com\/wp-content\/uploads\/2025\/04\/Semi-auto-Capping-Machine-Parameter-1-600x503.jpg 600w\" sizes=\"(max-width: 800px) 100vw, 800px\" \/><\/p>\n","protected":false},"excerpt":{"rendered":"<ul>\n<li>Tape las tazas despu\u00e9s de llenarlas.<\/li>\n<li>Velocidad: Aproximadamente 0~20 tazas\/min.<\/li>\n<li>Dimensiones: 29*25*38cm.<\/li>\n<\/ul>\n","protected":false},"featured_media":2280,"comment_status":"open","ping_status":"closed","template":"","meta":{"site-sidebar-layout":"default","site-content-layout":"","ast-site-content-layout":"default","site-content-style":"default","site-sidebar-style":"default","ast-global-header-display":"","ast-banner-title-visibility":"","ast-main-header-display":"","ast-hfb-above-header-display":"","ast-hfb-below-header-display":"","ast-hfb-mobile-header-display":"","site-post-title":"","ast-breadcrumbs-content":"","ast-featured-img":"","footer-sml-layout":"","theme-transparent-header-meta":"default","adv-header-id-meta":"","stick-header-meta":"","header-above-stick-meta":"","header-main-stick-meta":"","header-below-stick-meta":"","astra-migrate-meta-layouts":"default","ast-page-background-enabled":"default","ast-page-background-meta":{"desktop":{"background-color":"var(--ast-global-color-5)","background-image":"","background-repeat":"repeat","background-position":"center center","background-size":"auto","background-attachment":"scroll","background-type":"","background-media":"","overlay-type":"","overlay-color":"","overlay-opacity":"","overlay-gradient":""},"tablet":{"background-color":"","background-image":"","background-repeat":"repeat","background-position":"center center","background-size":"auto","background-attachment":"scroll","background-type":"","background-media":"","overlay-type":"","overlay-color":"","overlay-opacity":"","overlay-gradient":""},"mobile":{"background-color":"","background-image":"","background-repeat":"repeat","background-position":"center center","background-size":"auto","background-attachment":"scroll","background-type":"","background-media":"","overlay-type":"","overlay-color":"","overlay-opacity":"","overlay-gradient":""}},"ast-content-background-meta":{"desktop":{"background-color":"var(--ast-global-color-4)","background-image":"","background-repeat":"repeat","background-position":"center center","background-size":"auto","background-attachment":"scroll","background-type":"","background-media":"","overlay-type":"","overlay-color":"","overlay-opacity":"","overlay-gradient":""},"tablet":{"background-color":"var(--ast-global-color-4)","background-image":"","background-repeat":"repeat","background-position":"center center","background-size":"auto","background-attachment":"scroll","background-type":"","background-media":"","overlay-type":"","overlay-color":"","overlay-opacity":"","overlay-gradient":""},"mobile":{"background-color":"var(--ast-global-color-4)","background-image":"","background-repeat":"repeat","background-position":"center center","background-size":"auto","background-attachment":"scroll","background-type":"","background-media":"","overlay-type":"","overlay-color":"","overlay-opacity":"","overlay-gradient":""}}},"product_brand":[],"product_cat":[53,54],"product_tag":[],"class_list":{"0":"post-3309","1":"product","2":"type-product","3":"status-publish","4":"has-post-thumbnail","6":"product_cat-maquina-procesadora-de-tomates","7":"product_cat-seccion-de-llenado-y-envasado-aguas-abajo","8":"desktop-align-left","9":"tablet-align-left","10":"mobile-align-left","12":"first","13":"instock","14":"shipping-taxable","15":"product-type-simple"},"_links":{"self":[{"href":"https:\/\/www.vortechglobal.com\/es\/wp-json\/wp\/v2\/product\/3309","targetHints":{"allow":["GET"]}}],"collection":[{"href":"https:\/\/www.vortechglobal.com\/es\/wp-json\/wp\/v2\/product"}],"about":[{"href":"https:\/\/www.vortechglobal.com\/es\/wp-json\/wp\/v2\/types\/product"}],"replies":[{"embeddable":true,"href":"https:\/\/www.vortechglobal.com\/es\/wp-json\/wp\/v2\/comments?post=3309"}],"wp:featuredmedia":[{"embeddable":true,"href":"https:\/\/www.vortechglobal.com\/es\/wp-json\/wp\/v2\/media\/2280"}],"wp:attachment":[{"href":"https:\/\/www.vortechglobal.com\/es\/wp-json\/wp\/v2\/media?parent=3309"}],"wp:term":[{"taxonomy":"product_brand","embeddable":true,"href":"https:\/\/www.vortechglobal.com\/es\/wp-json\/wp\/v2\/product_brand?post=3309"},{"taxonomy":"product_cat","embeddable":true,"href":"https:\/\/www.vortechglobal.com\/es\/wp-json\/wp\/v2\/product_cat?post=3309"},{"taxonomy":"product_tag","embeddable":true,"href":"https:\/\/www.vortechglobal.com\/es\/wp-json\/wp\/v2\/product_tag?post=3309"}],"curies":[{"name":"wp","href":"https:\/\/api.w.org\/{rel}","templated":true}]}}