{"id":3311,"date":"2025-04-14T15:39:06","date_gmt":"2025-04-14T07:39:06","guid":{"rendered":"https:\/\/www.vortechglobal.com\/monobloque-de-codificacion-sellado-y-llenado-de-bolsas\/"},"modified":"2025-04-14T15:39:06","modified_gmt":"2025-04-14T07:39:06","slug":"monobloque-de-codificacion-sellado-y-llenado-de-bolsas","status":"publish","type":"product","link":"https:\/\/www.vortechglobal.com\/es\/monobloque-de-codificacion-sellado-y-llenado-de-bolsas\/","title":{"rendered":"Monobloque de codificaci\u00f3n, sellado y llenado de bolsas"},"content":{"rendered":"<p>Automatiza el proceso de formaci\u00f3n, llenado, sellado y codificaci\u00f3n de bolsas con pasta de tomate, garantizando un envasado preciso, un sellado a prueba de manipulaciones y un etiquetado claro para la trazabilidad y la informaci\u00f3n del producto.<\/p>\n<h2>Proceso al que pertenece:<\/h2>\n<ul>\n<li>El proceso de envasado, concretamente tras la esterilizaci\u00f3n y la mezcla, se utiliza para envasar el producto final de pasta de tomate en bolsas para su distribuci\u00f3n.<\/li>\n<\/ul>\n<h2>Equipos relacionados anteriores:<\/h2>\n<p><span style=\"color: #99cc00;\"><a style=\"color: #99cc00;\" href=\"https:\/\/www.vortechglobal.com\/stainless-steel-mixing-tank-sterilization-tank\/\"><strong>Tanque de mezcla de acero inoxidable<\/strong><\/a><\/span><\/p>\n<ul>\n<li>Mezcla la pasta de tomate para asegurar su uniformidad y simult\u00e1neamente la esteriliza para la seguridad alimentaria.<\/li>\n<li>Alimenta la pasta homogeneizada y est\u00e9ril directamente al sistema monobloque, manteniendo la temperatura y la consistencia para un llenado \u00f3ptimo.<\/li>\n<\/ul>\n<p><strong>Equipo de esterilizaci\u00f3n<\/strong><\/p>\n<ul>\n<li>Elimina los riesgos microbianos de la pasta de tomate antes del envasado.<\/li>\n<li>Garantiza que la pasta que ingresa a la m\u00e1quina monobloque cumpla con todos los requisitos de higiene y vida \u00fatil.<\/li>\n<\/ul>\n<h2>Equipo relacionado despu\u00e9s:<\/h2>\n<p><strong>Almacenamiento de producto terminado<\/strong><\/p>\n<ul>\n<li>Mantiene las bolsas selladas y etiquetadas en condiciones de almacenamiento adecuadas antes de embalarlas o enviarlas.<\/li>\n<li>Recibe las bolsas directamente de la l\u00ednea monobloque, garantizando la ausencia de contaminaci\u00f3n tras el envasado.<\/li>\n<\/ul>\n<p><strong>Sistema de control de calidad<\/strong><\/p>\n<ul>\n<li>Inspecciona bolsas selladas para verificar el nivel de llenado, la integridad del sello, la precisi\u00f3n del etiquetado y la verificaci\u00f3n del c\u00f3digo.<\/li>\n<li>Opera directamente despu\u00e9s de la m\u00e1quina monobloque para verificar la calidad y el cumplimiento del producto antes del lanzamiento final.<\/li>\n<\/ul>\n<h2>Par\u00e1metros del producto:<\/h2>\n<table>\n<tbody>\n<tr>\n<td>Tipo<\/td>\n<td>PF100<\/td>\n<td>PF200<\/td>\n<td>PF300<\/td>\n<\/tr>\n<tr>\n<td>Velocidad de embalaje<\/td>\n<td>30~50 bolsas\/min<\/td>\n<td>25~40 bolsas\/min<\/td>\n<td>20~30 bolsas\/min<\/td>\n<\/tr>\n<tr>\n<td>Capacidad de embalaje<\/td>\n<td>5~100 ml<\/td>\n<td>100~300 ml<\/td>\n<td>100|~1000ml<\/td>\n<\/tr>\n<tr>\n<td>Poder<\/td>\n<td>1,9 kW<\/td>\n<td>1,9 kW<\/td>\n<td>1,9 kW<\/td>\n<\/tr>\n<tr>\n<td>Consumo de aire<\/td>\n<td>0,8 MPa\/150 L\/min<\/td>\n<td>0,8 MPa 180 L\/min<\/td>\n<td>0,8 MPa 250 L\/min<\/td>\n<\/tr>\n<tr>\n<td>Longitud de la bolsa<\/td>\n<td>40~150 mm<\/td>\n<td>40~260 mm<\/td>\n<td>40~300 mm<\/td>\n<\/tr>\n<tr>\n<td>Anchura de la bolsa<\/td>\n<td>25~120 mm<\/td>\n<td>25~120 mm<\/td>\n<td>70~190 mm<\/td>\n<\/tr>\n<tr>\n<td>Dimensi\u00f3n<\/td>\n<td>0.8*1.0*1.8<\/td>\n<td>0.8*1.0*2.0<\/td>\n<td>1.0*1.8*2.1<\/td>\n<\/tr>\n<tr>\n<td>Peso<\/td>\n<td>300<\/td>\n<td>480<\/td>\n<td>500<\/td>\n<\/tr>\n<tr>\n<td>Tipo de sellado<\/td>\n<td>Sellado 3\/4 lados<\/td>\n<td>Sellado posterior<\/td>\n<td>Bolsa almohada, bolsa de pie, bolsa almohada con agujero, bolsa continua<\/td>\n<\/tr>\n<tr>\n<td>Pel\u00edcula de embalaje<\/td>\n<td colspan=\"3\">Papel\/PE, PP\/papel de aluminio (todo material de calentamiento)<\/td>\n<\/tr>\n<\/tbody>\n<\/table>\n","protected":false},"excerpt":{"rendered":"<ul>\n<li>Acero inoxidable SUS304 para la estructura principal.<\/li>\n<li>Integrar en una sola m\u00e1quina la formaci\u00f3n, el llenado y el cierre de sobres, y la impresi\u00f3n de c\u00f3digos.<\/li>\n<li>Velocidad: aprox. 30~45 piezas\/min para bolsa plana de 70 gramos.<\/li>\n<li>Potencia: 1,9KW.<\/li>\n<li>Dimensiones (largo x ancho x alto): 600 x 700 x 1200 mm.<\/li>\n<\/ul>\n","protected":false},"featured_media":2253,"comment_status":"open","ping_status":"closed","template":"","meta":{"site-sidebar-layout":"default","site-content-layout":"","ast-site-content-layout":"default","site-content-style":"default","site-sidebar-style":"default","ast-global-header-display":"","ast-banner-title-visibility":"","ast-main-header-display":"","ast-hfb-above-header-display":"","ast-hfb-below-header-display":"","ast-hfb-mobile-header-display":"","site-post-title":"","ast-breadcrumbs-content":"","ast-featured-img":"","footer-sml-layout":"","theme-transparent-header-meta":"default","adv-header-id-meta":"","stick-header-meta":"","header-above-stick-meta":"","header-main-stick-meta":"","header-below-stick-meta":"","astra-migrate-meta-layouts":"default","ast-page-background-enabled":"default","ast-page-background-meta":{"desktop":{"background-color":"var(--ast-global-color-5)","background-image":"","background-repeat":"repeat","background-position":"center center","background-size":"auto","background-attachment":"scroll","background-type":"","background-media":"","overlay-type":"","overlay-color":"","overlay-opacity":"","overlay-gradient":""},"tablet":{"background-color":"","background-image":"","background-repeat":"repeat","background-position":"center center","background-size":"auto","background-attachment":"scroll","background-type":"","background-media":"","overlay-type":"","overlay-color":"","overlay-opacity":"","overlay-gradient":""},"mobile":{"background-color":"","background-image":"","background-repeat":"repeat","background-position":"center center","background-size":"auto","background-attachment":"scroll","background-type":"","background-media":"","overlay-type":"","overlay-color":"","overlay-opacity":"","overlay-gradient":""}},"ast-content-background-meta":{"desktop":{"background-color":"var(--ast-global-color-4)","background-image":"","background-repeat":"repeat","background-position":"center center","background-size":"auto","background-attachment":"scroll","background-type":"","background-media":"","overlay-type":"","overlay-color":"","overlay-opacity":"","overlay-gradient":""},"tablet":{"background-color":"var(--ast-global-color-4)","background-image":"","background-repeat":"repeat","background-position":"center center","background-size":"auto","background-attachment":"scroll","background-type":"","background-media":"","overlay-type":"","overlay-color":"","overlay-opacity":"","overlay-gradient":""},"mobile":{"background-color":"var(--ast-global-color-4)","background-image":"","background-repeat":"repeat","background-position":"center center","background-size":"auto","background-attachment":"scroll","background-type":"","background-media":"","overlay-type":"","overlay-color":"","overlay-opacity":"","overlay-gradient":""}}},"product_brand":[],"product_cat":[53,54],"product_tag":[],"class_list":{"0":"post-3311","1":"product","2":"type-product","3":"status-publish","4":"has-post-thumbnail","6":"product_cat-maquina-procesadora-de-tomates","7":"product_cat-seccion-de-llenado-y-envasado-aguas-abajo","8":"desktop-align-left","9":"tablet-align-left","10":"mobile-align-left","12":"first","13":"instock","14":"shipping-taxable","15":"product-type-simple"},"_links":{"self":[{"href":"https:\/\/www.vortechglobal.com\/es\/wp-json\/wp\/v2\/product\/3311","targetHints":{"allow":["GET"]}}],"collection":[{"href":"https:\/\/www.vortechglobal.com\/es\/wp-json\/wp\/v2\/product"}],"about":[{"href":"https:\/\/www.vortechglobal.com\/es\/wp-json\/wp\/v2\/types\/product"}],"replies":[{"embeddable":true,"href":"https:\/\/www.vortechglobal.com\/es\/wp-json\/wp\/v2\/comments?post=3311"}],"wp:featuredmedia":[{"embeddable":true,"href":"https:\/\/www.vortechglobal.com\/es\/wp-json\/wp\/v2\/media\/2253"}],"wp:attachment":[{"href":"https:\/\/www.vortechglobal.com\/es\/wp-json\/wp\/v2\/media?parent=3311"}],"wp:term":[{"taxonomy":"product_brand","embeddable":true,"href":"https:\/\/www.vortechglobal.com\/es\/wp-json\/wp\/v2\/product_brand?post=3311"},{"taxonomy":"product_cat","embeddable":true,"href":"https:\/\/www.vortechglobal.com\/es\/wp-json\/wp\/v2\/product_cat?post=3311"},{"taxonomy":"product_tag","embeddable":true,"href":"https:\/\/www.vortechglobal.com\/es\/wp-json\/wp\/v2\/product_tag?post=3311"}],"curies":[{"name":"wp","href":"https:\/\/api.w.org\/{rel}","templated":true}]}}