{"id":3312,"date":"2025-04-14T14:19:37","date_gmt":"2025-04-14T06:19:37","guid":{"rendered":"https:\/\/www.vortechglobal.com\/tanque-de-mezcla-de-acero-inoxidable\/"},"modified":"2025-04-14T14:19:37","modified_gmt":"2025-04-14T06:19:37","slug":"tanque-de-mezcla-de-acero-inoxidable","status":"publish","type":"product","link":"https:\/\/www.vortechglobal.com\/es\/tanque-de-mezcla-de-acero-inoxidable\/","title":{"rendered":"Tanque de mezcla de acero inoxidable"},"content":{"rendered":"<p>Asegura una mezcla uniforme de ingredientes y esteriliza la pasta de tomate, eliminando microorganismos da\u00f1inos y garantizando que la pasta sea segura para el consumo manteniendo su sabor y calidad.<\/p>\n<h2>Proceso al que pertenece:<\/h2>\n<ul>\n<li>La etapa de posprocesamiento, espec\u00edficamente despu\u00e9s de la concentraci\u00f3n, mezcla la pasta de tomate de manera uniforme y garantiza que se someta a esterilizaci\u00f3n antes de envasarla.<\/li>\n<\/ul>\n<h2>Equipos relacionados anteriores:<\/h2>\n<p><span style=\"color: #99cc00;\"><a style=\"color: #99cc00;\" href=\"https:\/\/www.vortechglobal.com\/scrape-type-vacuum-evaporator\/\"><strong>Evaporador de vac\u00edo tipo raspador<\/strong><\/a><\/span><\/p>\n<ul>\n<li>Concentra la pasta de tomate eliminando el exceso de humedad al vac\u00edo, conservando el sabor, el color y los nutrientes.<\/li>\n<li>Suministra pasta de tomate concentrada directamente al tanque de mezcla para una mayor homogeneizaci\u00f3n y posible esterilizaci\u00f3n.<\/li>\n<\/ul>\n<p><span style=\"color: #99cc00;\"><a style=\"color: #99cc00;\" href=\"https:\/\/www.vortechglobal.com\/raw-tomato-paste-storage-tank\/\"><strong>Tanque de almacenamiento de pasta de tomate cruda<\/strong><\/a><\/span><\/p>\n<ul>\n<li>Retiene la pasta concentrada antes de pasar al proceso de mezcla.<\/li>\n<li>Alimenta la pasta al tanque de mezcla de acero inoxidable seg\u00fan demanda, lo que garantiza un suministro estable y evita retrasos en la producci\u00f3n.<\/li>\n<\/ul>\n<h2>Equipo relacionado despu\u00e9s:<\/h2>\n<p><span style=\"color: #99cc00;\"><a style=\"color: #99cc00;\" href=\"https:\/\/www.vortechglobal.com\/viscous-product-filling-machine\/\"><strong>M\u00e1quina llenadora de productos viscosos<\/strong><\/a><\/span><\/p>\n<ul>\n<li>Llena frascos, bolsas o recipientes con pasta de tomate esterilizada y mezclada uniformemente.<\/li>\n<li>Extrae el producto directamente del tanque (si se complet\u00f3 la esterilizaci\u00f3n) o de la unidad de post-esterilizaci\u00f3n para un llenado higi\u00e9nico y preciso.<\/li>\n<\/ul>\n<h2>Par\u00e1metros del producto:<\/h2>\n<table>\n<tbody>\n<tr>\n<td>Material<\/td>\n<td>SUS304<\/td>\n<\/tr>\n<tr>\n<td>Capacidad de trabajo<\/td>\n<td>50L a 20000L, a\u00fan m\u00e1s grande.<\/td>\n<\/tr>\n<tr>\n<td>Presi\u00f3n de operaci\u00f3n<\/td>\n<td>Atm\u00f3sfera<\/td>\n<\/tr>\n<tr>\n<td>Capa<\/td>\n<td>Sencilla \/ Doble (calefacci\u00f3n) \/ Tres capas (Aislamiento);<\/td>\n<\/tr>\n<tr>\n<td>Espesor<\/td>\n<td>2 mm &#8211; 12 mm<\/td>\n<\/tr>\n<tr>\n<td>Calefacci\u00f3n o refrigeraci\u00f3n<\/td>\n<td>\n<ol>\n<li>Calefacci\u00f3n el\u00e9ctrica<\/li>\n<li>Calefacci\u00f3n por vapor<\/li>\n<li>Se hace circular agua caliente o aceite.<\/li>\n<\/ol>\n<\/td>\n<\/tr>\n<tr>\n<td>Arriba<\/td>\n<td>C\u00fapula, parte superior c\u00f3nica o plana<\/td>\n<\/tr>\n<tr>\n<td>Abajo<\/td>\n<td>C\u00fapula, parte superior c\u00f3nica o plana<\/td>\n<\/tr>\n<tr>\n<td>Tipo de impulsor<\/td>\n<td>Mezclador homogeneizador de alto cizallamiento con paletas, h\u00e9lices, anclas y agitadores magn\u00e9ticos<\/td>\n<\/tr>\n<tr>\n<td>Velocidad de agitaci\u00f3n (rpm)<\/td>\n<td>0-300<\/td>\n<\/tr>\n<tr>\n<td>Pulido<\/td>\n<td>Pulido de espejo por dentro y por fuera.<\/td>\n<\/tr>\n<tr>\n<td>Componente<\/p>\n<p>(Opcional)<\/td>\n<td>\n<ol>\n<li>Agujero de hombre<\/li>\n<li>Bola rociadora<\/li>\n<li>Orejetas de elevaci\u00f3n en la parte superior (seleccionables)<\/li>\n<li>V\u00e1lvula de entrada o salida, todos los dem\u00e1s tipos de v\u00e1lvulas (seleccionables)<\/li>\n<li>Pies: pies ajustables (seleccionables)<\/li>\n<li>Escalera (seleccionable)<\/li>\n<li>Term\u00f3metro, Medidor de nivel de l\u00edquido (seleccionable)<\/li>\n<li>El man\u00f3metro (seleccionable)<\/li>\n<\/ol>\n<\/td>\n<\/tr>\n<\/tbody>\n<\/table>\n<p><img fetchpriority=\"high\" decoding=\"async\" class=\"aligncenter wp-image-2258 size-full\" src=\"https:\/\/www.vortechglobal.com\/wp-content\/uploads\/2025\/04\/Structure-of-Stainless-Steel-Mixing-Tank.jpg\" alt=\"Estructura del tanque mezclador de acero inoxidable\" width=\"800\" height=\"640\" srcset=\"https:\/\/www.vortechglobal.com\/wp-content\/uploads\/2025\/04\/Structure-of-Stainless-Steel-Mixing-Tank.jpg 800w, https:\/\/www.vortechglobal.com\/wp-content\/uploads\/2025\/04\/Structure-of-Stainless-Steel-Mixing-Tank-300x240.jpg 300w, https:\/\/www.vortechglobal.com\/wp-content\/uploads\/2025\/04\/Structure-of-Stainless-Steel-Mixing-Tank-768x614.jpg 768w, https:\/\/www.vortechglobal.com\/wp-content\/uploads\/2025\/04\/Structure-of-Stainless-Steel-Mixing-Tank-600x480.jpg 600w\" sizes=\"(max-width: 800px) 100vw, 800px\" \/><\/p>\n<p>&nbsp;<\/p>\n","protected":false},"excerpt":{"rendered":"<ul>\n<li>Volumen: 100 litros<\/li>\n<li>Estructura de acero inoxidable SUS304.<\/li>\n<li>Estructura de tres capas, modo de calentamiento por vapor o calentamiento el\u00e9ctrico, aislado y encamisado.<\/li>\n<li>Montado con agitador, bola de limpieza CIP y v\u00e1lvula de ventilaci\u00f3n.<\/li>\n<li>Un tanque de mezcla para mezclar con otros ingredientes para hacer salsas, as\u00ed como para esterilizar el producto en su interior mediante calentamiento con vapor.<\/li>\n<li>Dimensiones (largo x ancho x alto): 520 x 520 x 900 mm<\/li>\n<\/ul>\n","protected":false},"featured_media":2259,"comment_status":"open","ping_status":"closed","template":"","meta":{"site-sidebar-layout":"default","site-content-layout":"","ast-site-content-layout":"default","site-content-style":"default","site-sidebar-style":"default","ast-global-header-display":"","ast-banner-title-visibility":"","ast-main-header-display":"","ast-hfb-above-header-display":"","ast-hfb-below-header-display":"","ast-hfb-mobile-header-display":"","site-post-title":"","ast-breadcrumbs-content":"","ast-featured-img":"","footer-sml-layout":"","theme-transparent-header-meta":"default","adv-header-id-meta":"","stick-header-meta":"","header-above-stick-meta":"","header-main-stick-meta":"","header-below-stick-meta":"","astra-migrate-meta-layouts":"default","ast-page-background-enabled":"default","ast-page-background-meta":{"desktop":{"background-color":"var(--ast-global-color-5)","background-image":"","background-repeat":"repeat","background-position":"center center","background-size":"auto","background-attachment":"scroll","background-type":"","background-media":"","overlay-type":"","overlay-color":"","overlay-opacity":"","overlay-gradient":""},"tablet":{"background-color":"","background-image":"","background-repeat":"repeat","background-position":"center center","background-size":"auto","background-attachment":"scroll","background-type":"","background-media":"","overlay-type":"","overlay-color":"","overlay-opacity":"","overlay-gradient":""},"mobile":{"background-color":"","background-image":"","background-repeat":"repeat","background-position":"center center","background-size":"auto","background-attachment":"scroll","background-type":"","background-media":"","overlay-type":"","overlay-color":"","overlay-opacity":"","overlay-gradient":""}},"ast-content-background-meta":{"desktop":{"background-color":"var(--ast-global-color-4)","background-image":"","background-repeat":"repeat","background-position":"center center","background-size":"auto","background-attachment":"scroll","background-type":"","background-media":"","overlay-type":"","overlay-color":"","overlay-opacity":"","overlay-gradient":""},"tablet":{"background-color":"var(--ast-global-color-4)","background-image":"","background-repeat":"repeat","background-position":"center center","background-size":"auto","background-attachment":"scroll","background-type":"","background-media":"","overlay-type":"","overlay-color":"","overlay-opacity":"","overlay-gradient":""},"mobile":{"background-color":"var(--ast-global-color-4)","background-image":"","background-repeat":"repeat","background-position":"center center","background-size":"auto","background-attachment":"scroll","background-type":"","background-media":"","overlay-type":"","overlay-color":"","overlay-opacity":"","overlay-gradient":""}}},"product_brand":[],"product_cat":[53,55],"product_tag":[],"class_list":{"0":"post-3312","1":"product","2":"type-product","3":"status-publish","4":"has-post-thumbnail","6":"product_cat-maquina-procesadora-de-tomates","7":"product_cat-seccion-de-evaporacion-al-vacio","8":"desktop-align-left","9":"tablet-align-left","10":"mobile-align-left","12":"first","13":"instock","14":"shipping-taxable","15":"product-type-simple"},"_links":{"self":[{"href":"https:\/\/www.vortechglobal.com\/es\/wp-json\/wp\/v2\/product\/3312","targetHints":{"allow":["GET"]}}],"collection":[{"href":"https:\/\/www.vortechglobal.com\/es\/wp-json\/wp\/v2\/product"}],"about":[{"href":"https:\/\/www.vortechglobal.com\/es\/wp-json\/wp\/v2\/types\/product"}],"replies":[{"embeddable":true,"href":"https:\/\/www.vortechglobal.com\/es\/wp-json\/wp\/v2\/comments?post=3312"}],"wp:featuredmedia":[{"embeddable":true,"href":"https:\/\/www.vortechglobal.com\/es\/wp-json\/wp\/v2\/media\/2259"}],"wp:attachment":[{"href":"https:\/\/www.vortechglobal.com\/es\/wp-json\/wp\/v2\/media?parent=3312"}],"wp:term":[{"taxonomy":"product_brand","embeddable":true,"href":"https:\/\/www.vortechglobal.com\/es\/wp-json\/wp\/v2\/product_brand?post=3312"},{"taxonomy":"product_cat","embeddable":true,"href":"https:\/\/www.vortechglobal.com\/es\/wp-json\/wp\/v2\/product_cat?post=3312"},{"taxonomy":"product_tag","embeddable":true,"href":"https:\/\/www.vortechglobal.com\/es\/wp-json\/wp\/v2\/product_tag?post=3312"}],"curies":[{"name":"wp","href":"https:\/\/api.w.org\/{rel}","templated":true}]}}