{"id":3313,"date":"2025-04-14T11:46:27","date_gmt":"2025-04-14T03:46:27","guid":{"rendered":"https:\/\/www.vortechglobal.com\/evaporador-de-vacio-tipo-raspador\/"},"modified":"2025-04-14T11:46:27","modified_gmt":"2025-04-14T03:46:27","slug":"evaporador-de-vacio-tipo-raspador","status":"publish","type":"product","link":"https:\/\/www.vortechglobal.com\/es\/evaporador-de-vacio-tipo-raspador\/","title":{"rendered":"Evaporador de vac\u00edo tipo raspador"},"content":{"rendered":"<h2>Componente del producto:<\/h2>\n<p>El concentrador de jugo al vac\u00edo incluye un tanque de concentraci\u00f3n al vac\u00edo, un separador de vapor-l\u00edquido, un condensador, un receptor de l\u00edquido y un sistema de vac\u00edo. Los componentes en contacto con el l\u00edquido est\u00e1n hechos de acero inoxidable 304 de primera calidad, que cumple con los requisitos mec\u00e1nicos de las BPM. <\/p>\n<p><img fetchpriority=\"high\" decoding=\"async\" class=\"aligncenter wp-image-2256 size-full\" src=\"https:\/\/www.vortechglobal.com\/wp-content\/uploads\/2025\/04\/Parameters-of-Scrape-type-vacuum-evaporator.jpg\" alt=\"Par\u00e1metros del evaporador de vac\u00edo tipo raspado\" width=\"500\" height=\"560\" srcset=\"https:\/\/www.vortechglobal.com\/wp-content\/uploads\/2025\/04\/Parameters-of-Scrape-type-vacuum-evaporator.jpg 500w, https:\/\/www.vortechglobal.com\/wp-content\/uploads\/2025\/04\/Parameters-of-Scrape-type-vacuum-evaporator-268x300.jpg 268w\" sizes=\"(max-width: 500px) 100vw, 500px\" \/><\/p>\n<h2>Proceso al que pertenece:<\/h2>\n<ul>\n<li>Proceso de concentraci\u00f3n, espec\u00edficamente despu\u00e9s de que la pasta de tomate cruda ha sido refinada y est\u00e1 lista para ser concentrada hasta obtener una consistencia m\u00e1s espesa.<\/li>\n<\/ul>\n<h2>Equipos relacionados anteriores:<\/h2>\n<p><strong>Equipos de trituraci\u00f3n y extracci\u00f3n<\/strong><\/p>\n<ul>\n<li>Descompone tomates enteros en pulpa o jugo, separando la mayor parte del jugo de la materia s\u00f3lida.<\/li>\n<li>vAlimenta pulpa cruda directamente al sistema de refinaci\u00f3n, prepar\u00e1ndola para una mayor separaci\u00f3n s\u00f3lido-l\u00edquido.<\/li>\n<\/ul>\n<p><span style=\"color: #99cc00;\"><a style=\"color: #99cc00;\" href=\"https:\/\/www.vortechglobal.com\/tomato-tubular-preheater\/\"><strong>Precalentador tubular<\/strong><\/a><\/span><\/p>\n<ul>\n<li>Calienta suavemente la pulpa del tomate para mejorar la viscosidad y la eficiencia de separaci\u00f3n.<\/li>\n<li>La pulpa precalentada fluye hacia la m\u00e1quina peladora y refinadora, optimizando la eliminaci\u00f3n de pieles y semillas a trav\u00e9s del ablandamiento t\u00e9rmico.<\/li>\n<\/ul>\n<h2>Equipo relacionado despu\u00e9s:<\/h2>\n<ul>\n<li>Equipo de esterilizaci\u00f3n: para pasteurizar la pasta de tomate concentrada para garantizar que sea microbiol\u00f3gicamente segura.<\/li>\n<li>Sistema de envasado: para llenar la pasta de tomate concentrada y esterilizada en contenedores para su distribuci\u00f3n.<\/li>\n<\/ul>\n<h2>Par\u00e1metros del producto:<\/h2>\n<table>\n<tbody>\n<tr>\n<td>Modelo<\/td>\n<td>Tama\u00f1o del equipo (L)<\/td>\n<td>Tama\u00f1o del equipo (L)<\/td>\n<td>Presi\u00f3n de trabajo en la camisa (Mpa)<\/td>\n<td>Grado de vac\u00edo en el tanque (Mpa)<\/td>\n<td>Potencia de la bomba de vac\u00edo (KW)<\/td>\n<td>Peso del equipo (kg)<\/td>\n<td>Velocidad del agitador (RPM)<\/td>\n<\/tr>\n<tr>\n<td>VEC100<\/td>\n<td>150<\/td>\n<td>100<\/td>\n<td rowspan=\"7\">\u22640,1 MPa<\/td>\n<td rowspan=\"7\">-0,08 Mpa<\/td>\n<td>1.5<\/td>\n<td>320<\/td>\n<td rowspan=\"7\">(Seg\u00fan requerimientos del cliente)<\/td>\n<\/tr>\n<tr>\n<td>VEC200<\/td>\n<td>250<\/td>\n<td>200<\/td>\n<td>2.2<\/td>\n<td>460<\/td>\n<\/tr>\n<tr>\n<td>VEC500<\/td>\n<td>600<\/td>\n<td>500<\/td>\n<td>3<\/td>\n<td>680<\/td>\n<\/tr>\n<tr>\n<td>VEC1000<\/td>\n<td>1000<\/td>\n<td>1000<\/td>\n<td>4<\/td>\n<td>860<\/td>\n<\/tr>\n<tr>\n<td>VEC2000<\/td>\n<td>2000<\/td>\n<td>2000<\/td>\n<td>5.5<\/td>\n<td>1120<\/td>\n<\/tr>\n<tr>\n<td>VEC3000<\/td>\n<td>3000<\/td>\n<td>3000<\/td>\n<td>7.5<\/td>\n<td>1300<\/td>\n<\/tr>\n<tr>\n<td>VEC5000<\/td>\n<td>5000<\/td>\n<td>5000<\/td>\n<td>11<\/td>\n<td>1700<\/td>\n<\/tr>\n<tr>\n<td colspan=\"8\">Podemos personalizar el equipo seg\u00fan sus necesidades.<\/td>\n<\/tr>\n<\/tbody>\n<\/table>\n","protected":false},"excerpt":{"rendered":"<ul>\n<li>Volumen: 1000L-1500L Volumen.<\/li>\n<li>Acero inoxidable SUS304 para la estructura principal.<\/li>\n<li>Estructura especial especialmente para la concentraci\u00f3n de pasta\/pur\u00e9 de frutas (producto viscoso).<\/li>\n<li>Incorporamos tecnolog\u00edas italianas junto con nuestra innovaci\u00f3n propia.<\/li>\n<li>Entrada: Pulpa de tomate 4,5-5,5% Brix.<\/li>\n<li>Producci\u00f3n: Pasta de tomate 28-30%Brix (100% pura).<\/li>\n<li>Dimensiones: 2600*1400*3100mm.<\/li>\n<\/ul>\n","protected":false},"featured_media":2254,"comment_status":"open","ping_status":"closed","template":"","meta":{"site-sidebar-layout":"default","site-content-layout":"","ast-site-content-layout":"default","site-content-style":"default","site-sidebar-style":"default","ast-global-header-display":"","ast-banner-title-visibility":"","ast-main-header-display":"","ast-hfb-above-header-display":"","ast-hfb-below-header-display":"","ast-hfb-mobile-header-display":"","site-post-title":"","ast-breadcrumbs-content":"","ast-featured-img":"","footer-sml-layout":"","theme-transparent-header-meta":"default","adv-header-id-meta":"","stick-header-meta":"","header-above-stick-meta":"","header-main-stick-meta":"","header-below-stick-meta":"","astra-migrate-meta-layouts":"default","ast-page-background-enabled":"default","ast-page-background-meta":{"desktop":{"background-color":"var(--ast-global-color-5)","background-image":"","background-repeat":"repeat","background-position":"center center","background-size":"auto","background-attachment":"scroll","background-type":"","background-media":"","overlay-type":"","overlay-color":"","overlay-opacity":"","overlay-gradient":""},"tablet":{"background-color":"","background-image":"","background-repeat":"repeat","background-position":"center center","background-size":"auto","background-attachment":"scroll","background-type":"","background-media":"","overlay-type":"","overlay-color":"","overlay-opacity":"","overlay-gradient":""},"mobile":{"background-color":"","background-image":"","background-repeat":"repeat","background-position":"center center","background-size":"auto","background-attachment":"scroll","background-type":"","background-media":"","overlay-type":"","overlay-color":"","overlay-opacity":"","overlay-gradient":""}},"ast-content-background-meta":{"desktop":{"background-color":"var(--ast-global-color-4)","background-image":"","background-repeat":"repeat","background-position":"center center","background-size":"auto","background-attachment":"scroll","background-type":"","background-media":"","overlay-type":"","overlay-color":"","overlay-opacity":"","overlay-gradient":""},"tablet":{"background-color":"var(--ast-global-color-4)","background-image":"","background-repeat":"repeat","background-position":"center center","background-size":"auto","background-attachment":"scroll","background-type":"","background-media":"","overlay-type":"","overlay-color":"","overlay-opacity":"","overlay-gradient":""},"mobile":{"background-color":"var(--ast-global-color-4)","background-image":"","background-repeat":"repeat","background-position":"center center","background-size":"auto","background-attachment":"scroll","background-type":"","background-media":"","overlay-type":"","overlay-color":"","overlay-opacity":"","overlay-gradient":""}}},"product_brand":[],"product_cat":[53,55],"product_tag":[],"class_list":{"0":"post-3313","1":"product","2":"type-product","3":"status-publish","4":"has-post-thumbnail","6":"product_cat-maquina-procesadora-de-tomates","7":"product_cat-seccion-de-evaporacion-al-vacio","8":"desktop-align-left","9":"tablet-align-left","10":"mobile-align-left","12":"first","13":"instock","14":"shipping-taxable","15":"product-type-simple"},"_links":{"self":[{"href":"https:\/\/www.vortechglobal.com\/es\/wp-json\/wp\/v2\/product\/3313","targetHints":{"allow":["GET"]}}],"collection":[{"href":"https:\/\/www.vortechglobal.com\/es\/wp-json\/wp\/v2\/product"}],"about":[{"href":"https:\/\/www.vortechglobal.com\/es\/wp-json\/wp\/v2\/types\/product"}],"replies":[{"embeddable":true,"href":"https:\/\/www.vortechglobal.com\/es\/wp-json\/wp\/v2\/comments?post=3313"}],"wp:featuredmedia":[{"embeddable":true,"href":"https:\/\/www.vortechglobal.com\/es\/wp-json\/wp\/v2\/media\/2254"}],"wp:attachment":[{"href":"https:\/\/www.vortechglobal.com\/es\/wp-json\/wp\/v2\/media?parent=3313"}],"wp:term":[{"taxonomy":"product_brand","embeddable":true,"href":"https:\/\/www.vortechglobal.com\/es\/wp-json\/wp\/v2\/product_brand?post=3313"},{"taxonomy":"product_cat","embeddable":true,"href":"https:\/\/www.vortechglobal.com\/es\/wp-json\/wp\/v2\/product_cat?post=3313"},{"taxonomy":"product_tag","embeddable":true,"href":"https:\/\/www.vortechglobal.com\/es\/wp-json\/wp\/v2\/product_tag?post=3313"}],"curies":[{"name":"wp","href":"https:\/\/api.w.org\/{rel}","templated":true}]}}