{"id":3314,"date":"2025-04-14T09:59:59","date_gmt":"2025-04-14T01:59:59","guid":{"rendered":"https:\/\/www.vortechglobal.com\/tanque-de-almacenamiento-de-pasta-de-tomate-cruda\/"},"modified":"2025-04-14T09:59:59","modified_gmt":"2025-04-14T01:59:59","slug":"tanque-de-almacenamiento-de-pasta-de-tomate-cruda","status":"publish","type":"product","link":"https:\/\/www.vortechglobal.com\/es\/tanque-de-almacenamiento-de-pasta-de-tomate-cruda\/","title":{"rendered":"Tanque de almacenamiento de pasta de tomate cruda"},"content":{"rendered":"<p>Almacene la pasta de tomate reci\u00e9n procesada antes de procesarla o envasarla m\u00e1s, asegur\u00e1ndose de que se mantenga a una temperatura constante y evitando la contaminaci\u00f3n mientras mantiene la calidad del producto.<\/p>\n<h2>Proceso al que pertenece:<\/h2>\n<ul>\n<li>Etapa de posprocesamiento, espec\u00edficamente despu\u00e9s de que la pasta de tomate ha sido refinada y concentrada, para conservar la pasta hasta que est\u00e9 lista para su esterilizaci\u00f3n, envasado o refinamiento adicional.<\/li>\n<\/ul>\n<h2>Equipos relacionados anteriores:<\/h2>\n<p><span style=\"color: #99cc00;\"><a style=\"color: #99cc00;\" href=\"https:\/\/www.vortechglobal.com\/peeling-pulping-and-refining-machine\/\"><strong>M\u00e1quina de pelado, despulpado y refinado<\/strong><\/a><\/span><\/p>\n<ul>\n<li>Separa pieles, semillas y residuos s\u00f3lidos de la pulpa del tomate, produciendo un producto suave y refinado.<\/li>\n<li>Env\u00eda la pulpa clarificada al sistema de evaporaci\u00f3n para su concentraci\u00f3n antes del almacenamiento temporal.<\/li>\n<\/ul>\n<p><span style=\"color: #99cc00;\"><a style=\"color: #99cc00;\" href=\"https:\/\/www.vortechglobal.com\/scrape-type-vacuum-evaporator\/\"><strong>Evaporador de vac\u00edo tipo raspador<\/strong><\/a><\/span><\/p>\n<p>Concentra la pulpa de tomate refinada eliminando el exceso de agua para lograr el espesor de pasta deseado.<br \/>\nEntrega pasta de tomate caliente y concentrada al tanque de almacenamiento, donde se mantiene en condiciones controladas antes del siguiente paso.<\/p>\n<h2>Equipo relacionado despu\u00e9s:<\/h2>\n<p><strong>Equipo de esterilizaci\u00f3n<\/strong><\/p>\n<ul>\n<li>Aumenta la vida \u00fatil de la pasta de tomate y elimina los microbios peligrosos.<\/li>\n<li>Extrae la pasta almacenada para su pasteurizaci\u00f3n o esterilizaci\u00f3n antes del envasado final.<\/li>\n<\/ul>\n<p><span style=\"color: #99cc00;\"><a style=\"color: #99cc00;\" href=\"https:\/\/www.vortechglobal.com\/viscous-product-filling-machine\/\"><strong>M\u00e1quina llenadora de productos viscosos<\/strong><\/a><\/span><\/p>\n<ul>\n<li>Llena pasta de tomate esterilizada en frascos, bolsas u otros recipientes para su distribuci\u00f3n.<\/li>\n<li>Recibe la pasta directamente despu\u00e9s de la esterilizaci\u00f3n o a trav\u00e9s de un tamp\u00f3n de temperatura controlada para mantener la higiene y la consistencia durante el llenado.<\/li>\n<\/ul>\n","protected":false},"excerpt":{"rendered":"<ul>\n<li>Volumen de 200 litros.<\/li>\n<li>Estructura de acero inoxidable SUS304.<\/li>\n<li>Para almacenar la pulpa de tomate cruda proveniente de la despulpadora como almacenamiento intermedio.<\/li>\n<li>Dimensiones (largo x ancho x alto): \u03a6800 x 900 mm<\/li>\n<\/ul>\n","protected":false},"featured_media":2260,"comment_status":"open","ping_status":"closed","template":"","meta":{"site-sidebar-layout":"default","site-content-layout":"","ast-site-content-layout":"default","site-content-style":"default","site-sidebar-style":"default","ast-global-header-display":"","ast-banner-title-visibility":"","ast-main-header-display":"","ast-hfb-above-header-display":"","ast-hfb-below-header-display":"","ast-hfb-mobile-header-display":"","site-post-title":"","ast-breadcrumbs-content":"","ast-featured-img":"","footer-sml-layout":"","theme-transparent-header-meta":"default","adv-header-id-meta":"","stick-header-meta":"","header-above-stick-meta":"","header-main-stick-meta":"","header-below-stick-meta":"","astra-migrate-meta-layouts":"default","ast-page-background-enabled":"default","ast-page-background-meta":{"desktop":{"background-color":"var(--ast-global-color-5)","background-image":"","background-repeat":"repeat","background-position":"center center","background-size":"auto","background-attachment":"scroll","background-type":"","background-media":"","overlay-type":"","overlay-color":"","overlay-opacity":"","overlay-gradient":""},"tablet":{"background-color":"","background-image":"","background-repeat":"repeat","background-position":"center center","background-size":"auto","background-attachment":"scroll","background-type":"","background-media":"","overlay-type":"","overlay-color":"","overlay-opacity":"","overlay-gradient":""},"mobile":{"background-color":"","background-image":"","background-repeat":"repeat","background-position":"center center","background-size":"auto","background-attachment":"scroll","background-type":"","background-media":"","overlay-type":"","overlay-color":"","overlay-opacity":"","overlay-gradient":""}},"ast-content-background-meta":{"desktop":{"background-color":"var(--ast-global-color-4)","background-image":"","background-repeat":"repeat","background-position":"center center","background-size":"auto","background-attachment":"scroll","background-type":"","background-media":"","overlay-type":"","overlay-color":"","overlay-opacity":"","overlay-gradient":""},"tablet":{"background-color":"var(--ast-global-color-4)","background-image":"","background-repeat":"repeat","background-position":"center center","background-size":"auto","background-attachment":"scroll","background-type":"","background-media":"","overlay-type":"","overlay-color":"","overlay-opacity":"","overlay-gradient":""},"mobile":{"background-color":"var(--ast-global-color-4)","background-image":"","background-repeat":"repeat","background-position":"center center","background-size":"auto","background-attachment":"scroll","background-type":"","background-media":"","overlay-type":"","overlay-color":"","overlay-opacity":"","overlay-gradient":""}}},"product_brand":[],"product_cat":[53,56],"product_tag":[],"class_list":{"0":"post-3314","1":"product","2":"type-product","3":"status-publish","4":"has-post-thumbnail","6":"product_cat-maquina-procesadora-de-tomates","7":"product_cat-seccion-de-extraccion-y-refinacion-de-pasta-de-tomate","8":"desktop-align-left","9":"tablet-align-left","10":"mobile-align-left","12":"first","13":"instock","14":"shipping-taxable","15":"product-type-simple"},"_links":{"self":[{"href":"https:\/\/www.vortechglobal.com\/es\/wp-json\/wp\/v2\/product\/3314","targetHints":{"allow":["GET"]}}],"collection":[{"href":"https:\/\/www.vortechglobal.com\/es\/wp-json\/wp\/v2\/product"}],"about":[{"href":"https:\/\/www.vortechglobal.com\/es\/wp-json\/wp\/v2\/types\/product"}],"replies":[{"embeddable":true,"href":"https:\/\/www.vortechglobal.com\/es\/wp-json\/wp\/v2\/comments?post=3314"}],"wp:featuredmedia":[{"embeddable":true,"href":"https:\/\/www.vortechglobal.com\/es\/wp-json\/wp\/v2\/media\/2260"}],"wp:attachment":[{"href":"https:\/\/www.vortechglobal.com\/es\/wp-json\/wp\/v2\/media?parent=3314"}],"wp:term":[{"taxonomy":"product_brand","embeddable":true,"href":"https:\/\/www.vortechglobal.com\/es\/wp-json\/wp\/v2\/product_brand?post=3314"},{"taxonomy":"product_cat","embeddable":true,"href":"https:\/\/www.vortechglobal.com\/es\/wp-json\/wp\/v2\/product_cat?post=3314"},{"taxonomy":"product_tag","embeddable":true,"href":"https:\/\/www.vortechglobal.com\/es\/wp-json\/wp\/v2\/product_tag?post=3314"}],"curies":[{"name":"wp","href":"https:\/\/api.w.org\/{rel}","templated":true}]}}