{"id":3319,"date":"2025-04-10T17:09:41","date_gmt":"2025-04-10T09:09:41","guid":{"rendered":"https:\/\/www.vortechglobal.com\/tolva-receptora-de-fruta\/"},"modified":"2025-04-10T17:09:41","modified_gmt":"2025-04-10T09:09:41","slug":"tolva-receptora-de-fruta","status":"publish","type":"product","link":"https:\/\/www.vortechglobal.com\/es\/tolva-receptora-de-fruta\/","title":{"rendered":"Tolva receptora de fruta"},"content":{"rendered":"<h2>Principio de trabajo:<\/h2>\n<p>La tolva receptora de fruta es el punto inicial de recolecci\u00f3n y almacenamiento de tomates frescos antes de su extracci\u00f3n y refinamiento. Est\u00e1 estrat\u00e9gicamente posicionado para recibir tomates a granel entregados por sistemas transportadores o de canales y alimentarlos continuamente al siguiente proceso.<\/p>\n<h2>Funci\u00f3n clave:<\/h2>\n<p><strong>Almacenamiento en b\u00fafer y acondicionamiento del alimento<\/strong><\/p>\n<p>Sirve como almacenamiento temporal para regular el flujo de tomates hacia el sistema de lavado y clasificaci\u00f3n, garantizando un rendimiento constante.<\/p>\n<p><strong>Separaci\u00f3n de escombros (opcional)<\/strong><\/p>\n<p>Algunas tolvas incluyen pantallas o sistemas de flujo de agua para separar la tierra, las hojas o las piedras antes del procesamiento posterior.<\/p>\n<p><strong>Integraci\u00f3n con transportadores o bombas<\/strong><\/p>\n<p>Generalmente se conecta a un transportador de tornillo o a un sistema de bomba para transportar los tomates a la unidad de descorazonado y despulpado.<\/p>\n<p><strong>Material<\/strong><\/p>\n<p>Generalmente est\u00e1 hecho de acero inoxidable 304, que cumple con los est\u00e1ndares de grado alimenticio y resiste la corrosi\u00f3n de los \u00e1cidos del tomate.<\/p>\n<h2>Rol en el flujo de trabajo de extracci\u00f3n y refinaci\u00f3n:<\/h2>\n<ul>\n<li>Despu\u00e9s de recibir los tomates en la tolva, se transportan a la <span style=\"color: #99cc00;\"><a style=\"color: #99cc00;\" href=\"https:\/\/www.vortechglobal.com\/crushing-transferring-pump-with-thruster\/\">bomba de trituraci\u00f3n y transferencia con un propulsor<\/a><\/span>donde los tomates tambi\u00e9n se transfieren al <span style=\"color: #99cc00;\"><a style=\"color: #99cc00;\" href=\"https:\/\/www.vortechglobal.com\/tomato-tubular-preheater\/\">precalentador tubular.<\/a><\/span><\/li>\n<li>A partir de all\u00ed, la pulpa refinada pasa a etapas de evaporaci\u00f3n y concentraci\u00f3n para formar la pasta de tomate final.<\/li>\n<\/ul>\n<h2>Par\u00e1metros del producto:<\/h2>\n<table>\n<tbody>\n<tr>\n<td>Escala de producci\u00f3n<\/td>\n<td>Capacidad de la tolva<\/td>\n<\/tr>\n<tr>\n<td>Planta de peque\u00f1a escala<\/td>\n<td>1 \u2013 5 toneladas por hora<\/td>\n<\/tr>\n<tr>\n<td>Planta de mediana escala<\/td>\n<td>5\u2013 20 toneladas por hora<\/td>\n<\/tr>\n<tr>\n<td>Planta a gran escala<\/td>\n<td>20 \u2013 100+ toneladas por hora<\/td>\n<\/tr>\n<\/tbody>\n<\/table>\n","protected":false},"excerpt":{"rendered":"<ul>\n<li>Estructura de acero inoxidable SUS304.<\/li>\n<li>Capacidad de volumen: generalmente var\u00eda entre 0,2 m\u00b3 y 2 m\u00b3.<\/li>\n<li>Para recibir los frutos de tomate desde el monobloque de lavado, selecci\u00f3n y elevaci\u00f3n de frutas.<\/li>\n<\/ul>\n","protected":false},"featured_media":2266,"comment_status":"open","ping_status":"closed","template":"","meta":{"site-sidebar-layout":"default","site-content-layout":"","ast-site-content-layout":"default","site-content-style":"default","site-sidebar-style":"default","ast-global-header-display":"","ast-banner-title-visibility":"","ast-main-header-display":"","ast-hfb-above-header-display":"","ast-hfb-below-header-display":"","ast-hfb-mobile-header-display":"","site-post-title":"","ast-breadcrumbs-content":"","ast-featured-img":"","footer-sml-layout":"","theme-transparent-header-meta":"default","adv-header-id-meta":"","stick-header-meta":"","header-above-stick-meta":"","header-main-stick-meta":"","header-below-stick-meta":"","astra-migrate-meta-layouts":"default","ast-page-background-enabled":"default","ast-page-background-meta":{"desktop":{"background-color":"var(--ast-global-color-5)","background-image":"","background-repeat":"repeat","background-position":"center center","background-size":"auto","background-attachment":"scroll","background-type":"","background-media":"","overlay-type":"","overlay-color":"","overlay-opacity":"","overlay-gradient":""},"tablet":{"background-color":"","background-image":"","background-repeat":"repeat","background-position":"center center","background-size":"auto","background-attachment":"scroll","background-type":"","background-media":"","overlay-type":"","overlay-color":"","overlay-opacity":"","overlay-gradient":""},"mobile":{"background-color":"","background-image":"","background-repeat":"repeat","background-position":"center center","background-size":"auto","background-attachment":"scroll","background-type":"","background-media":"","overlay-type":"","overlay-color":"","overlay-opacity":"","overlay-gradient":""}},"ast-content-background-meta":{"desktop":{"background-color":"var(--ast-global-color-4)","background-image":"","background-repeat":"repeat","background-position":"center center","background-size":"auto","background-attachment":"scroll","background-type":"","background-media":"","overlay-type":"","overlay-color":"","overlay-opacity":"","overlay-gradient":""},"tablet":{"background-color":"var(--ast-global-color-4)","background-image":"","background-repeat":"repeat","background-position":"center center","background-size":"auto","background-attachment":"scroll","background-type":"","background-media":"","overlay-type":"","overlay-color":"","overlay-opacity":"","overlay-gradient":""},"mobile":{"background-color":"var(--ast-global-color-4)","background-image":"","background-repeat":"repeat","background-position":"center center","background-size":"auto","background-attachment":"scroll","background-type":"","background-media":"","overlay-type":"","overlay-color":"","overlay-opacity":"","overlay-gradient":""}}},"product_brand":[],"product_cat":[53,56],"product_tag":[],"class_list":{"0":"post-3319","1":"product","2":"type-product","3":"status-publish","4":"has-post-thumbnail","6":"product_cat-maquina-procesadora-de-tomates","7":"product_cat-seccion-de-extraccion-y-refinacion-de-pasta-de-tomate","8":"desktop-align-left","9":"tablet-align-left","10":"mobile-align-left","12":"first","13":"instock","14":"shipping-taxable","15":"product-type-simple"},"_links":{"self":[{"href":"https:\/\/www.vortechglobal.com\/es\/wp-json\/wp\/v2\/product\/3319","targetHints":{"allow":["GET"]}}],"collection":[{"href":"https:\/\/www.vortechglobal.com\/es\/wp-json\/wp\/v2\/product"}],"about":[{"href":"https:\/\/www.vortechglobal.com\/es\/wp-json\/wp\/v2\/types\/product"}],"replies":[{"embeddable":true,"href":"https:\/\/www.vortechglobal.com\/es\/wp-json\/wp\/v2\/comments?post=3319"}],"wp:featuredmedia":[{"embeddable":true,"href":"https:\/\/www.vortechglobal.com\/es\/wp-json\/wp\/v2\/media\/2266"}],"wp:attachment":[{"href":"https:\/\/www.vortechglobal.com\/es\/wp-json\/wp\/v2\/media?parent=3319"}],"wp:term":[{"taxonomy":"product_brand","embeddable":true,"href":"https:\/\/www.vortechglobal.com\/es\/wp-json\/wp\/v2\/product_brand?post=3319"},{"taxonomy":"product_cat","embeddable":true,"href":"https:\/\/www.vortechglobal.com\/es\/wp-json\/wp\/v2\/product_cat?post=3319"},{"taxonomy":"product_tag","embeddable":true,"href":"https:\/\/www.vortechglobal.com\/es\/wp-json\/wp\/v2\/product_tag?post=3319"}],"curies":[{"name":"wp","href":"https:\/\/api.w.org\/{rel}","templated":true}]}}