{"id":3450,"date":"2025-04-10T11:56:58","date_gmt":"2025-04-10T03:56:58","guid":{"rendered":"https:\/\/www.vortechglobal.com\/presse-a-huile-a-double-vis\/"},"modified":"2025-04-10T11:56:58","modified_gmt":"2025-04-10T03:56:58","slug":"presse-a-huile-a-double-vis","status":"publish","type":"product","link":"https:\/\/www.vortechglobal.com\/fr\/presse-a-huile-a-double-vis-pour-fruits-de-palmier\/","title":{"rendered":"Presse \u00e0 huile \u00e0 double vis"},"content":{"rendered":"<h2>Composants cl\u00e9s :<\/h2>\n<ul>\n<li>Syst\u00e8me de contr\u00f4le hydraulique<\/li>\n<li>Port de d\u00e9charge<\/li>\n<li>Sortie de presse \u00e0 huile<\/li>\n<li>Chambre de presse \u00e0 huile<\/li>\n<li>Moteur de presse \u00e0 huile<\/li>\n<li>Port d&rsquo;alimentation<\/li>\n<li>arbre \u00e0 vis<\/li>\n<li>Cadre de presse \u00e0 huile<\/li>\n<\/ul>\n<h2>Avantage du produit :<\/h2>\n<p>La vis de la presse \u00e0 huile de palme intelligente d\u00e9velopp\u00e9e ind\u00e9pendamment par Vortech Global a une dur\u00e9e de vie de 9 mois (environ 2160 heures), soit plus de 1,5 fois plus longue que celle de la presse \u00e0 huile import\u00e9e.<\/p>\n<h2>Param\u00e8tre du produit :<\/h2>\n<table>\n<tbody>\n<tr>\n<td width=\"65\">Mod\u00e8le<\/td>\n<td>DS-1T<\/td>\n<td>DS-2T<\/td>\n<td>DS-5T<\/td>\n<td>DS-13T<\/td>\n<\/tr>\n<tr>\n<td width=\"65\">Capacit\u00e9 de manutention<\/td>\n<td>800-1000kg\/h<\/td>\n<td>2-3T\/H<\/td>\n<td>5T\/H<\/td>\n<td>13-15T\/H<\/td>\n<\/tr>\n<tr>\n<td width=\"65\">Puissance correspondante<\/td>\n<td>5,5-7,5 kW triphas\u00e9<\/td>\n<td>11-15 kW triphas\u00e9<\/td>\n<td>18,5 kW triphas\u00e9<\/td>\n<td>30 kW triphas\u00e9<\/td>\n<\/tr>\n<tr>\n<td width=\"65\">Station hydraulique<\/td>\n<td>\/<\/td>\n<td>4kw<\/td>\n<td>4kw<\/td>\n<td>4kw<\/td>\n<\/tr>\n<tr>\n<td width=\"65\">Squeezing Chamber Size<\/td>\n<td>200*900mm<\/td>\n<td>300*900mm<\/td>\n<td>400*1700mm<\/td>\n<td>550*1800mm<\/td>\n<\/tr>\n<tr>\n<td width=\"65\">Longueur de la spirale<\/td>\n<td>900mm<\/td>\n<td>900mm<\/td>\n<td>1300mm<\/td>\n<td>1500mm<\/td>\n<\/tr>\n<tr>\n<td width=\"65\">Vitesse de la vis<\/td>\n<td>35-40 tr\/min<\/td>\n<td>35-40 tr\/min<\/td>\n<td>15-20 tr\/min<\/td>\n<td>25-30 tr\/min<\/td>\n<\/tr>\n<tr>\n<td width=\"65\">Poids brut\/net<\/td>\n<td>800\/900 kg<\/td>\n<td>1200\/1300kg<\/td>\n<td>2100\/2200kg<\/td>\n<td>3800\/4000kg<\/td>\n<\/tr>\n<\/tbody>\n<\/table>\n<p><img fetchpriority=\"high\" decoding=\"async\" class=\"aligncenter wp-image-2270 size-full\" src=\"https:\/\/www.vortechglobal.com\/wp-content\/uploads\/2025\/04\/Palm-Fruit-Double-Screw-Oil-Press-1-2.jpg\" alt=\"Presse \u00e0 huile \u00e0 double vis pour fruits de palmier\" width=\"800\" height=\"800\" srcset=\"https:\/\/www.vortechglobal.com\/wp-content\/uploads\/2025\/04\/Palm-Fruit-Double-Screw-Oil-Press-1-2.jpg 800w, https:\/\/www.vortechglobal.com\/wp-content\/uploads\/2025\/04\/Palm-Fruit-Double-Screw-Oil-Press-1-2-300x300.jpg 300w, https:\/\/www.vortechglobal.com\/wp-content\/uploads\/2025\/04\/Palm-Fruit-Double-Screw-Oil-Press-1-2-150x150.jpg 150w, https:\/\/www.vortechglobal.com\/wp-content\/uploads\/2025\/04\/Palm-Fruit-Double-Screw-Oil-Press-1-2-768x768.jpg 768w, https:\/\/www.vortechglobal.com\/wp-content\/uploads\/2025\/04\/Palm-Fruit-Double-Screw-Oil-Press-1-2-600x600.jpg 600w, https:\/\/www.vortechglobal.com\/wp-content\/uploads\/2025\/04\/Palm-Fruit-Double-Screw-Oil-Press-1-2-100x100.jpg 100w\" sizes=\"(max-width: 800px) 100vw, 800px\" \/><\/p>\n","protected":false},"excerpt":{"rendered":"<ul>\n<li>Traite efficacement 800 kg \u00e0 15 T par heure gr\u00e2ce \u00e0 la technologie de compression \u00e0 double vis.<\/li>\n<li>\u00c9quip\u00e9 de puissants moteurs triphas\u00e9s et de stations hydrauliques en option pour des performances stables.\n<p>&nbsp;<\/p>\n<p>&nbsp;<\/li>\n<li>Les dimensions robustes des chambres et les longueurs de vis garantissent une extraction d&rsquo;huile uniforme sur toutes les capacit\u00e9s.<\/li>\n<\/ul>\n","protected":false},"featured_media":2268,"comment_status":"open","ping_status":"closed","template":"","meta":{"site-sidebar-layout":"default","site-content-layout":"","ast-site-content-layout":"default","site-content-style":"default","site-sidebar-style":"default","ast-global-header-display":"","ast-banner-title-visibility":"","ast-main-header-display":"","ast-hfb-above-header-display":"","ast-hfb-below-header-display":"","ast-hfb-mobile-header-display":"","site-post-title":"","ast-breadcrumbs-content":"","ast-featured-img":"","footer-sml-layout":"","theme-transparent-header-meta":"default","adv-header-id-meta":"","stick-header-meta":"","header-above-stick-meta":"","header-main-stick-meta":"","header-below-stick-meta":"","astra-migrate-meta-layouts":"default","ast-page-background-enabled":"default","ast-page-background-meta":{"desktop":{"background-color":"var(--ast-global-color-5)","background-image":"","background-repeat":"repeat","background-position":"center center","background-size":"auto","background-attachment":"scroll","background-type":"","background-media":"","overlay-type":"","overlay-color":"","overlay-opacity":"","overlay-gradient":""},"tablet":{"background-color":"","background-image":"","background-repeat":"repeat","background-position":"center center","background-size":"auto","background-attachment":"scroll","background-type":"","background-media":"","overlay-type":"","overlay-color":"","overlay-opacity":"","overlay-gradient":""},"mobile":{"background-color":"","background-image":"","background-repeat":"repeat","background-position":"center center","background-size":"auto","background-attachment":"scroll","background-type":"","background-media":"","overlay-type":"","overlay-color":"","overlay-opacity":"","overlay-gradient":""}},"ast-content-background-meta":{"desktop":{"background-color":"var(--ast-global-color-4)","background-image":"","background-repeat":"repeat","background-position":"center center","background-size":"auto","background-attachment":"scroll","background-type":"","background-media":"","overlay-type":"","overlay-color":"","overlay-opacity":"","overlay-gradient":""},"tablet":{"background-color":"var(--ast-global-color-4)","background-image":"","background-repeat":"repeat","background-position":"center center","background-size":"auto","background-attachment":"scroll","background-type":"","background-media":"","overlay-type":"","overlay-color":"","overlay-opacity":"","overlay-gradient":""},"mobile":{"background-color":"var(--ast-global-color-4)","background-image":"","background-repeat":"repeat","background-position":"center center","background-size":"auto","background-attachment":"scroll","background-type":"","background-media":"","overlay-type":"","overlay-color":"","overlay-opacity":"","overlay-gradient":""}}},"product_brand":[],"product_cat":[63],"product_tag":[],"class_list":{"0":"post-3450","1":"product","2":"type-product","3":"status-publish","4":"has-post-thumbnail","6":"product_cat-equipement-pour-lhuile-de-palme","7":"desktop-align-left","8":"tablet-align-left","9":"mobile-align-left","11":"first","12":"instock","13":"shipping-taxable","14":"product-type-simple"},"_links":{"self":[{"href":"https:\/\/www.vortechglobal.com\/fr\/wp-json\/wp\/v2\/product\/3450","targetHints":{"allow":["GET"]}}],"collection":[{"href":"https:\/\/www.vortechglobal.com\/fr\/wp-json\/wp\/v2\/product"}],"about":[{"href":"https:\/\/www.vortechglobal.com\/fr\/wp-json\/wp\/v2\/types\/product"}],"replies":[{"embeddable":true,"href":"https:\/\/www.vortechglobal.com\/fr\/wp-json\/wp\/v2\/comments?post=3450"}],"wp:featuredmedia":[{"embeddable":true,"href":"https:\/\/www.vortechglobal.com\/fr\/wp-json\/wp\/v2\/media\/2268"}],"wp:attachment":[{"href":"https:\/\/www.vortechglobal.com\/fr\/wp-json\/wp\/v2\/media?parent=3450"}],"wp:term":[{"taxonomy":"product_brand","embeddable":true,"href":"https:\/\/www.vortechglobal.com\/fr\/wp-json\/wp\/v2\/product_brand?post=3450"},{"taxonomy":"product_cat","embeddable":true,"href":"https:\/\/www.vortechglobal.com\/fr\/wp-json\/wp\/v2\/product_cat?post=3450"},{"taxonomy":"product_tag","embeddable":true,"href":"https:\/\/www.vortechglobal.com\/fr\/wp-json\/wp\/v2\/product_tag?post=3450"}],"curies":[{"name":"wp","href":"https:\/\/api.w.org\/{rel}","templated":true}]}}