{"id":3455,"date":"2025-04-09T14:26:51","date_gmt":"2025-04-09T06:26:51","guid":{"rendered":"https:\/\/www.vortechglobal.com\/digesteur\/"},"modified":"2025-04-09T14:26:51","modified_gmt":"2025-04-09T06:26:51","slug":"digesteur","status":"publish","type":"product","link":"https:\/\/www.vortechglobal.com\/fr\/digesteur\/","title":{"rendered":"Digesteur"},"content":{"rendered":"<h2>Pr\u00e9sentation du produit :<\/h2>\n<p>Un appareil appel\u00e9 digesteur de fruits de palmier utilise un bras d&rsquo;agitation pour briser les fruits de palmier.<\/p>\n<p>Les bras agitateurs, \u00e9galement appel\u00e9s couteaux de digestion, sont utilis\u00e9s dans les digesteurs de fruits de palmier. Ils agitent un r\u00e9cipient cylindrique vertical \u00e0 une vitesse d&rsquo;environ 25 \u00e0 26 tr\/min. <\/p>\n<p>Afin de ramollir la pulpe (pulpe de palme) et de faciliter la s\u00e9paration de l&rsquo;huile de palme de la pulpe dans la presse \u00e0 huile de palme en spirale, de la vapeur est pomp\u00e9e dans le r\u00e9cipient \u00e0 temp\u00e9rature de 90 \u00e0 95 degr\u00e9s Celsius tout au long de cette op\u00e9ration d&rsquo;agitation.<\/p>\n<h2>Quels types sont disponibles ?<\/h2>\n<p>Les digesteurs d&rsquo;huile de palme horizontaux et verticaux sont les deux types de digesteurs disponibles. Nous recommandons vivement l&rsquo;utilisation d&rsquo;un digesteur vertical pour optimiser la production d&rsquo;huile de palme de qualit\u00e9 sup\u00e9rieure tout en minimisant l&rsquo;\u00e2pret\u00e9 associ\u00e9e aux techniques de cuisson conventionnelles. <\/p>\n<h2>Param\u00e8tre du produit :<\/h2>\n<table>\n<tbody>\n<tr>\n<td>Mod\u00e8le<\/td>\n<td>Capacit\u00e9 de traitement (t\/j)<\/td>\n<td>Diam\u00e8tre du canon<\/td>\n<td>Pouvoir<\/td>\n<td>Longueur<\/td>\n<td>Poids<\/td>\n<\/tr>\n<tr>\n<td>TGJ3000<\/td>\n<td>3000L<\/td>\n<td>1350<\/td>\n<td>37<\/td>\n<td>2,5 millions<\/td>\n<td>3500<\/td>\n<\/tr>\n<\/tbody>\n<\/table>\n","protected":false},"excerpt":{"rendered":"<ul>\n<li>Simple \u00e0 utiliser et \u00e0 entretenir.<\/li>\n<li>Les dommages caus\u00e9s \u00e0 la structure du fruit du palmier conduisent \u00e0 l\u2019extraction de l\u2019huile de palme \u00e0 l\u2019aide de presses \u00e0 huile de palme \u00e0 vis.<\/li>\n<li>R\u00e9gulation automatique, production d&rsquo;huile \u00e9lev\u00e9e.<\/li>\n<li>Peut r\u00e9duire avec succ\u00e8s la teneur en huile du tourteau de palme et des fibres.<\/li>\n<li>Capable de r\u00e9duire les dommages caus\u00e9s \u00e0 la presse \u00e0 huile de palme \u00e0 vis.<\/li>\n<\/ul>\n","protected":false},"featured_media":2271,"comment_status":"open","ping_status":"closed","template":"","meta":{"site-sidebar-layout":"default","site-content-layout":"","ast-site-content-layout":"default","site-content-style":"default","site-sidebar-style":"default","ast-global-header-display":"","ast-banner-title-visibility":"","ast-main-header-display":"","ast-hfb-above-header-display":"","ast-hfb-below-header-display":"","ast-hfb-mobile-header-display":"","site-post-title":"","ast-breadcrumbs-content":"","ast-featured-img":"","footer-sml-layout":"","theme-transparent-header-meta":"default","adv-header-id-meta":"","stick-header-meta":"","header-above-stick-meta":"","header-main-stick-meta":"","header-below-stick-meta":"","astra-migrate-meta-layouts":"default","ast-page-background-enabled":"default","ast-page-background-meta":{"desktop":{"background-color":"var(--ast-global-color-5)","background-image":"","background-repeat":"repeat","background-position":"center center","background-size":"auto","background-attachment":"scroll","background-type":"","background-media":"","overlay-type":"","overlay-color":"","overlay-opacity":"","overlay-gradient":""},"tablet":{"background-color":"","background-image":"","background-repeat":"repeat","background-position":"center center","background-size":"auto","background-attachment":"scroll","background-type":"","background-media":"","overlay-type":"","overlay-color":"","overlay-opacity":"","overlay-gradient":""},"mobile":{"background-color":"","background-image":"","background-repeat":"repeat","background-position":"center center","background-size":"auto","background-attachment":"scroll","background-type":"","background-media":"","overlay-type":"","overlay-color":"","overlay-opacity":"","overlay-gradient":""}},"ast-content-background-meta":{"desktop":{"background-color":"var(--ast-global-color-4)","background-image":"","background-repeat":"repeat","background-position":"center center","background-size":"auto","background-attachment":"scroll","background-type":"","background-media":"","overlay-type":"","overlay-color":"","overlay-opacity":"","overlay-gradient":""},"tablet":{"background-color":"var(--ast-global-color-4)","background-image":"","background-repeat":"repeat","background-position":"center center","background-size":"auto","background-attachment":"scroll","background-type":"","background-media":"","overlay-type":"","overlay-color":"","overlay-opacity":"","overlay-gradient":""},"mobile":{"background-color":"var(--ast-global-color-4)","background-image":"","background-repeat":"repeat","background-position":"center center","background-size":"auto","background-attachment":"scroll","background-type":"","background-media":"","overlay-type":"","overlay-color":"","overlay-opacity":"","overlay-gradient":""}}},"product_brand":[],"product_cat":[63],"product_tag":[],"class_list":{"0":"post-3455","1":"product","2":"type-product","3":"status-publish","4":"has-post-thumbnail","6":"product_cat-equipement-pour-lhuile-de-palme","7":"desktop-align-left","8":"tablet-align-left","9":"mobile-align-left","11":"first","12":"instock","13":"shipping-taxable","14":"product-type-simple"},"_links":{"self":[{"href":"https:\/\/www.vortechglobal.com\/fr\/wp-json\/wp\/v2\/product\/3455","targetHints":{"allow":["GET"]}}],"collection":[{"href":"https:\/\/www.vortechglobal.com\/fr\/wp-json\/wp\/v2\/product"}],"about":[{"href":"https:\/\/www.vortechglobal.com\/fr\/wp-json\/wp\/v2\/types\/product"}],"replies":[{"embeddable":true,"href":"https:\/\/www.vortechglobal.com\/fr\/wp-json\/wp\/v2\/comments?post=3455"}],"wp:featuredmedia":[{"embeddable":true,"href":"https:\/\/www.vortechglobal.com\/fr\/wp-json\/wp\/v2\/media\/2271"}],"wp:attachment":[{"href":"https:\/\/www.vortechglobal.com\/fr\/wp-json\/wp\/v2\/media?parent=3455"}],"wp:term":[{"taxonomy":"product_brand","embeddable":true,"href":"https:\/\/www.vortechglobal.com\/fr\/wp-json\/wp\/v2\/product_brand?post=3455"},{"taxonomy":"product_cat","embeddable":true,"href":"https:\/\/www.vortechglobal.com\/fr\/wp-json\/wp\/v2\/product_cat?post=3455"},{"taxonomy":"product_tag","embeddable":true,"href":"https:\/\/www.vortechglobal.com\/fr\/wp-json\/wp\/v2\/product_tag?post=3455"}],"curies":[{"name":"wp","href":"https:\/\/api.w.org\/{rel}","templated":true}]}}