{"id":3457,"date":"2025-04-08T17:22:33","date_gmt":"2025-04-08T09:22:33","guid":{"rendered":"https:\/\/www.vortechglobal.com\/sterilisateur-vertical\/"},"modified":"2025-04-08T17:22:33","modified_gmt":"2025-04-08T09:22:33","slug":"sterilisateur-vertical","status":"publish","type":"product","link":"https:\/\/www.vortechglobal.com\/fr\/sterilisateur-vertical\/","title":{"rendered":"St\u00e9rilisateur vertical"},"content":{"rendered":"<h2>Composant du produit :<\/h2>\n<p>Le st\u00e9rilisateur vertical pour fruits de palme se compose d&rsquo;un corps principal, d&rsquo;une entr\u00e9e d&rsquo;alimentation, d&rsquo;une sortie de d\u00e9charge et d&rsquo;un bouchon d&rsquo;\u00e9tanch\u00e9it\u00e9. Notre version r\u00e9duite ne comprend que les cages \u00e0 fruits, le couvercle d&rsquo;\u00e9tanch\u00e9it\u00e9 et le corps principal. <\/p>\n<h2>Param\u00e8tre du produit :<\/h2>\n<table>\n<tbody>\n<tr>\n<td>Mod\u00e8le<\/td>\n<td>Diam\u00e8tre du r\u00e9servoir<\/td>\n<td>Diam\u00e8tre des portes d&rsquo;entr\u00e9e et de sortie<\/td>\n<td>Tuyau de vapeur<\/td>\n<td>Volume (m\u00b3)<\/td>\n<td>Capacit\u00e9 de traitement (t\/j)<\/td>\n<td>Longueur<\/td>\n<td>Poids<\/td>\n<\/tr>\n<tr>\n<td>SJG2400<\/td>\n<td>2400<\/td>\n<td>1200<\/td>\n<td>89<\/td>\n<td>20<\/td>\n<td>10-15<\/td>\n<td>5.5M<\/td>\n<td>18000<\/td>\n<\/tr>\n<tr>\n<td>SJG3200<\/td>\n<td>3200<\/td>\n<td>1200<\/td>\n<td>89<\/td>\n<td>47<\/td>\n<td>20-25<\/td>\n<td>7.5M<\/td>\n<td>25000<\/td>\n<\/tr>\n<\/tbody>\n<\/table>\n<p>&nbsp;<\/p>\n","protected":false},"excerpt":{"rendered":"<ul>\n<li>Diam\u00e8tre du tuyau de vapeur : 89 mm, facilitant un flux de vapeur ad\u00e9quat pour la st\u00e9rilisation.<\/li>\n<li>Diam\u00e8tre de la porte d&rsquo;entr\u00e9e\/sortie : 1200 mm, permettant un chargement et un d\u00e9chargement faciles des r\u00e9gimes de fruits de palmier.<\/li>\n<li>Les objectifs de conception sont des performances \u00e9lev\u00e9es, une long\u00e9vit\u00e9 et une efficacit\u00e9 en fonctionnement continu.<\/li>\n<li>Id\u00e9al pour une gamme de tailles de production, y compris les petites usines et les grandes entreprises.<\/li>\n<\/ul>\n","protected":false},"featured_media":2272,"comment_status":"open","ping_status":"closed","template":"","meta":{"site-sidebar-layout":"default","site-content-layout":"","ast-site-content-layout":"default","site-content-style":"default","site-sidebar-style":"default","ast-global-header-display":"","ast-banner-title-visibility":"","ast-main-header-display":"","ast-hfb-above-header-display":"","ast-hfb-below-header-display":"","ast-hfb-mobile-header-display":"","site-post-title":"","ast-breadcrumbs-content":"","ast-featured-img":"","footer-sml-layout":"","theme-transparent-header-meta":"default","adv-header-id-meta":"","stick-header-meta":"","header-above-stick-meta":"","header-main-stick-meta":"","header-below-stick-meta":"","astra-migrate-meta-layouts":"default","ast-page-background-enabled":"default","ast-page-background-meta":{"desktop":{"background-color":"var(--ast-global-color-5)","background-image":"","background-repeat":"repeat","background-position":"center center","background-size":"auto","background-attachment":"scroll","background-type":"","background-media":"","overlay-type":"","overlay-color":"","overlay-opacity":"","overlay-gradient":""},"tablet":{"background-color":"","background-image":"","background-repeat":"repeat","background-position":"center center","background-size":"auto","background-attachment":"scroll","background-type":"","background-media":"","overlay-type":"","overlay-color":"","overlay-opacity":"","overlay-gradient":""},"mobile":{"background-color":"","background-image":"","background-repeat":"repeat","background-position":"center center","background-size":"auto","background-attachment":"scroll","background-type":"","background-media":"","overlay-type":"","overlay-color":"","overlay-opacity":"","overlay-gradient":""}},"ast-content-background-meta":{"desktop":{"background-color":"var(--ast-global-color-4)","background-image":"","background-repeat":"repeat","background-position":"center center","background-size":"auto","background-attachment":"scroll","background-type":"","background-media":"","overlay-type":"","overlay-color":"","overlay-opacity":"","overlay-gradient":""},"tablet":{"background-color":"var(--ast-global-color-4)","background-image":"","background-repeat":"repeat","background-position":"center center","background-size":"auto","background-attachment":"scroll","background-type":"","background-media":"","overlay-type":"","overlay-color":"","overlay-opacity":"","overlay-gradient":""},"mobile":{"background-color":"var(--ast-global-color-4)","background-image":"","background-repeat":"repeat","background-position":"center center","background-size":"auto","background-attachment":"scroll","background-type":"","background-media":"","overlay-type":"","overlay-color":"","overlay-opacity":"","overlay-gradient":""}}},"product_brand":[],"product_cat":[63],"product_tag":[],"class_list":{"0":"post-3457","1":"product","2":"type-product","3":"status-publish","4":"has-post-thumbnail","6":"product_cat-equipement-pour-lhuile-de-palme","7":"desktop-align-left","8":"tablet-align-left","9":"mobile-align-left","11":"first","12":"instock","13":"shipping-taxable","14":"product-type-simple"},"_links":{"self":[{"href":"https:\/\/www.vortechglobal.com\/fr\/wp-json\/wp\/v2\/product\/3457","targetHints":{"allow":["GET"]}}],"collection":[{"href":"https:\/\/www.vortechglobal.com\/fr\/wp-json\/wp\/v2\/product"}],"about":[{"href":"https:\/\/www.vortechglobal.com\/fr\/wp-json\/wp\/v2\/types\/product"}],"replies":[{"embeddable":true,"href":"https:\/\/www.vortechglobal.com\/fr\/wp-json\/wp\/v2\/comments?post=3457"}],"wp:featuredmedia":[{"embeddable":true,"href":"https:\/\/www.vortechglobal.com\/fr\/wp-json\/wp\/v2\/media\/2272"}],"wp:attachment":[{"href":"https:\/\/www.vortechglobal.com\/fr\/wp-json\/wp\/v2\/media?parent=3457"}],"wp:term":[{"taxonomy":"product_brand","embeddable":true,"href":"https:\/\/www.vortechglobal.com\/fr\/wp-json\/wp\/v2\/product_brand?post=3457"},{"taxonomy":"product_cat","embeddable":true,"href":"https:\/\/www.vortechglobal.com\/fr\/wp-json\/wp\/v2\/product_cat?post=3457"},{"taxonomy":"product_tag","embeddable":true,"href":"https:\/\/www.vortechglobal.com\/fr\/wp-json\/wp\/v2\/product_tag?post=3457"}],"curies":[{"name":"wp","href":"https:\/\/api.w.org\/{rel}","templated":true}]}}