{"id":3462,"date":"2025-04-15T11:17:09","date_gmt":"2025-04-15T03:17:09","guid":{"rendered":"https:\/\/www.vortechglobal.com\/imprimante-a-jet-dencre-portable\/"},"modified":"2025-04-15T11:17:09","modified_gmt":"2025-04-15T03:17:09","slug":"imprimante-a-jet-dencre-portable","status":"publish","type":"product","link":"https:\/\/www.vortechglobal.com\/fr\/imprimante-a-jet-dencre-portable\/","title":{"rendered":"Imprimante \u00e0 jet d&rsquo;encre portable"},"content":{"rendered":"<h2>Informations sur le produit :<\/h2>\n<p>Imprimante \u00e0 jet d&rsquo;encre portable intelligente : l&rsquo;imprimante \u00e0 jet d&rsquo;encre portable fonctionne efficacement sur n&rsquo;importe quelle surface plane, prenant en charge 1 \u00e0 5 lignes d&rsquo;impression, des hauteurs d&rsquo;impression de 1 mm \u00e0 12,7 mm et l&rsquo;impression d&rsquo;images au format BMP.<\/p>\n<p>Machine de codage \u00e0 jet d&rsquo;encre : avec cette machine, vous pouvez facilement modifier des variables telles que la taille, le type, la longueur, la largeur, l&rsquo;espacement, l&rsquo;angle, etc., ainsi que les logos, le texte, les dates, les nombres, les codes QR, les codes-barres et les tableaux. (Vous pouvez \u00e9galement importer vos polices de texte pr\u00e9f\u00e9r\u00e9es.) <\/p>\n<p>\u00c9cran tactile LED de 4,3 pouces : Imprimante portable \u00e9quip\u00e9e d&rsquo;un \u00e9cran de 4,3 pouces. Cette machine prend en charge plusieurs langues et permet d&rsquo;importer de nouvelles polices via une cl\u00e9 USB. <\/p>\n<p>Cartouche d&rsquo;encre \u00e0 s\u00e9chage rapide de 42 ml : La cartouche d&rsquo;encre noire \u00e0 s\u00e9chage rapide de 42 ml fournie avec l&rsquo;imprimante mobile produit une impression tr\u00e8s nette et r\u00e9sistante \u00e0 l&rsquo;eau. Elle imprime de mani\u00e8re constante et fiable, et affiche des images nettes. <\/p>\n<p>Large gamme de mat\u00e9riaux : une imprimante portable peut imprimer sur divers mat\u00e9riaux tels que le bois, le carton, la pierre, les tuyaux, le plastique, le m\u00e9tal, le tissu en fibre, le verre, etc. (Remarque : une position droite et lisse produit le meilleur effet d&rsquo;impression. Vous pouvez utiliser l&rsquo;outil de plaque de positionnement inclus si elle est courb\u00e9e.  <\/p>\n","protected":false},"excerpt":{"rendered":"<ul>\n<li>Ne n\u00e9cessite pas d&rsquo;ordinateur ni d&rsquo;application, l\u00e9ger et pratique.<\/li>\n<li>Plus de dix surfaces d&rsquo;impression et huit contenus d&rsquo;impression sont autoris\u00e9s.<\/li>\n<li>Cartouche d&rsquo;encre \u00e0 s\u00e9chage rapide de 42 ml.<\/li>\n<li>Un service professionnel et un excellent support apr\u00e8s-vente \u00e9taient inclus.<\/li>\n<\/ul>\n","protected":false},"featured_media":2279,"comment_status":"open","ping_status":"closed","template":"","meta":{"site-sidebar-layout":"default","site-content-layout":"","ast-site-content-layout":"default","site-content-style":"default","site-sidebar-style":"default","ast-global-header-display":"","ast-banner-title-visibility":"","ast-main-header-display":"","ast-hfb-above-header-display":"","ast-hfb-below-header-display":"","ast-hfb-mobile-header-display":"","site-post-title":"","ast-breadcrumbs-content":"","ast-featured-img":"","footer-sml-layout":"","theme-transparent-header-meta":"default","adv-header-id-meta":"","stick-header-meta":"","header-above-stick-meta":"","header-main-stick-meta":"","header-below-stick-meta":"","astra-migrate-meta-layouts":"default","ast-page-background-enabled":"default","ast-page-background-meta":{"desktop":{"background-color":"var(--ast-global-color-5)","background-image":"","background-repeat":"repeat","background-position":"center center","background-size":"auto","background-attachment":"scroll","background-type":"","background-media":"","overlay-type":"","overlay-color":"","overlay-opacity":"","overlay-gradient":""},"tablet":{"background-color":"","background-image":"","background-repeat":"repeat","background-position":"center center","background-size":"auto","background-attachment":"scroll","background-type":"","background-media":"","overlay-type":"","overlay-color":"","overlay-opacity":"","overlay-gradient":""},"mobile":{"background-color":"","background-image":"","background-repeat":"repeat","background-position":"center center","background-size":"auto","background-attachment":"scroll","background-type":"","background-media":"","overlay-type":"","overlay-color":"","overlay-opacity":"","overlay-gradient":""}},"ast-content-background-meta":{"desktop":{"background-color":"var(--ast-global-color-4)","background-image":"","background-repeat":"repeat","background-position":"center center","background-size":"auto","background-attachment":"scroll","background-type":"","background-media":"","overlay-type":"","overlay-color":"","overlay-opacity":"","overlay-gradient":""},"tablet":{"background-color":"var(--ast-global-color-4)","background-image":"","background-repeat":"repeat","background-position":"center center","background-size":"auto","background-attachment":"scroll","background-type":"","background-media":"","overlay-type":"","overlay-color":"","overlay-opacity":"","overlay-gradient":""},"mobile":{"background-color":"var(--ast-global-color-4)","background-image":"","background-repeat":"repeat","background-position":"center center","background-size":"auto","background-attachment":"scroll","background-type":"","background-media":"","overlay-type":"","overlay-color":"","overlay-opacity":"","overlay-gradient":""}}},"product_brand":[],"product_cat":[64,65],"product_tag":[],"class_list":{"0":"post-3462","1":"product","2":"type-product","3":"status-publish","4":"has-post-thumbnail","6":"product_cat-machine-de-traitement-des-tomates","7":"product_cat-section-de-remplissage-et-de-conditionnement-en-aval","8":"desktop-align-left","9":"tablet-align-left","10":"mobile-align-left","12":"first","13":"instock","14":"shipping-taxable","15":"product-type-simple"},"_links":{"self":[{"href":"https:\/\/www.vortechglobal.com\/fr\/wp-json\/wp\/v2\/product\/3462","targetHints":{"allow":["GET"]}}],"collection":[{"href":"https:\/\/www.vortechglobal.com\/fr\/wp-json\/wp\/v2\/product"}],"about":[{"href":"https:\/\/www.vortechglobal.com\/fr\/wp-json\/wp\/v2\/types\/product"}],"replies":[{"embeddable":true,"href":"https:\/\/www.vortechglobal.com\/fr\/wp-json\/wp\/v2\/comments?post=3462"}],"wp:featuredmedia":[{"embeddable":true,"href":"https:\/\/www.vortechglobal.com\/fr\/wp-json\/wp\/v2\/media\/2279"}],"wp:attachment":[{"href":"https:\/\/www.vortechglobal.com\/fr\/wp-json\/wp\/v2\/media?parent=3462"}],"wp:term":[{"taxonomy":"product_brand","embeddable":true,"href":"https:\/\/www.vortechglobal.com\/fr\/wp-json\/wp\/v2\/product_brand?post=3462"},{"taxonomy":"product_cat","embeddable":true,"href":"https:\/\/www.vortechglobal.com\/fr\/wp-json\/wp\/v2\/product_cat?post=3462"},{"taxonomy":"product_tag","embeddable":true,"href":"https:\/\/www.vortechglobal.com\/fr\/wp-json\/wp\/v2\/product_tag?post=3462"}],"curies":[{"name":"wp","href":"https:\/\/api.w.org\/{rel}","templated":true}]}}