{"id":3464,"date":"2025-04-14T17:30:22","date_gmt":"2025-04-14T09:30:22","guid":{"rendered":"https:\/\/www.vortechglobal.com\/machine-de-capsulage-semi-automatique\/"},"modified":"2025-04-14T17:30:22","modified_gmt":"2025-04-14T09:30:22","slug":"machine-de-capsulage-semi-automatique","status":"publish","type":"product","link":"https:\/\/www.vortechglobal.com\/fr\/machine-de-capsulage-semi-automatique\/","title":{"rendered":"Machine de capsulage semi-automatique"},"content":{"rendered":"<p>Fixe les bouchons sur les contenants ou les pots de concentr\u00e9 de tomates, assurant une bonne \u00e9tanch\u00e9it\u00e9 pour maintenir la fra\u00eecheur, pr\u00e9venir la contamination et prolonger la dur\u00e9e de conservation, tout en offrant une solution de bouchage fiable et efficace.<\/p>\n<h2>Processus auquel il appartient :<\/h2>\n<ul>\n<li>Processus d&#8217;emballage, en particulier apr\u00e8s que la p\u00e2te de tomate a \u00e9t\u00e9 vers\u00e9e dans des conteneurs, pour les fermer solidement avant l&rsquo;\u00e9tiquetage final et le stockage.<\/li>\n<\/ul>\n<h2>\u00c9quipement connexe Avant :<\/h2>\n<p><strong>\u00c9quipement de st\u00e9rilisation<\/strong><\/p>\n<ul>\n<li>Assure que la p\u00e2te de tomate est exempte de micro-organismes nocifs avant l&#8217;emballage.<\/li>\n<li>Seule la p\u00e2te st\u00e9rilis\u00e9e passe \u00e0 la machine de remplissage, en maintenant l&rsquo;hygi\u00e8ne et la s\u00e9curit\u00e9 tout au long de la phase de conditionnement.<\/li>\n<\/ul>\n<p><span style=\"color: #99cc00;\"><a style=\"color: #99cc00;\" href=\"https:\/\/www.vortechglobal.com\/viscous-product-filling-machine\/\"><strong>Machine de remplissage de produits visqueux<\/strong><\/a><\/span><\/p>\n<ul>\n<li>Remplit pr\u00e9cis\u00e9ment des bocaux ou des r\u00e9cipients avec un volume d\u00e9fini de concentr\u00e9 de tomates.<\/li>\n<li>Livre les conteneurs remplis et non bouch\u00e9s directement \u00e0 la capsuleuse semi-automatique pour un scellage imm\u00e9diat, minimisant ainsi l&rsquo;exposition aux contaminants.<\/li>\n<\/ul>\n<h2>\u00c9quipement connexe apr\u00e8s :<\/h2>\n<p><span style=\"color: #99cc00;\"><a style=\"color: #99cc00;\" href=\"https:\/\/www.vortechglobal.com\/pouch-forming-filling-seaming-coding-monoblock-automatic-pouch-filling-and-sealing-machine\/\"><strong>Monobloc de formage, remplissage, sertissage et codage de sachets<\/strong><\/a><\/span><\/p>\n<ul>\n<li>Applique un scellage inviolable, un \u00e9tiquetage et imprime les informations sur le produit ou le lot.<\/li>\n<li>Re\u00e7oit les conteneurs solidement ferm\u00e9s et effectue le marquage d&rsquo;identit\u00e9 final n\u00e9cessaire \u00e0 la tra\u00e7abilit\u00e9 et \u00e0 la conformit\u00e9 r\u00e9glementaire.<\/li>\n<\/ul>\n<p><strong>Stockage des produits finis<\/strong><\/p>\n<ul>\n<li>Conserve les produits scell\u00e9s et \u00e9tiquet\u00e9s jusqu&rsquo;\u00e0 ce qu&rsquo;ils soient emball\u00e9s pour la distribution.<\/li>\n<li>Les pots bouch\u00e9s et cod\u00e9s sont transf\u00e9r\u00e9s ici pour le refroidissement, l&rsquo;inspection et l&rsquo;exp\u00e9dition \u00e9ventuelle.<\/li>\n<\/ul>\n<h2>Param\u00e8tre du produit :<\/h2>\n<table>\n<tbody>\n<tr>\n<td width=\"84\">Mod\u00e8le<\/td>\n<td width=\"100\">SCM-70<\/td>\n<\/tr>\n<tr>\n<td width=\"84\">Pression atmosph\u00e9rique<\/td>\n<td width=\"100\">&gt;0,5 MPa<\/td>\n<\/tr>\n<tr>\n<td width=\"84\">Vitesse de capsulage<\/td>\n<td width=\"100\">0 \u00e0 20 tasses\/mini<\/td>\n<\/tr>\n<tr>\n<td width=\"84\">Diam\u00e8tre du capuchon<\/td>\n<td width=\"100\">Max 70 mm<\/td>\n<\/tr>\n<tr>\n<td width=\"84\">Hauteur de la bouteille<\/td>\n<td width=\"100\">Max 20 cm<\/td>\n<\/tr>\n<tr>\n<td width=\"84\">Mode de travail<\/td>\n<td width=\"100\">P\u00e9dale<\/td>\n<\/tr>\n<tr>\n<td width=\"84\">Poids net<\/td>\n<td width=\"100\">12 kg<\/td>\n<\/tr>\n<tr>\n<td width=\"84\">Dimensions<\/td>\n<td width=\"100\">29*25*38cm<\/td>\n<\/tr>\n<\/tbody>\n<\/table>\n<p><img fetchpriority=\"high\" decoding=\"async\" class=\"aligncenter wp-image-2251 size-full\" src=\"https:\/\/www.vortechglobal.com\/wp-content\/uploads\/2025\/04\/Semi-auto-Capping-Machine-Parameter-1.jpg\" alt=\"Param\u00e8tres de la capsuleuse semi-automatique\" width=\"800\" height=\"670\" srcset=\"https:\/\/www.vortechglobal.com\/wp-content\/uploads\/2025\/04\/Semi-auto-Capping-Machine-Parameter-1.jpg 800w, https:\/\/www.vortechglobal.com\/wp-content\/uploads\/2025\/04\/Semi-auto-Capping-Machine-Parameter-1-300x251.jpg 300w, https:\/\/www.vortechglobal.com\/wp-content\/uploads\/2025\/04\/Semi-auto-Capping-Machine-Parameter-1-768x643.jpg 768w, https:\/\/www.vortechglobal.com\/wp-content\/uploads\/2025\/04\/Semi-auto-Capping-Machine-Parameter-1-600x503.jpg 600w\" sizes=\"(max-width: 800px) 100vw, 800px\" \/><\/p>\n","protected":false},"excerpt":{"rendered":"<ul>\n<li>Refermer les tasses apr\u00e8s les avoir remplies.<\/li>\n<li>Vitesse : environ 0 \u00e0 20 tasses\/mini.<\/li>\n<li>Dimensions : 29*25*38cm.<\/li>\n<\/ul>\n","protected":false},"featured_media":2280,"comment_status":"open","ping_status":"closed","template":"","meta":{"site-sidebar-layout":"default","site-content-layout":"","ast-site-content-layout":"default","site-content-style":"default","site-sidebar-style":"default","ast-global-header-display":"","ast-banner-title-visibility":"","ast-main-header-display":"","ast-hfb-above-header-display":"","ast-hfb-below-header-display":"","ast-hfb-mobile-header-display":"","site-post-title":"","ast-breadcrumbs-content":"","ast-featured-img":"","footer-sml-layout":"","theme-transparent-header-meta":"default","adv-header-id-meta":"","stick-header-meta":"","header-above-stick-meta":"","header-main-stick-meta":"","header-below-stick-meta":"","astra-migrate-meta-layouts":"default","ast-page-background-enabled":"default","ast-page-background-meta":{"desktop":{"background-color":"var(--ast-global-color-5)","background-image":"","background-repeat":"repeat","background-position":"center center","background-size":"auto","background-attachment":"scroll","background-type":"","background-media":"","overlay-type":"","overlay-color":"","overlay-opacity":"","overlay-gradient":""},"tablet":{"background-color":"","background-image":"","background-repeat":"repeat","background-position":"center center","background-size":"auto","background-attachment":"scroll","background-type":"","background-media":"","overlay-type":"","overlay-color":"","overlay-opacity":"","overlay-gradient":""},"mobile":{"background-color":"","background-image":"","background-repeat":"repeat","background-position":"center center","background-size":"auto","background-attachment":"scroll","background-type":"","background-media":"","overlay-type":"","overlay-color":"","overlay-opacity":"","overlay-gradient":""}},"ast-content-background-meta":{"desktop":{"background-color":"var(--ast-global-color-4)","background-image":"","background-repeat":"repeat","background-position":"center center","background-size":"auto","background-attachment":"scroll","background-type":"","background-media":"","overlay-type":"","overlay-color":"","overlay-opacity":"","overlay-gradient":""},"tablet":{"background-color":"var(--ast-global-color-4)","background-image":"","background-repeat":"repeat","background-position":"center center","background-size":"auto","background-attachment":"scroll","background-type":"","background-media":"","overlay-type":"","overlay-color":"","overlay-opacity":"","overlay-gradient":""},"mobile":{"background-color":"var(--ast-global-color-4)","background-image":"","background-repeat":"repeat","background-position":"center center","background-size":"auto","background-attachment":"scroll","background-type":"","background-media":"","overlay-type":"","overlay-color":"","overlay-opacity":"","overlay-gradient":""}}},"product_brand":[],"product_cat":[64,65],"product_tag":[],"class_list":{"0":"post-3464","1":"product","2":"type-product","3":"status-publish","4":"has-post-thumbnail","6":"product_cat-machine-de-traitement-des-tomates","7":"product_cat-section-de-remplissage-et-de-conditionnement-en-aval","8":"desktop-align-left","9":"tablet-align-left","10":"mobile-align-left","12":"first","13":"instock","14":"shipping-taxable","15":"product-type-simple"},"_links":{"self":[{"href":"https:\/\/www.vortechglobal.com\/fr\/wp-json\/wp\/v2\/product\/3464","targetHints":{"allow":["GET"]}}],"collection":[{"href":"https:\/\/www.vortechglobal.com\/fr\/wp-json\/wp\/v2\/product"}],"about":[{"href":"https:\/\/www.vortechglobal.com\/fr\/wp-json\/wp\/v2\/types\/product"}],"replies":[{"embeddable":true,"href":"https:\/\/www.vortechglobal.com\/fr\/wp-json\/wp\/v2\/comments?post=3464"}],"wp:featuredmedia":[{"embeddable":true,"href":"https:\/\/www.vortechglobal.com\/fr\/wp-json\/wp\/v2\/media\/2280"}],"wp:attachment":[{"href":"https:\/\/www.vortechglobal.com\/fr\/wp-json\/wp\/v2\/media?parent=3464"}],"wp:term":[{"taxonomy":"product_brand","embeddable":true,"href":"https:\/\/www.vortechglobal.com\/fr\/wp-json\/wp\/v2\/product_brand?post=3464"},{"taxonomy":"product_cat","embeddable":true,"href":"https:\/\/www.vortechglobal.com\/fr\/wp-json\/wp\/v2\/product_cat?post=3464"},{"taxonomy":"product_tag","embeddable":true,"href":"https:\/\/www.vortechglobal.com\/fr\/wp-json\/wp\/v2\/product_tag?post=3464"}],"curies":[{"name":"wp","href":"https:\/\/api.w.org\/{rel}","templated":true}]}}