{"id":3467,"date":"2025-04-14T16:15:48","date_gmt":"2025-04-14T08:15:48","guid":{"rendered":"https:\/\/www.vortechglobal.com\/machine-de-remplissage-de-produits-visqueux\/"},"modified":"2025-04-14T16:15:48","modified_gmt":"2025-04-14T08:15:48","slug":"machine-de-remplissage-de-produits-visqueux","status":"publish","type":"product","link":"https:\/\/www.vortechglobal.com\/fr\/machine-de-remplissage-de-produits-visqueux\/","title":{"rendered":"Machine de remplissage de produits visqueux"},"content":{"rendered":"<p>Remplit avec pr\u00e9cision les contenants de concentr\u00e9 de tomates, garantissant que la bonne quantit\u00e9 de produit est distribu\u00e9e, m\u00eame pour la consistance \u00e9paisse et visqueuse de la p\u00e2te, tout en \u00e9vitant les d\u00e9versements ou le gaspillage.<\/p>\n<h2>Processus auquel il appartient :<\/h2>\n<ul>\n<li>Le processus d&#8217;emballage, en particulier apr\u00e8s la st\u00e9rilisation et le m\u00e9lange, est utilis\u00e9 pour remplir des conteneurs ou des pots avec le produit final de concentr\u00e9 de tomates.<\/li>\n<\/ul>\n<h2>\u00c9quipement connexe Avant :<\/h2>\n<p><span style=\"color: #99cc00;\"><a style=\"color: #99cc00;\" href=\"https:\/\/www.vortechglobal.com\/stainless-steel-mixing-tank-sterilization-tank\/\"><strong>Cuve de m\u00e9lange en acier inoxydable<\/strong><\/a><\/span><\/p>\n<ul>\n<li>M\u00e9lange et chauffe la p\u00e2te de tomates pour assurer une texture uniforme et une s\u00e9curit\u00e9 microbienne.<\/li>\n<li>Fournit une p\u00e2te st\u00e9rile bien m\u00e9lang\u00e9e \u00e0 la machine de remplissage via des canalisations chauff\u00e9es, pr\u00e9servant ainsi la temp\u00e9rature et la consistance.<\/li>\n<\/ul>\n<p><strong>\u00c9quipement de st\u00e9rilisation<\/strong><\/p>\n<ul>\n<li>Tue tous les micro-organismes restants dans la p\u00e2te pour r\u00e9pondre aux normes de s\u00e9curit\u00e9 alimentaire.<\/li>\n<li>Garantit que seule une p\u00e2te s\u00fbre et st\u00e9rilis\u00e9e atteint la machine de remplissage, pr\u00e9servant ainsi l&rsquo;hygi\u00e8ne du produit tout au long de l&rsquo;\u00e9tape de remplissage.<\/li>\n<\/ul>\n<h2>\u00c9quipement connexe apr\u00e8s :<\/h2>\n<p><strong><span style=\"color: #99cc00;\"><a style=\"color: #99cc00;\" href=\"https:\/\/www.vortechglobal.com\/fr\/machine-de-capsulage-semi-automatique\/\">Machine de capsulage semi-automatique<\/a><\/span> (en option, si vous utilisez des pots)<\/strong><\/p>\n<ul>\n<li>Fixe les bouchons herm\u00e9tiques sur les contenants remplis.<\/li>\n<li>Re\u00e7oit les conteneurs remplis et ouverts directement de la machine de remplissage pour un scellage imm\u00e9diat afin d&rsquo;\u00e9viter toute contamination.<\/li>\n<\/ul>\n<p><strong><span style=\"color: #99cc00;\"><a style=\"color: #99cc00;\" href=\"https:\/\/www.vortechglobal.com\/pouch-forming-filling-seaming-coding-monoblock-automatic-pouch-filling-and-sealing-machine\/\">Monobloc de formage-remplissage-soudure-codage de sachets<\/a><\/span> (si utilisation de sachets)<\/strong><\/p>\n<ul>\n<li>Scelle les sachets remplis et ajoute des codes de lot ou des \u00e9tiquettes.<\/li>\n<li>Fonctionne en tandem avec l&rsquo;\u00e9tape de remplissage lorsqu&rsquo;il est int\u00e9gr\u00e9 en monobloc ou re\u00e7oit des sachets remplis pour le scellage final.<\/li>\n<\/ul>\n<h2>Param\u00e8tre du produit :<\/h2>\n<table>\n<tbody>\n<tr>\n<td>Mod\u00e8le<\/td>\n<td>VPFD100-5000<\/td>\n<\/tr>\n<tr>\n<td>Tension<\/td>\n<td>AC220V\/110V 50-60HZ<\/td>\n<\/tr>\n<tr>\n<td>Puissance<\/td>\n<td>40W<\/td>\n<\/tr>\n<tr>\n<td>Gamme de remplissage<\/td>\n<td>10-100 ml\/30-300 ml\/50-500 ml\/100-1000 ml\/500-2500 ml\/1000-5000 ml<\/td>\n<\/tr>\n<tr>\n<td>Vitesse de production<\/td>\n<td>7-36PCS\/MIN Selon le volume de remplissage<\/td>\n<\/tr>\n<tr>\n<td>Pression atmosph\u00e9rique<\/td>\n<td>0,4-0,6 MPa<\/td>\n<\/tr>\n<tr>\n<td>Pr\u00e9cision de remplissage<\/td>\n<td>\u00b11%<\/td>\n<\/tr>\n<tr>\n<td>Compresseur d&rsquo;air requis<\/td>\n<td>\u22653kw 100L<\/td>\n<\/tr>\n<\/tbody>\n<\/table>\n","protected":false},"excerpt":{"rendered":"<ul>\n<li>Acier inoxydable SUS304 pour la structure principale.<\/li>\n<li>Versez le produit dans des tasses.<\/li>\n<li>La vitesse : environ 0 \u00e0 20 tasses par minute.<\/li>\n<li>Sp\u00e9cialement utilis\u00e9 pour la p\u00e2te de tomate ou autre produit visqueux.<\/li>\n<\/ul>\n","protected":false},"featured_media":2252,"comment_status":"open","ping_status":"closed","template":"","meta":{"site-sidebar-layout":"default","site-content-layout":"","ast-site-content-layout":"default","site-content-style":"default","site-sidebar-style":"default","ast-global-header-display":"","ast-banner-title-visibility":"","ast-main-header-display":"","ast-hfb-above-header-display":"","ast-hfb-below-header-display":"","ast-hfb-mobile-header-display":"","site-post-title":"","ast-breadcrumbs-content":"","ast-featured-img":"","footer-sml-layout":"","theme-transparent-header-meta":"default","adv-header-id-meta":"","stick-header-meta":"","header-above-stick-meta":"","header-main-stick-meta":"","header-below-stick-meta":"","astra-migrate-meta-layouts":"default","ast-page-background-enabled":"default","ast-page-background-meta":{"desktop":{"background-color":"var(--ast-global-color-5)","background-image":"","background-repeat":"repeat","background-position":"center center","background-size":"auto","background-attachment":"scroll","background-type":"","background-media":"","overlay-type":"","overlay-color":"","overlay-opacity":"","overlay-gradient":""},"tablet":{"background-color":"","background-image":"","background-repeat":"repeat","background-position":"center center","background-size":"auto","background-attachment":"scroll","background-type":"","background-media":"","overlay-type":"","overlay-color":"","overlay-opacity":"","overlay-gradient":""},"mobile":{"background-color":"","background-image":"","background-repeat":"repeat","background-position":"center center","background-size":"auto","background-attachment":"scroll","background-type":"","background-media":"","overlay-type":"","overlay-color":"","overlay-opacity":"","overlay-gradient":""}},"ast-content-background-meta":{"desktop":{"background-color":"var(--ast-global-color-4)","background-image":"","background-repeat":"repeat","background-position":"center center","background-size":"auto","background-attachment":"scroll","background-type":"","background-media":"","overlay-type":"","overlay-color":"","overlay-opacity":"","overlay-gradient":""},"tablet":{"background-color":"var(--ast-global-color-4)","background-image":"","background-repeat":"repeat","background-position":"center center","background-size":"auto","background-attachment":"scroll","background-type":"","background-media":"","overlay-type":"","overlay-color":"","overlay-opacity":"","overlay-gradient":""},"mobile":{"background-color":"var(--ast-global-color-4)","background-image":"","background-repeat":"repeat","background-position":"center center","background-size":"auto","background-attachment":"scroll","background-type":"","background-media":"","overlay-type":"","overlay-color":"","overlay-opacity":"","overlay-gradient":""}}},"product_brand":[],"product_cat":[64,65],"product_tag":[],"class_list":{"0":"post-3467","1":"product","2":"type-product","3":"status-publish","4":"has-post-thumbnail","6":"product_cat-machine-de-traitement-des-tomates","7":"product_cat-section-de-remplissage-et-de-conditionnement-en-aval","8":"desktop-align-left","9":"tablet-align-left","10":"mobile-align-left","12":"first","13":"instock","14":"shipping-taxable","15":"product-type-simple"},"_links":{"self":[{"href":"https:\/\/www.vortechglobal.com\/fr\/wp-json\/wp\/v2\/product\/3467","targetHints":{"allow":["GET"]}}],"collection":[{"href":"https:\/\/www.vortechglobal.com\/fr\/wp-json\/wp\/v2\/product"}],"about":[{"href":"https:\/\/www.vortechglobal.com\/fr\/wp-json\/wp\/v2\/types\/product"}],"replies":[{"embeddable":true,"href":"https:\/\/www.vortechglobal.com\/fr\/wp-json\/wp\/v2\/comments?post=3467"}],"wp:featuredmedia":[{"embeddable":true,"href":"https:\/\/www.vortechglobal.com\/fr\/wp-json\/wp\/v2\/media\/2252"}],"wp:attachment":[{"href":"https:\/\/www.vortechglobal.com\/fr\/wp-json\/wp\/v2\/media?parent=3467"}],"wp:term":[{"taxonomy":"product_brand","embeddable":true,"href":"https:\/\/www.vortechglobal.com\/fr\/wp-json\/wp\/v2\/product_brand?post=3467"},{"taxonomy":"product_cat","embeddable":true,"href":"https:\/\/www.vortechglobal.com\/fr\/wp-json\/wp\/v2\/product_cat?post=3467"},{"taxonomy":"product_tag","embeddable":true,"href":"https:\/\/www.vortechglobal.com\/fr\/wp-json\/wp\/v2\/product_tag?post=3467"}],"curies":[{"name":"wp","href":"https:\/\/api.w.org\/{rel}","templated":true}]}}