{"id":3469,"date":"2025-04-14T15:39:06","date_gmt":"2025-04-14T07:39:06","guid":{"rendered":"https:\/\/www.vortechglobal.com\/monobloc-de-formage-remplissage-de-sachets-sertissage-et-codage\/"},"modified":"2025-04-14T15:39:06","modified_gmt":"2025-04-14T07:39:06","slug":"monobloc-de-formage-remplissage-de-sachets-sertissage-et-codage","status":"publish","type":"product","link":"https:\/\/www.vortechglobal.com\/fr\/formation-de-sachets-remplissage-sertissage-codage-monobloc\/","title":{"rendered":"Monobloc de formage-remplissage de sachets, sertissage et codage"},"content":{"rendered":"<p>Automatise le processus de formation, de remplissage, de scellage et de codage des sachets avec de la p\u00e2te de tomate, garantissant un emballage pr\u00e9cis, une fermeture inviolable et un \u00e9tiquetage clair pour la tra\u00e7abilit\u00e9 et les informations sur le produit.<\/p>\n<h2>Processus auquel il appartient :<\/h2>\n<ul>\n<li>Le processus d&#8217;emballage, en particulier apr\u00e8s la st\u00e9rilisation et le m\u00e9lange, est utilis\u00e9 pour emballer le produit final de concentr\u00e9 de tomates dans des sachets pour la distribution.<\/li>\n<\/ul>\n<h2>\u00c9quipement connexe Avant :<\/h2>\n<p><span style=\"color: #99cc00;\"><a style=\"color: #99cc00;\" href=\"https:\/\/www.vortechglobal.com\/stainless-steel-mixing-tank-sterilization-tank\/\"><strong>Cuve de m\u00e9lange en acier inoxydable<\/strong><\/a><\/span><\/p>\n<ul>\n<li>M\u00e9lange la p\u00e2te de tomates pour assurer l&rsquo;uniformit\u00e9 et la st\u00e9rilise simultan\u00e9ment pour la s\u00e9curit\u00e9 alimentaire.<\/li>\n<li>Alimente la p\u00e2te homog\u00e9n\u00e9is\u00e9e et st\u00e9rile directement dans le syst\u00e8me monobloc, en maintenant la temp\u00e9rature et la consistance pour un remplissage optimal.<\/li>\n<\/ul>\n<p><strong>\u00c9quipement de st\u00e9rilisation<\/strong><\/p>\n<ul>\n<li>\u00c9limine les risques microbiens de la p\u00e2te de tomate avant l\u2019emballage.<\/li>\n<li>\u00c9limine les risques microbiens de la p\u00e2te de tomate avant l\u2019emballage.<\/li>\n<\/ul>\n<h2>\u00c9quipement connexe apr\u00e8s :<\/h2>\n<p><strong>Stockage des produits finis<\/strong><\/p>\n<ul>\n<li>Maintient les sachets scell\u00e9s et \u00e9tiquet\u00e9s dans des conditions de stockage appropri\u00e9es avant l&#8217;emballage ou l&rsquo;exp\u00e9dition.<\/li>\n<li>Re\u00e7oit les sachets directement de la ligne monobloc, garantissant ainsi l&rsquo;absence de contamination apr\u00e8s l&#8217;emballage.<\/li>\n<\/ul>\n<p><strong>Syst\u00e8me de contr\u00f4le de la qualit\u00e9<\/strong><\/p>\n<ul>\n<li>Inspecte les sachets scell\u00e9s pour v\u00e9rifier le niveau de remplissage, l&rsquo;int\u00e9grit\u00e9 du joint, la pr\u00e9cision de l&rsquo;\u00e9tiquetage et la v\u00e9rification du code.<\/li>\n<li>Intervient directement apr\u00e8s la machine monobloc pour v\u00e9rifier la qualit\u00e9 et la conformit\u00e9 du produit avant la sortie finale.<\/li>\n<\/ul>\n<h2>Param\u00e8tre du produit :<\/h2>\n<table>\n<tbody>\n<tr>\n<td>Type<\/td>\n<td>PF100<\/td>\n<td>PF200<\/td>\n<td>PF300<\/td>\n<\/tr>\n<tr>\n<td>Vitesse d&#8217;emballage<\/td>\n<td>30 \u00e0 50 sacs\/min<\/td>\n<td>25 \u00e0 40 sacs\/min<\/td>\n<td>20 \u00e0 30 sacs\/min<\/td>\n<\/tr>\n<tr>\n<td>Capacit\u00e9 d&#8217;emballage<\/td>\n<td>5 \u00e0 100 ml<\/td>\n<td>100 \u00e0 300 ml<\/td>\n<td>100|~1000ml<\/td>\n<\/tr>\n<tr>\n<td>Puissance<\/td>\n<td>1,9 kW<\/td>\n<td>1,9 kW<\/td>\n<td>1,9 kW<\/td>\n<\/tr>\n<tr>\n<td>Consommation d&rsquo;air<\/td>\n<td>0,8 Mpa\/150 L\/min<\/td>\n<td>0,8 Mpa 180 L\/min<\/td>\n<td>0,8 Mpa 250 L\/min<\/td>\n<\/tr>\n<tr>\n<td>Longueur du sac<\/td>\n<td>40 \u00e0 150 mm<\/td>\n<td>40~260mm<\/td>\n<td>40~300mm<\/td>\n<\/tr>\n<tr>\n<td>Largeur du sac<\/td>\n<td>25~120mm<\/td>\n<td>25~120mm<\/td>\n<td>70~190mm<\/td>\n<\/tr>\n<tr>\n<td>Dimension<\/td>\n<td>0.8*1.0*1.8<\/td>\n<td>0.8*1.0*2.0<\/td>\n<td>1.0*1.8*2.1<\/td>\n<\/tr>\n<tr>\n<td>Poids<\/td>\n<td>300<\/td>\n<td>480<\/td>\n<td>500<\/td>\n<\/tr>\n<tr>\n<td>Type d&rsquo;\u00e9tanch\u00e9it\u00e9<\/td>\n<td>\u00e9tanch\u00e9it\u00e9 sur 3\/4 c\u00f4t\u00e9s<\/td>\n<td>Scellage des faces arri\u00e8re<\/td>\n<td>Sac oreiller, pochette debout, pochette oreiller avec trou, sac continu<\/td>\n<\/tr>\n<tr>\n<td>Film d&#8217;emballage<\/td>\n<td colspan=\"3\">Papier\/PE, PP\/feuille d&rsquo;aluminium (tous les mat\u00e9riaux chauffants)<\/td>\n<\/tr>\n<\/tbody>\n<\/table>\n","protected":false},"excerpt":{"rendered":"<ul>\n<li>Acier inoxydable SUS304 pour la structure principale.<\/li>\n<li>Int\u00e9grer le formage, le remplissage et le sertissage des sachets, ainsi que l&rsquo;impression de codes dans une seule machine.<\/li>\n<li>Vitesse : environ 30 \u00e0 45 pi\u00e8ces\/min pour une pochette plate de 70 grammes.<\/li>\n<li>Puissance : 1,9 kW.<\/li>\n<li>Dimension(L*W*H): 600*700*1200mm.<\/li>\n<\/ul>\n","protected":false},"featured_media":2253,"comment_status":"open","ping_status":"closed","template":"","meta":{"site-sidebar-layout":"default","site-content-layout":"","ast-site-content-layout":"default","site-content-style":"default","site-sidebar-style":"default","ast-global-header-display":"","ast-banner-title-visibility":"","ast-main-header-display":"","ast-hfb-above-header-display":"","ast-hfb-below-header-display":"","ast-hfb-mobile-header-display":"","site-post-title":"","ast-breadcrumbs-content":"","ast-featured-img":"","footer-sml-layout":"","theme-transparent-header-meta":"default","adv-header-id-meta":"","stick-header-meta":"","header-above-stick-meta":"","header-main-stick-meta":"","header-below-stick-meta":"","astra-migrate-meta-layouts":"default","ast-page-background-enabled":"default","ast-page-background-meta":{"desktop":{"background-color":"var(--ast-global-color-5)","background-image":"","background-repeat":"repeat","background-position":"center center","background-size":"auto","background-attachment":"scroll","background-type":"","background-media":"","overlay-type":"","overlay-color":"","overlay-opacity":"","overlay-gradient":""},"tablet":{"background-color":"","background-image":"","background-repeat":"repeat","background-position":"center center","background-size":"auto","background-attachment":"scroll","background-type":"","background-media":"","overlay-type":"","overlay-color":"","overlay-opacity":"","overlay-gradient":""},"mobile":{"background-color":"","background-image":"","background-repeat":"repeat","background-position":"center center","background-size":"auto","background-attachment":"scroll","background-type":"","background-media":"","overlay-type":"","overlay-color":"","overlay-opacity":"","overlay-gradient":""}},"ast-content-background-meta":{"desktop":{"background-color":"var(--ast-global-color-4)","background-image":"","background-repeat":"repeat","background-position":"center center","background-size":"auto","background-attachment":"scroll","background-type":"","background-media":"","overlay-type":"","overlay-color":"","overlay-opacity":"","overlay-gradient":""},"tablet":{"background-color":"var(--ast-global-color-4)","background-image":"","background-repeat":"repeat","background-position":"center center","background-size":"auto","background-attachment":"scroll","background-type":"","background-media":"","overlay-type":"","overlay-color":"","overlay-opacity":"","overlay-gradient":""},"mobile":{"background-color":"var(--ast-global-color-4)","background-image":"","background-repeat":"repeat","background-position":"center center","background-size":"auto","background-attachment":"scroll","background-type":"","background-media":"","overlay-type":"","overlay-color":"","overlay-opacity":"","overlay-gradient":""}}},"product_brand":[],"product_cat":[64,65],"product_tag":[],"class_list":{"0":"post-3469","1":"product","2":"type-product","3":"status-publish","4":"has-post-thumbnail","6":"product_cat-machine-de-traitement-des-tomates","7":"product_cat-section-de-remplissage-et-de-conditionnement-en-aval","8":"desktop-align-left","9":"tablet-align-left","10":"mobile-align-left","12":"first","13":"instock","14":"shipping-taxable","15":"product-type-simple"},"_links":{"self":[{"href":"https:\/\/www.vortechglobal.com\/fr\/wp-json\/wp\/v2\/product\/3469","targetHints":{"allow":["GET"]}}],"collection":[{"href":"https:\/\/www.vortechglobal.com\/fr\/wp-json\/wp\/v2\/product"}],"about":[{"href":"https:\/\/www.vortechglobal.com\/fr\/wp-json\/wp\/v2\/types\/product"}],"replies":[{"embeddable":true,"href":"https:\/\/www.vortechglobal.com\/fr\/wp-json\/wp\/v2\/comments?post=3469"}],"wp:featuredmedia":[{"embeddable":true,"href":"https:\/\/www.vortechglobal.com\/fr\/wp-json\/wp\/v2\/media\/2253"}],"wp:attachment":[{"href":"https:\/\/www.vortechglobal.com\/fr\/wp-json\/wp\/v2\/media?parent=3469"}],"wp:term":[{"taxonomy":"product_brand","embeddable":true,"href":"https:\/\/www.vortechglobal.com\/fr\/wp-json\/wp\/v2\/product_brand?post=3469"},{"taxonomy":"product_cat","embeddable":true,"href":"https:\/\/www.vortechglobal.com\/fr\/wp-json\/wp\/v2\/product_cat?post=3469"},{"taxonomy":"product_tag","embeddable":true,"href":"https:\/\/www.vortechglobal.com\/fr\/wp-json\/wp\/v2\/product_tag?post=3469"}],"curies":[{"name":"wp","href":"https:\/\/api.w.org\/{rel}","templated":true}]}}