{"id":3471,"date":"2025-04-14T14:19:37","date_gmt":"2025-04-14T06:19:37","guid":{"rendered":"https:\/\/www.vortechglobal.com\/cuve-de-melange-en-acier-inoxydable\/"},"modified":"2025-04-14T14:19:37","modified_gmt":"2025-04-14T06:19:37","slug":"cuve-de-melange-en-acier-inoxydable","status":"publish","type":"product","link":"https:\/\/www.vortechglobal.com\/fr\/cuve-de-melange-et-de-sterilisation-en-acier-inoxydable\/","title":{"rendered":"Cuve de m\u00e9lange en acier inoxydable"},"content":{"rendered":"<p>Assure un m\u00e9lange uniforme des ingr\u00e9dients et st\u00e9rilise la p\u00e2te de tomates, \u00e9liminant les micro-organismes nocifs et garantissant que la p\u00e2te est sans danger pour la consommation tout en conservant sa saveur et sa qualit\u00e9.<\/p>\n<h2>Processus auquel il appartient :<\/h2>\n<ul>\n<li>L&rsquo;\u00e9tape de post-traitement, notamment apr\u00e8s la concentration, permet de m\u00e9langer uniform\u00e9ment la p\u00e2te de tomate et de garantir qu&rsquo;elle subit une st\u00e9rilisation avant l&#8217;emballage.<\/li>\n<\/ul>\n<h2>\u00c9quipement connexe Avant :<\/h2>\n<p><span style=\"color: #99cc00;\"><a style=\"color: #99cc00;\" href=\"https:\/\/www.vortechglobal.com\/scrape-type-vacuum-evaporator\/\"><strong>\u00c9vaporateur sous vide de type racleur<\/strong><\/a><\/span><\/p>\n<ul>\n<li>Concentre la p\u00e2te de tomate en \u00e9liminant l&rsquo;exc\u00e8s d&rsquo;humidit\u00e9 sous vide, pr\u00e9servant ainsi la saveur, la couleur et les nutriments.<\/li>\n<li>Fournit de la p\u00e2te de tomate concentr\u00e9e directement au r\u00e9servoir de m\u00e9lange pour une homog\u00e9n\u00e9isation suppl\u00e9mentaire et une st\u00e9rilisation potentielle.<\/li>\n<\/ul>\n<p><span style=\"color: #99cc00;\"><a style=\"color: #99cc00;\" href=\"https:\/\/www.vortechglobal.com\/raw-tomato-paste-storage-tank\/\"><strong>R\u00e9servoir de stockage de concentr\u00e9 de tomates crues<\/strong><\/a><\/span><\/p>\n<ul>\n<li>Contient la p\u00e2te concentr\u00e9e avant qu&rsquo;elle ne passe au processus de m\u00e9lange.<\/li>\n<li>Alimente la p\u00e2te dans le r\u00e9servoir de m\u00e9lange en acier inoxydable \u00e0 la demande, assurant un approvisionnement stable et \u00e9vitant les retards de production.<\/li>\n<\/ul>\n<h2>\u00c9quipement connexe apr\u00e8s :<\/h2>\n<p><span style=\"color: #99cc00;\"><a style=\"color: #99cc00;\" href=\"https:\/\/www.vortechglobal.com\/fr\/machine-de-remplissage-de-produits-visqueux\/\"><strong>Machine de remplissage de produits visqueux<\/strong><\/a><\/span><\/p>\n<ul>\n<li>Remplit de p\u00e2te de tomates st\u00e9rilis\u00e9e et uniform\u00e9ment m\u00e9lang\u00e9e dans des pots, des sachets ou des contenants.<\/li>\n<li>Aspire le produit directement du r\u00e9servoir (si la st\u00e9rilisation est termin\u00e9e) ou de l&rsquo;unit\u00e9 de post-st\u00e9rilisation pour un remplissage hygi\u00e9nique et pr\u00e9cis.<\/li>\n<\/ul>\n<h2>Param\u00e8tre du produit :<\/h2>\n<table>\n<tbody>\n<tr>\n<td>Mat\u00e9riel<\/td>\n<td>SUS304<\/td>\n<\/tr>\n<tr>\n<td>Capacit\u00e9 de travail<\/td>\n<td>50L \u00e0 20000L, voire plus grand.<\/td>\n<\/tr>\n<tr>\n<td>Pression de fonctionnement<\/td>\n<td>Atmosph\u00e8re<\/td>\n<\/tr>\n<tr>\n<td>Couche<\/td>\n<td>Simple\/Double (chauffage)\/Trois couches (isolation) ;<\/td>\n<\/tr>\n<tr>\n<td>\u00c9paisseur<\/td>\n<td>2 mm \u00e0 12 mm<\/td>\n<\/tr>\n<tr>\n<td>Chauffage ou refroidissement<\/td>\n<td>\n<ol>\n<li>chauffage \u00e9lectrique<\/li>\n<li>Chauffage \u00e0 la vapeur<\/li>\n<li>De l&rsquo;eau chaude ou de l&rsquo;huile circule<\/li>\n<\/ol>\n<\/td>\n<\/tr>\n<tr>\n<td>Haut<\/td>\n<td>D\u00f4me, sommet conique ou plat<\/td>\n<\/tr>\n<tr>\n<td>Bas<\/td>\n<td>D\u00f4me, sommet conique ou plat<\/td>\n<\/tr>\n<tr>\n<td>Type de turbine<\/td>\n<td>M\u00e9langeur homog\u00e9n\u00e9isateur \u00e0 palettes, h\u00e9lice, ancre, agitateur magn\u00e9tique et \u00e0 haut cisaillement<\/td>\n<\/tr>\n<tr>\n<td>Vitesse d&rsquo;agitation (tr\/min)<\/td>\n<td>0-300<\/td>\n<\/tr>\n<tr>\n<td>Polissage<\/td>\n<td>Polissage miroir int\u00e9rieur et ext\u00e9rieur <\/td>\n<\/tr>\n<tr>\n<td>Composant<\/p>\n<p>(en option)<\/td>\n<td>\n<ol>\n<li>Regard<\/li>\n<li>Boule de pulv\u00e9risation<\/li>\n<li>Anneaux de levage sur le dessus (s\u00e9lectionnables)<\/li>\n<li>Vanne de sortie ou d&rsquo;entr\u00e9e, tous les autres types de vannes (s\u00e9lectionnables)<\/li>\n<li>Pieds : pieds r\u00e9glables (s\u00e9lectionnables)<\/li>\n<li>\u00c9chelle (s\u00e9lectionnable)<\/li>\n<li>Thermom\u00e8tre, indicateur de niveau de liquide (s\u00e9lectionnable)<\/li>\n<li>Le manom\u00e8tre (s\u00e9lectionnable)<\/li>\n<\/ol>\n<\/td>\n<\/tr>\n<\/tbody>\n<\/table>\n<p><img fetchpriority=\"high\" decoding=\"async\" class=\"aligncenter wp-image-2258 size-full\" src=\"https:\/\/www.vortechglobal.com\/wp-content\/uploads\/2025\/04\/Structure-of-Stainless-Steel-Mixing-Tank.jpg\" alt=\"Structure du r\u00e9servoir de m\u00e9lange en acier inoxydable\" width=\"800\" height=\"640\" srcset=\"https:\/\/www.vortechglobal.com\/wp-content\/uploads\/2025\/04\/Structure-of-Stainless-Steel-Mixing-Tank.jpg 800w, https:\/\/www.vortechglobal.com\/wp-content\/uploads\/2025\/04\/Structure-of-Stainless-Steel-Mixing-Tank-300x240.jpg 300w, https:\/\/www.vortechglobal.com\/wp-content\/uploads\/2025\/04\/Structure-of-Stainless-Steel-Mixing-Tank-768x614.jpg 768w, https:\/\/www.vortechglobal.com\/wp-content\/uploads\/2025\/04\/Structure-of-Stainless-Steel-Mixing-Tank-600x480.jpg 600w\" sizes=\"(max-width: 800px) 100vw, 800px\" \/><\/p>\n<p>&nbsp;<\/p>\n","protected":false},"excerpt":{"rendered":"<ul>\n<li>Volume : 100 litres<\/li>\n<li>Structure en acier inoxydable SUS304.<\/li>\n<li>Structure tri-couche, mode chauffage vapeur ou chauffage \u00e9lectrique, isol\u00e9e et gain\u00e9e.<\/li>\n<li>Mont\u00e9 avec agitateur, boule de nettoyage CIP et soupape de reniflard.<\/li>\n<li>Une cuve de m\u00e9lange pour m\u00e9langer avec d&rsquo;autres ingr\u00e9dients pour la fabrication de sauces, ainsi que pour st\u00e9riliser le produit \u00e0 l&rsquo;int\u00e9rieur par chauffage \u00e0 la vapeur.<\/li>\n<li>Dimensions (L x l x H) : 520 x 520 x 900 mm<\/li>\n<\/ul>\n","protected":false},"featured_media":2259,"comment_status":"open","ping_status":"closed","template":"","meta":{"site-sidebar-layout":"default","site-content-layout":"","ast-site-content-layout":"default","site-content-style":"default","site-sidebar-style":"default","ast-global-header-display":"","ast-banner-title-visibility":"","ast-main-header-display":"","ast-hfb-above-header-display":"","ast-hfb-below-header-display":"","ast-hfb-mobile-header-display":"","site-post-title":"","ast-breadcrumbs-content":"","ast-featured-img":"","footer-sml-layout":"","theme-transparent-header-meta":"default","adv-header-id-meta":"","stick-header-meta":"","header-above-stick-meta":"","header-main-stick-meta":"","header-below-stick-meta":"","astra-migrate-meta-layouts":"default","ast-page-background-enabled":"default","ast-page-background-meta":{"desktop":{"background-color":"var(--ast-global-color-5)","background-image":"","background-repeat":"repeat","background-position":"center center","background-size":"auto","background-attachment":"scroll","background-type":"","background-media":"","overlay-type":"","overlay-color":"","overlay-opacity":"","overlay-gradient":""},"tablet":{"background-color":"","background-image":"","background-repeat":"repeat","background-position":"center center","background-size":"auto","background-attachment":"scroll","background-type":"","background-media":"","overlay-type":"","overlay-color":"","overlay-opacity":"","overlay-gradient":""},"mobile":{"background-color":"","background-image":"","background-repeat":"repeat","background-position":"center center","background-size":"auto","background-attachment":"scroll","background-type":"","background-media":"","overlay-type":"","overlay-color":"","overlay-opacity":"","overlay-gradient":""}},"ast-content-background-meta":{"desktop":{"background-color":"var(--ast-global-color-4)","background-image":"","background-repeat":"repeat","background-position":"center center","background-size":"auto","background-attachment":"scroll","background-type":"","background-media":"","overlay-type":"","overlay-color":"","overlay-opacity":"","overlay-gradient":""},"tablet":{"background-color":"var(--ast-global-color-4)","background-image":"","background-repeat":"repeat","background-position":"center center","background-size":"auto","background-attachment":"scroll","background-type":"","background-media":"","overlay-type":"","overlay-color":"","overlay-opacity":"","overlay-gradient":""},"mobile":{"background-color":"var(--ast-global-color-4)","background-image":"","background-repeat":"repeat","background-position":"center center","background-size":"auto","background-attachment":"scroll","background-type":"","background-media":"","overlay-type":"","overlay-color":"","overlay-opacity":"","overlay-gradient":""}}},"product_brand":[],"product_cat":[64,66],"product_tag":[],"class_list":{"0":"post-3471","1":"product","2":"type-product","3":"status-publish","4":"has-post-thumbnail","6":"product_cat-machine-de-traitement-des-tomates","7":"product_cat-section-devaporation-sous-vide","8":"desktop-align-left","9":"tablet-align-left","10":"mobile-align-left","12":"first","13":"instock","14":"shipping-taxable","15":"product-type-simple"},"_links":{"self":[{"href":"https:\/\/www.vortechglobal.com\/fr\/wp-json\/wp\/v2\/product\/3471","targetHints":{"allow":["GET"]}}],"collection":[{"href":"https:\/\/www.vortechglobal.com\/fr\/wp-json\/wp\/v2\/product"}],"about":[{"href":"https:\/\/www.vortechglobal.com\/fr\/wp-json\/wp\/v2\/types\/product"}],"replies":[{"embeddable":true,"href":"https:\/\/www.vortechglobal.com\/fr\/wp-json\/wp\/v2\/comments?post=3471"}],"wp:featuredmedia":[{"embeddable":true,"href":"https:\/\/www.vortechglobal.com\/fr\/wp-json\/wp\/v2\/media\/2259"}],"wp:attachment":[{"href":"https:\/\/www.vortechglobal.com\/fr\/wp-json\/wp\/v2\/media?parent=3471"}],"wp:term":[{"taxonomy":"product_brand","embeddable":true,"href":"https:\/\/www.vortechglobal.com\/fr\/wp-json\/wp\/v2\/product_brand?post=3471"},{"taxonomy":"product_cat","embeddable":true,"href":"https:\/\/www.vortechglobal.com\/fr\/wp-json\/wp\/v2\/product_cat?post=3471"},{"taxonomy":"product_tag","embeddable":true,"href":"https:\/\/www.vortechglobal.com\/fr\/wp-json\/wp\/v2\/product_tag?post=3471"}],"curies":[{"name":"wp","href":"https:\/\/api.w.org\/{rel}","templated":true}]}}