{"id":3576,"date":"2025-04-14T09:59:59","date_gmt":"2025-04-14T01:59:59","guid":{"rendered":"https:\/\/www.vortechglobal.com\/reservoir-de-stockage-de-concentre-de-tomates-crues\/"},"modified":"2025-04-14T09:59:59","modified_gmt":"2025-04-14T01:59:59","slug":"reservoir-de-stockage-de-concentre-de-tomates-crues","status":"publish","type":"product","link":"https:\/\/www.vortechglobal.com\/fr\/reservoir-de-stockage-de-concentre-de-tomates-crues\/","title":{"rendered":"R\u00e9servoir de stockage de concentr\u00e9 de tomates crues"},"content":{"rendered":"<p>Conservez la p\u00e2te de tomates fra\u00eechement transform\u00e9e avant toute transformation ou emballage ult\u00e9rieur, en veillant \u00e0 ce qu&rsquo;elle reste \u00e0 une temp\u00e9rature constante et en \u00e9vitant la contamination tout en pr\u00e9servant la qualit\u00e9 du produit.<\/p>\n<h2>Processus auquel il appartient :<\/h2>\n<ul>\n<li>\u00c9tape de post-traitement, en particulier apr\u00e8s que la p\u00e2te de tomate a \u00e9t\u00e9 raffin\u00e9e et concentr\u00e9e, pour conserver la p\u00e2te jusqu&rsquo;\u00e0 ce qu&rsquo;elle soit pr\u00eate pour la st\u00e9rilisation, l&#8217;emballage ou un raffinement suppl\u00e9mentaire.<\/li>\n<\/ul>\n<h2>\u00c9quipement connexe Avant :<\/h2>\n<p><span style=\"color: #99cc00;\"><a style=\"color: #99cc00;\" href=\"https:\/\/www.vortechglobal.com\/peeling-pulping-and-refining-machine\/\"><strong>Machine \u00e0 \u00e9plucher, \u00e0 d\u00e9pulper et \u00e0 raffiner<\/strong><\/a><\/span><\/p>\n<ul>\n<li>S\u00e9pare les peaux, les graines et les r\u00e9sidus solides de la pulpe de tomate, produisant un produit lisse et raffin\u00e9.<\/li>\n<li>Envoie la pulpe clarifi\u00e9e au syst\u00e8me d&rsquo;\u00e9vaporation pour concentration avant stockage temporaire.<\/li>\n<\/ul>\n<p><span style=\"color: #99cc00;\"><a style=\"color: #99cc00;\" href=\"https:\/\/www.vortechglobal.com\/fr\/evaporateur-sous-vide-a-raclette\/\"><strong>\u00c9vaporateur sous vide de type racleur<\/strong><\/a><\/span><\/p>\n<p>Concentre la pulpe de tomate raffin\u00e9e en \u00e9liminant l&rsquo;exc\u00e8s d&rsquo;eau pour obtenir l&rsquo;\u00e9paisseur de p\u00e2te souhait\u00e9e.<br \/>\nFournit de la p\u00e2te de tomate chaude et concentr\u00e9e dans le r\u00e9servoir de stockage, o\u00f9 elle est conserv\u00e9e dans des conditions contr\u00f4l\u00e9es avant l&rsquo;\u00e9tape suivante.<\/p>\n<h2>\u00c9quipement connexe apr\u00e8s :<\/h2>\n<p><strong>\u00c9quipement de st\u00e9rilisation<\/strong><\/p>\n<ul>\n<li>Augmente la dur\u00e9e de conservation de la p\u00e2te de tomate et \u00e9limine les microbes dangereux.<\/li>\n<li>Pr\u00e9l\u00e8ve la p\u00e2te stock\u00e9e pour la pasteurisation ou la st\u00e9rilisation avant le conditionnement final.<\/li>\n<\/ul>\n<p><span style=\"color: #99cc00;\"><a style=\"color: #99cc00;\" href=\"https:\/\/www.vortechglobal.com\/fr\/machine-de-remplissage-de-produits-visqueux\/\"><strong>Machine de remplissage de produits visqueux<\/strong><\/a><\/span><\/p>\n<ul>\n<li>Remplit de p\u00e2te de tomates st\u00e9rilis\u00e9e des bocaux, des sachets ou d\u2019autres contenants pour la distribution.<\/li>\n<li>Re\u00e7oit la p\u00e2te soit directement apr\u00e8s la st\u00e9rilisation, soit via un tampon \u00e0 temp\u00e9rature contr\u00f4l\u00e9e pour maintenir l&rsquo;hygi\u00e8ne et la consistance pendant le remplissage.<\/li>\n<\/ul>\n","protected":false},"excerpt":{"rendered":"<ul>\n<li>Volume de 200 litres.<\/li>\n<li>Structure en acier inoxydable SUS304.<\/li>\n<li>Pour stocker la pulpe de tomate crue provenant de la machine \u00e0 pulper comme tampon.<\/li>\n<li>Dimensions (L x l x H) : \u03a6800 x 900 mm<\/li>\n<\/ul>\n","protected":false},"featured_media":2260,"comment_status":"open","ping_status":"closed","template":"","meta":{"site-sidebar-layout":"default","site-content-layout":"","ast-site-content-layout":"default","site-content-style":"default","site-sidebar-style":"default","ast-global-header-display":"","ast-banner-title-visibility":"","ast-main-header-display":"","ast-hfb-above-header-display":"","ast-hfb-below-header-display":"","ast-hfb-mobile-header-display":"","site-post-title":"","ast-breadcrumbs-content":"","ast-featured-img":"","footer-sml-layout":"","theme-transparent-header-meta":"default","adv-header-id-meta":"","stick-header-meta":"","header-above-stick-meta":"","header-main-stick-meta":"","header-below-stick-meta":"","astra-migrate-meta-layouts":"default","ast-page-background-enabled":"default","ast-page-background-meta":{"desktop":{"background-color":"var(--ast-global-color-5)","background-image":"","background-repeat":"repeat","background-position":"center center","background-size":"auto","background-attachment":"scroll","background-type":"","background-media":"","overlay-type":"","overlay-color":"","overlay-opacity":"","overlay-gradient":""},"tablet":{"background-color":"","background-image":"","background-repeat":"repeat","background-position":"center center","background-size":"auto","background-attachment":"scroll","background-type":"","background-media":"","overlay-type":"","overlay-color":"","overlay-opacity":"","overlay-gradient":""},"mobile":{"background-color":"","background-image":"","background-repeat":"repeat","background-position":"center center","background-size":"auto","background-attachment":"scroll","background-type":"","background-media":"","overlay-type":"","overlay-color":"","overlay-opacity":"","overlay-gradient":""}},"ast-content-background-meta":{"desktop":{"background-color":"var(--ast-global-color-4)","background-image":"","background-repeat":"repeat","background-position":"center center","background-size":"auto","background-attachment":"scroll","background-type":"","background-media":"","overlay-type":"","overlay-color":"","overlay-opacity":"","overlay-gradient":""},"tablet":{"background-color":"var(--ast-global-color-4)","background-image":"","background-repeat":"repeat","background-position":"center center","background-size":"auto","background-attachment":"scroll","background-type":"","background-media":"","overlay-type":"","overlay-color":"","overlay-opacity":"","overlay-gradient":""},"mobile":{"background-color":"var(--ast-global-color-4)","background-image":"","background-repeat":"repeat","background-position":"center center","background-size":"auto","background-attachment":"scroll","background-type":"","background-media":"","overlay-type":"","overlay-color":"","overlay-opacity":"","overlay-gradient":""}}},"product_brand":[],"product_cat":[64,67],"product_tag":[],"class_list":{"0":"post-3576","1":"product","2":"type-product","3":"status-publish","4":"has-post-thumbnail","6":"product_cat-machine-de-traitement-des-tomates","7":"product_cat-section-dextraction-et-de-raffinage-de-concentre-de-tomates","8":"desktop-align-left","9":"tablet-align-left","10":"mobile-align-left","12":"first","13":"instock","14":"shipping-taxable","15":"product-type-simple"},"_links":{"self":[{"href":"https:\/\/www.vortechglobal.com\/fr\/wp-json\/wp\/v2\/product\/3576","targetHints":{"allow":["GET"]}}],"collection":[{"href":"https:\/\/www.vortechglobal.com\/fr\/wp-json\/wp\/v2\/product"}],"about":[{"href":"https:\/\/www.vortechglobal.com\/fr\/wp-json\/wp\/v2\/types\/product"}],"replies":[{"embeddable":true,"href":"https:\/\/www.vortechglobal.com\/fr\/wp-json\/wp\/v2\/comments?post=3576"}],"wp:featuredmedia":[{"embeddable":true,"href":"https:\/\/www.vortechglobal.com\/fr\/wp-json\/wp\/v2\/media\/2260"}],"wp:attachment":[{"href":"https:\/\/www.vortechglobal.com\/fr\/wp-json\/wp\/v2\/media?parent=3576"}],"wp:term":[{"taxonomy":"product_brand","embeddable":true,"href":"https:\/\/www.vortechglobal.com\/fr\/wp-json\/wp\/v2\/product_brand?post=3576"},{"taxonomy":"product_cat","embeddable":true,"href":"https:\/\/www.vortechglobal.com\/fr\/wp-json\/wp\/v2\/product_cat?post=3576"},{"taxonomy":"product_tag","embeddable":true,"href":"https:\/\/www.vortechglobal.com\/fr\/wp-json\/wp\/v2\/product_tag?post=3576"}],"curies":[{"name":"wp","href":"https:\/\/api.w.org\/{rel}","templated":true}]}}