{"id":3581,"date":"2025-04-11T17:27:23","date_gmt":"2025-04-11T09:27:23","guid":{"rendered":"https:\/\/www.vortechglobal.com\/plateforme-dexploitation-de-tomates\/"},"modified":"2025-04-11T17:27:23","modified_gmt":"2025-04-11T09:27:23","slug":"plateforme-dexploitation-de-tomates","status":"publish","type":"product","link":"https:\/\/www.vortechglobal.com\/fr\/plateforme-doperations-tomates\/","title":{"rendered":"Plateforme d&rsquo;exploitation de tomates"},"content":{"rendered":"<p>Fournit un syst\u00e8me de contr\u00f4le central pour la gestion et la surveillance de l&rsquo;ensemble de la cha\u00eene de production de concentr\u00e9 de tomates, assurant une coordination fluide entre les \u00e9quipements, maintenant des param\u00e8tres op\u00e9rationnels optimaux et maximisant l&rsquo;efficacit\u00e9 de la production.<\/p>\n<p><strong>Processus auquel il appartient :<\/strong><\/p>\n<p>Processus de gestion de la production, supervisant sp\u00e9cifiquement le fonctionnement de la cha\u00eene de transformation des tomates, de la manutention des mati\u00e8res premi\u00e8res \u00e0 la production finale de p\u00e2te, garantissant la coh\u00e9rence, la qualit\u00e9 et l&rsquo;efficacit\u00e9 op\u00e9rationnelle.<\/p>\n<p><strong>\u00c9quipement connexe Avant :<\/strong><\/p>\n<p>Syst\u00e8me de r\u00e9ception des mati\u00e8res premi\u00e8res \u2013 pour la r\u00e9ception et le tri des tomates fra\u00eeches.<br \/>\n\u00c9quipement de pr\u00e9traitement \u2013 tels que des machines de lavage et de tri pour pr\u00e9parer les tomates crues avant la transformation.<\/p>\n<p><strong>\u00c9quipement connexe apr\u00e8s :<\/strong><\/p>\n<p>Syst\u00e8me d\u2019emballage de p\u00e2te de tomate \u2013 pour remplir et sceller la p\u00e2te transform\u00e9e dans des conteneurs pour la distribution.<br \/>\nSyst\u00e8me de contr\u00f4le de la qualit\u00e9 \u2013 pour surveiller la coh\u00e9rence, la qualit\u00e9 et la s\u00e9curit\u00e9 du produit final de concentr\u00e9 de tomates.<\/p>\n","protected":false},"excerpt":{"rendered":"<ul>\n<li>Plaque antid\u00e9rapante en acier inoxydable.<\/li>\n<li>Mains courantes en acier inoxydable.<\/li>\n<li>Pieds de support en acier au carbone recouverts de peinture antirouille.<\/li>\n<li>Dimensions : 1300*900*1400mm.<\/li>\n<\/ul>\n","protected":false},"featured_media":2261,"comment_status":"open","ping_status":"closed","template":"","meta":{"site-sidebar-layout":"default","site-content-layout":"","ast-site-content-layout":"default","site-content-style":"default","site-sidebar-style":"default","ast-global-header-display":"","ast-banner-title-visibility":"","ast-main-header-display":"","ast-hfb-above-header-display":"","ast-hfb-below-header-display":"","ast-hfb-mobile-header-display":"","site-post-title":"","ast-breadcrumbs-content":"","ast-featured-img":"","footer-sml-layout":"","theme-transparent-header-meta":"default","adv-header-id-meta":"","stick-header-meta":"","header-above-stick-meta":"","header-main-stick-meta":"","header-below-stick-meta":"","astra-migrate-meta-layouts":"default","ast-page-background-enabled":"default","ast-page-background-meta":{"desktop":{"background-color":"var(--ast-global-color-5)","background-image":"","background-repeat":"repeat","background-position":"center center","background-size":"auto","background-attachment":"scroll","background-type":"","background-media":"","overlay-type":"","overlay-color":"","overlay-opacity":"","overlay-gradient":""},"tablet":{"background-color":"","background-image":"","background-repeat":"repeat","background-position":"center center","background-size":"auto","background-attachment":"scroll","background-type":"","background-media":"","overlay-type":"","overlay-color":"","overlay-opacity":"","overlay-gradient":""},"mobile":{"background-color":"","background-image":"","background-repeat":"repeat","background-position":"center center","background-size":"auto","background-attachment":"scroll","background-type":"","background-media":"","overlay-type":"","overlay-color":"","overlay-opacity":"","overlay-gradient":""}},"ast-content-background-meta":{"desktop":{"background-color":"var(--ast-global-color-4)","background-image":"","background-repeat":"repeat","background-position":"center center","background-size":"auto","background-attachment":"scroll","background-type":"","background-media":"","overlay-type":"","overlay-color":"","overlay-opacity":"","overlay-gradient":""},"tablet":{"background-color":"var(--ast-global-color-4)","background-image":"","background-repeat":"repeat","background-position":"center center","background-size":"auto","background-attachment":"scroll","background-type":"","background-media":"","overlay-type":"","overlay-color":"","overlay-opacity":"","overlay-gradient":""},"mobile":{"background-color":"var(--ast-global-color-4)","background-image":"","background-repeat":"repeat","background-position":"center center","background-size":"auto","background-attachment":"scroll","background-type":"","background-media":"","overlay-type":"","overlay-color":"","overlay-opacity":"","overlay-gradient":""}}},"product_brand":[],"product_cat":[64,67],"product_tag":[],"class_list":{"0":"post-3581","1":"product","2":"type-product","3":"status-publish","4":"has-post-thumbnail","6":"product_cat-machine-de-traitement-des-tomates","7":"product_cat-section-dextraction-et-de-raffinage-de-concentre-de-tomates","8":"desktop-align-left","9":"tablet-align-left","10":"mobile-align-left","12":"first","13":"instock","14":"shipping-taxable","15":"product-type-simple"},"_links":{"self":[{"href":"https:\/\/www.vortechglobal.com\/fr\/wp-json\/wp\/v2\/product\/3581","targetHints":{"allow":["GET"]}}],"collection":[{"href":"https:\/\/www.vortechglobal.com\/fr\/wp-json\/wp\/v2\/product"}],"about":[{"href":"https:\/\/www.vortechglobal.com\/fr\/wp-json\/wp\/v2\/types\/product"}],"replies":[{"embeddable":true,"href":"https:\/\/www.vortechglobal.com\/fr\/wp-json\/wp\/v2\/comments?post=3581"}],"wp:featuredmedia":[{"embeddable":true,"href":"https:\/\/www.vortechglobal.com\/fr\/wp-json\/wp\/v2\/media\/2261"}],"wp:attachment":[{"href":"https:\/\/www.vortechglobal.com\/fr\/wp-json\/wp\/v2\/media?parent=3581"}],"wp:term":[{"taxonomy":"product_brand","embeddable":true,"href":"https:\/\/www.vortechglobal.com\/fr\/wp-json\/wp\/v2\/product_brand?post=3581"},{"taxonomy":"product_cat","embeddable":true,"href":"https:\/\/www.vortechglobal.com\/fr\/wp-json\/wp\/v2\/product_cat?post=3581"},{"taxonomy":"product_tag","embeddable":true,"href":"https:\/\/www.vortechglobal.com\/fr\/wp-json\/wp\/v2\/product_tag?post=3581"}],"curies":[{"name":"wp","href":"https:\/\/api.w.org\/{rel}","templated":true}]}}