{"id":3607,"date":"2025-04-11T10:13:03","date_gmt":"2025-04-11T02:13:03","guid":{"rendered":"https:\/\/www.vortechglobal.com\/pompe-de-concassage-et-de-transfert-avec-propulseur\/"},"modified":"2025-04-11T10:13:03","modified_gmt":"2025-04-11T02:13:03","slug":"pompe-de-concassage-et-de-transfert-avec-propulseur","status":"publish","type":"product","link":"https:\/\/www.vortechglobal.com\/fr\/pompe-de-concassage-transfert-avec-propulseur\/","title":{"rendered":"Pompe de concassage et de transfert avec propulseur"},"content":{"rendered":"<h2>Principe de fonctionnement :<\/h2>\n<p>Notre pompe de concassage et de transfert avec propulseur est con\u00e7ue pour rationaliser la transition critique du concassage des tomates fra\u00eeches au transfert de pulpe dans la ligne de traitement de la p\u00e2te de tomates. Cette unit\u00e9 avanc\u00e9e int\u00e8gre une action de broyage avec de puissantes performances de pompage, garantissant une livraison fluide et continue de la bouillie de tomates jusqu&rsquo;\u00e0 l&rsquo;\u00e9tape de raffinage.<\/p>\n<h2>Principaux attributs du produit :<\/h2>\n<ul>\n<li>Conception int\u00e9gr\u00e9e : combine un concasseur rotatif et une pompe \u00e0 vis ou centrifuge pour une structure compacte et une efficacit\u00e9.<\/li>\n<li>D\u00e9bit \u00e9lev\u00e9 : prend en charge les lignes de traitement de 5 \u00e0 100 tonnes par heure, avec un transfert de p\u00e2te stable et \u00e0 volume \u00e9lev\u00e9.<\/li>\n<li>Construction robuste : Fabriqu\u00e9 en acier inoxydable 304 ou 316L, r\u00e9sistant \u00e0 la corrosion et adapt\u00e9 \u00e0 la pulpe de tomate acide.<\/li>\n<li>Assistance du propulseur : Le m\u00e9canisme du propulseur augmente la distance de transfert et la pression pour une livraison efficace au pulpeur ou au finisseur.<\/li>\n<\/ul>\n<h2>Principales caract\u00e9ristiques et avantages :<\/h2>\n<ul>\n<li>Broyage efficace de la pulpe : d\u00e9compose rapidement les tomates en une bouillie uniforme, prot\u00e9geant l&rsquo;int\u00e9grit\u00e9 des graines et am\u00e9liorant le rendement.<\/li>\n<li>Flux de transfert continu : maintient un flux constant de produit sans colmatage, surtension ou temps d&rsquo;arr\u00eat.<\/li>\n<li>Conception sanitaire : les surfaces lisses et les structures compatibles CIP simplifient le nettoyage et sont conformes aux normes de s\u00e9curit\u00e9 alimentaire.<\/li>\n<li>Options personnalisables : pour r\u00e9pondre aux exigences uniques de votre usine, elles sont propos\u00e9es dans une gamme de tailles, de capacit\u00e9s de d\u00e9bit et de combinaisons de moteurs.<\/li>\n<\/ul>\n","protected":false},"excerpt":{"rendered":"<ul>\n<li>200 kg\/h<\/li>\n<li>L&rsquo;US304 est en contact avec la nourriture.<\/li>\n<li>Pompe \u00e0 vis avec propulseur et conception de structure sp\u00e9ciale pour \u00e9craser les tomates ainsi que les transf\u00e9rer dans le pr\u00e9chauffeur tubulaire.<\/li>\n<\/ul>\n","protected":false},"featured_media":2265,"comment_status":"open","ping_status":"closed","template":"","meta":{"site-sidebar-layout":"default","site-content-layout":"","ast-site-content-layout":"default","site-content-style":"default","site-sidebar-style":"default","ast-global-header-display":"","ast-banner-title-visibility":"","ast-main-header-display":"","ast-hfb-above-header-display":"","ast-hfb-below-header-display":"","ast-hfb-mobile-header-display":"","site-post-title":"","ast-breadcrumbs-content":"","ast-featured-img":"","footer-sml-layout":"","theme-transparent-header-meta":"default","adv-header-id-meta":"","stick-header-meta":"","header-above-stick-meta":"","header-main-stick-meta":"","header-below-stick-meta":"","astra-migrate-meta-layouts":"default","ast-page-background-enabled":"default","ast-page-background-meta":{"desktop":{"background-color":"var(--ast-global-color-5)","background-image":"","background-repeat":"repeat","background-position":"center center","background-size":"auto","background-attachment":"scroll","background-type":"","background-media":"","overlay-type":"","overlay-color":"","overlay-opacity":"","overlay-gradient":""},"tablet":{"background-color":"","background-image":"","background-repeat":"repeat","background-position":"center center","background-size":"auto","background-attachment":"scroll","background-type":"","background-media":"","overlay-type":"","overlay-color":"","overlay-opacity":"","overlay-gradient":""},"mobile":{"background-color":"","background-image":"","background-repeat":"repeat","background-position":"center center","background-size":"auto","background-attachment":"scroll","background-type":"","background-media":"","overlay-type":"","overlay-color":"","overlay-opacity":"","overlay-gradient":""}},"ast-content-background-meta":{"desktop":{"background-color":"var(--ast-global-color-4)","background-image":"","background-repeat":"repeat","background-position":"center center","background-size":"auto","background-attachment":"scroll","background-type":"","background-media":"","overlay-type":"","overlay-color":"","overlay-opacity":"","overlay-gradient":""},"tablet":{"background-color":"var(--ast-global-color-4)","background-image":"","background-repeat":"repeat","background-position":"center center","background-size":"auto","background-attachment":"scroll","background-type":"","background-media":"","overlay-type":"","overlay-color":"","overlay-opacity":"","overlay-gradient":""},"mobile":{"background-color":"var(--ast-global-color-4)","background-image":"","background-repeat":"repeat","background-position":"center center","background-size":"auto","background-attachment":"scroll","background-type":"","background-media":"","overlay-type":"","overlay-color":"","overlay-opacity":"","overlay-gradient":""}}},"product_brand":[],"product_cat":[64,67],"product_tag":[],"class_list":{"0":"post-3607","1":"product","2":"type-product","3":"status-publish","4":"has-post-thumbnail","6":"product_cat-machine-de-traitement-des-tomates","7":"product_cat-section-dextraction-et-de-raffinage-de-concentre-de-tomates","8":"desktop-align-left","9":"tablet-align-left","10":"mobile-align-left","12":"first","13":"instock","14":"shipping-taxable","15":"product-type-simple"},"_links":{"self":[{"href":"https:\/\/www.vortechglobal.com\/fr\/wp-json\/wp\/v2\/product\/3607","targetHints":{"allow":["GET"]}}],"collection":[{"href":"https:\/\/www.vortechglobal.com\/fr\/wp-json\/wp\/v2\/product"}],"about":[{"href":"https:\/\/www.vortechglobal.com\/fr\/wp-json\/wp\/v2\/types\/product"}],"replies":[{"embeddable":true,"href":"https:\/\/www.vortechglobal.com\/fr\/wp-json\/wp\/v2\/comments?post=3607"}],"wp:featuredmedia":[{"embeddable":true,"href":"https:\/\/www.vortechglobal.com\/fr\/wp-json\/wp\/v2\/media\/2265"}],"wp:attachment":[{"href":"https:\/\/www.vortechglobal.com\/fr\/wp-json\/wp\/v2\/media?parent=3607"}],"wp:term":[{"taxonomy":"product_brand","embeddable":true,"href":"https:\/\/www.vortechglobal.com\/fr\/wp-json\/wp\/v2\/product_brand?post=3607"},{"taxonomy":"product_cat","embeddable":true,"href":"https:\/\/www.vortechglobal.com\/fr\/wp-json\/wp\/v2\/product_cat?post=3607"},{"taxonomy":"product_tag","embeddable":true,"href":"https:\/\/www.vortechglobal.com\/fr\/wp-json\/wp\/v2\/product_tag?post=3607"}],"curies":[{"name":"wp","href":"https:\/\/api.w.org\/{rel}","templated":true}]}}