{"id":3608,"date":"2025-04-10T17:09:41","date_gmt":"2025-04-10T09:09:41","guid":{"rendered":"https:\/\/www.vortechglobal.com\/tremie-de-reception-des-fruits\/"},"modified":"2025-04-10T17:09:41","modified_gmt":"2025-04-10T09:09:41","slug":"tremie-de-reception-des-fruits","status":"publish","type":"product","link":"https:\/\/www.vortechglobal.com\/fr\/tremie-de-reception-des-fruits\/","title":{"rendered":"Tr\u00e9mie de r\u00e9ception des fruits"},"content":{"rendered":"<h2>Principe de fonctionnement :<\/h2>\n<p>La tr\u00e9mie de r\u00e9ception des fruits est le point de collecte initial et de tampon des tomates fra\u00eeches avant l&rsquo;extraction et le raffinage. Il est strat\u00e9giquement positionn\u00e9 pour recevoir les tomates en vrac livr\u00e9es par des syst\u00e8mes de convoyeurs ou de canaux et les alimenter en continu vers le processus suivant.<\/p>\n<h2>Fonction cl\u00e9 :<\/h2>\n<p><strong>Mise en tampon et conditionnement des aliments<\/strong><\/p>\n<p>Il sert de stockage temporaire pour r\u00e9guler le flux de tomates dans le syst\u00e8me de lavage et de tri, assurant un d\u00e9bit constant.<\/p>\n<p><strong>S\u00e9paration des d\u00e9bris (en option)<\/strong><\/p>\n<p>Certaines tr\u00e9mies comprennent des tamis ou des syst\u00e8mes d\u2019\u00e9coulement d\u2019eau pour s\u00e9parer la salet\u00e9, les feuilles ou les pierres avant un traitement ult\u00e9rieur.<\/p>\n<p><strong>Int\u00e9gration avec des convoyeurs ou des pompes<\/strong><\/p>\n<p>G\u00e9n\u00e9ralement reli\u00e9 \u00e0 un convoyeur \u00e0 vis ou \u00e0 un syst\u00e8me de pompe pour transporter les tomates vers l&rsquo;unit\u00e9 de d\u00e9noyautage et de pulpage.<\/p>\n<p><strong>Mat\u00e9rielle<\/strong><\/p>\n<p>G\u00e9n\u00e9ralement fabriqu\u00e9 en acier inoxydable 304, qui r\u00e9pond aux normes de qualit\u00e9 alimentaire et r\u00e9siste \u00e0 la corrosion des acides de tomate.<\/p>\n<h2>R\u00f4le dans le flux de travail d&rsquo;extraction et de raffinage :<\/h2>\n<ul>\n<li>Apr\u00e8s avoir \u00e9t\u00e9 re\u00e7ues dans la tr\u00e9mie, les tomates sont transport\u00e9es vers la . <span style=\"color: #99cc00;\"><a style=\"color: #99cc00;\" href=\"https:\/\/www.vortechglobal.com\/fr\/pompe-de-concassage-transfert-avec-propulseur\/\">pompe de broyage et de transfert avec un propulseur<\/a><\/span>o\u00f9 les tomates sont \u00e9galement transf\u00e9r\u00e9es dans le pr\u00e9chauffeur tubulaire. <span style=\"color: #99cc00;\"><a style=\"color: #99cc00;\" href=\"https:\/\/www.vortechglobal.com\/fr\/prechauffeur-tubulaire-pour-tomates\/\">pr\u00e9chauffeur tubulaire.<\/a><\/span><\/li>\n<li>De l\u00e0, la pulpe raffin\u00e9e passe aux \u00e9tapes d\u2019\u00e9vaporation et de concentration pour former la p\u00e2te de tomate finale.<\/li>\n<\/ul>\n<h2>Param\u00e8tre du produit :<\/h2>\n<table>\n<tbody>\n<tr>\n<td>\u00c9chelle de production<\/td>\n<td>Capacit\u00e9 de la tr\u00e9mie<\/td>\n<\/tr>\n<tr>\n<td>Usine \u00e0 petite \u00e9chelle<\/td>\n<td>1 \u00e0 5 tonnes par heure<\/td>\n<\/tr>\n<tr>\n<td>Usine de taille moyenne<\/td>\n<td>5 \u00e0 20 tonnes par heure<\/td>\n<\/tr>\n<tr>\n<td>Usine \u00e0 grande \u00e9chelle<\/td>\n<td>20 \u00e0 100+ tonnes par heure<\/td>\n<\/tr>\n<\/tbody>\n<\/table>\n","protected":false},"excerpt":{"rendered":"<ul>\n<li>Structure en acier inoxydable SUS304.<\/li>\n<li>Capacit\u00e9 volumique : G\u00e9n\u00e9ralement comprise entre 0,2 m\u00b3 et 2 m\u00b3.<\/li>\n<li>Pour recevoir les fruits de tomates du monobloc de lavage, de tri et de levage des fruits.<\/li>\n<\/ul>\n","protected":false},"featured_media":2266,"comment_status":"open","ping_status":"closed","template":"","meta":{"site-sidebar-layout":"default","site-content-layout":"","ast-site-content-layout":"default","site-content-style":"default","site-sidebar-style":"default","ast-global-header-display":"","ast-banner-title-visibility":"","ast-main-header-display":"","ast-hfb-above-header-display":"","ast-hfb-below-header-display":"","ast-hfb-mobile-header-display":"","site-post-title":"","ast-breadcrumbs-content":"","ast-featured-img":"","footer-sml-layout":"","theme-transparent-header-meta":"default","adv-header-id-meta":"","stick-header-meta":"","header-above-stick-meta":"","header-main-stick-meta":"","header-below-stick-meta":"","astra-migrate-meta-layouts":"default","ast-page-background-enabled":"default","ast-page-background-meta":{"desktop":{"background-color":"var(--ast-global-color-5)","background-image":"","background-repeat":"repeat","background-position":"center center","background-size":"auto","background-attachment":"scroll","background-type":"","background-media":"","overlay-type":"","overlay-color":"","overlay-opacity":"","overlay-gradient":""},"tablet":{"background-color":"","background-image":"","background-repeat":"repeat","background-position":"center center","background-size":"auto","background-attachment":"scroll","background-type":"","background-media":"","overlay-type":"","overlay-color":"","overlay-opacity":"","overlay-gradient":""},"mobile":{"background-color":"","background-image":"","background-repeat":"repeat","background-position":"center center","background-size":"auto","background-attachment":"scroll","background-type":"","background-media":"","overlay-type":"","overlay-color":"","overlay-opacity":"","overlay-gradient":""}},"ast-content-background-meta":{"desktop":{"background-color":"var(--ast-global-color-4)","background-image":"","background-repeat":"repeat","background-position":"center center","background-size":"auto","background-attachment":"scroll","background-type":"","background-media":"","overlay-type":"","overlay-color":"","overlay-opacity":"","overlay-gradient":""},"tablet":{"background-color":"var(--ast-global-color-4)","background-image":"","background-repeat":"repeat","background-position":"center center","background-size":"auto","background-attachment":"scroll","background-type":"","background-media":"","overlay-type":"","overlay-color":"","overlay-opacity":"","overlay-gradient":""},"mobile":{"background-color":"var(--ast-global-color-4)","background-image":"","background-repeat":"repeat","background-position":"center center","background-size":"auto","background-attachment":"scroll","background-type":"","background-media":"","overlay-type":"","overlay-color":"","overlay-opacity":"","overlay-gradient":""}}},"product_brand":[],"product_cat":[64,67],"product_tag":[],"class_list":{"0":"post-3608","1":"product","2":"type-product","3":"status-publish","4":"has-post-thumbnail","6":"product_cat-machine-de-traitement-des-tomates","7":"product_cat-section-dextraction-et-de-raffinage-de-concentre-de-tomates","8":"desktop-align-left","9":"tablet-align-left","10":"mobile-align-left","12":"first","13":"instock","14":"shipping-taxable","15":"product-type-simple"},"_links":{"self":[{"href":"https:\/\/www.vortechglobal.com\/fr\/wp-json\/wp\/v2\/product\/3608","targetHints":{"allow":["GET"]}}],"collection":[{"href":"https:\/\/www.vortechglobal.com\/fr\/wp-json\/wp\/v2\/product"}],"about":[{"href":"https:\/\/www.vortechglobal.com\/fr\/wp-json\/wp\/v2\/types\/product"}],"replies":[{"embeddable":true,"href":"https:\/\/www.vortechglobal.com\/fr\/wp-json\/wp\/v2\/comments?post=3608"}],"wp:featuredmedia":[{"embeddable":true,"href":"https:\/\/www.vortechglobal.com\/fr\/wp-json\/wp\/v2\/media\/2266"}],"wp:attachment":[{"href":"https:\/\/www.vortechglobal.com\/fr\/wp-json\/wp\/v2\/media?parent=3608"}],"wp:term":[{"taxonomy":"product_brand","embeddable":true,"href":"https:\/\/www.vortechglobal.com\/fr\/wp-json\/wp\/v2\/product_brand?post=3608"},{"taxonomy":"product_cat","embeddable":true,"href":"https:\/\/www.vortechglobal.com\/fr\/wp-json\/wp\/v2\/product_cat?post=3608"},{"taxonomy":"product_tag","embeddable":true,"href":"https:\/\/www.vortechglobal.com\/fr\/wp-json\/wp\/v2\/product_tag?post=3608"}],"curies":[{"name":"wp","href":"https:\/\/api.w.org\/{rel}","templated":true}]}}