{"id":3609,"date":"2025-04-10T15:35:40","date_gmt":"2025-04-10T07:35:40","guid":{"rendered":"https:\/\/www.vortechglobal.com\/monobloc-de-lavage-de-tri-et-de-levage-de-fruits\/"},"modified":"2025-04-10T15:35:40","modified_gmt":"2025-04-10T07:35:40","slug":"monobloc-de-lavage-de-tri-et-de-levage-de-fruits","status":"publish","type":"product","link":"https:\/\/www.vortechglobal.com\/fr\/lavage-tri-levage-fruits-monobloc\/","title":{"rendered":"Monobloc de lavage, de tri et de levage de fruits"},"content":{"rendered":"<h2>Principe de fonctionnement<\/h2>\n<p><strong>Section de lavage<\/strong><\/p>\n<ul>\n<li>\u00c9limine la salet\u00e9, les feuilles, les pierres et les contaminants de surface des tomates fra\u00eeches.<\/li>\n<li>Comprend g\u00e9n\u00e9ralement des laveurs \u00e0 bulles d\u2019air, des buses ou des syst\u00e8mes d\u2019agitation.<\/li>\n<li>Aide \u00e0 garantir des mati\u00e8res premi\u00e8res propres pour la production de ketchup.<\/li>\n<\/ul>\n<p><strong>Section de tri<\/strong><\/p>\n<ul>\n<li>S\u00e9pare les tomates ab\u00eem\u00e9es ou non m\u00fbres des bonnes.<\/li>\n<li>Peut \u00eatre r\u00e9alis\u00e9 par un syst\u00e8me de tri automatique ou manuellement sur un convoyeur.<\/li>\n<li>Assure la qualit\u00e9 des tomates entrantes, augmentant ainsi le rendement du ketchup.<\/li>\n<\/ul>\n<p><strong>Section de levage<\/strong><\/p>\n<ul>\n<li>Transporte les tomates tri\u00e9es de la machine \u00e0 laver\/trier vers la tr\u00e9mie de r\u00e9ception des fruits.<\/li>\n<li>Garantit un transfert transparent vers la phase de traitement suivante.<\/li>\n<\/ul>\n<h2>Param\u00e8tre du produit<\/h2>\n<table>\n<tbody>\n<tr>\n<td width=\"65\">Mod\u00e8le<\/td>\n<td width=\"64\">Capacit\u00e9<\/td>\n<td width=\"106\">Taille<\/td>\n<td width=\"60\">Pouvoir<\/td>\n<td width=\"63\">Mat\u00e9rielle<\/td>\n<td width=\"63\">Vitesse de la ligne<\/td>\n<\/tr>\n<tr>\n<td width=\"65\">Wlms-01<\/td>\n<td width=\"64\">200 kg\/h<\/td>\n<td width=\"106\">1800*800*1200<\/td>\n<td width=\"60\">1,5 kW<\/td>\n<td width=\"63\">Acier inoxydable SUS304<\/td>\n<td width=\"63\">0,1-0,4 m\/s<\/td>\n<\/tr>\n<\/tbody>\n<\/table>\n","protected":false},"excerpt":{"rendered":"<ul>\n<li>Capacit\u00e9 : 200 kg\/h<\/li>\n<li>Puissance : 1,5 KW.<\/li>\n<li>Structure en acier inoxydable SUS304 de haute qualit\u00e9.<\/li>\n<li>Pour r\u00e9cup\u00e9rer les tomates crues du bac, lavez les fruits, triez les fruits \u00e0 la main, puis soulevez les tomates propres pour la proc\u00e9dure suivante.<\/li>\n<\/ul>\n","protected":false},"featured_media":2267,"comment_status":"open","ping_status":"closed","template":"","meta":{"site-sidebar-layout":"default","site-content-layout":"","ast-site-content-layout":"default","site-content-style":"default","site-sidebar-style":"default","ast-global-header-display":"","ast-banner-title-visibility":"","ast-main-header-display":"","ast-hfb-above-header-display":"","ast-hfb-below-header-display":"","ast-hfb-mobile-header-display":"","site-post-title":"","ast-breadcrumbs-content":"","ast-featured-img":"","footer-sml-layout":"","theme-transparent-header-meta":"default","adv-header-id-meta":"","stick-header-meta":"","header-above-stick-meta":"","header-main-stick-meta":"","header-below-stick-meta":"","astra-migrate-meta-layouts":"default","ast-page-background-enabled":"default","ast-page-background-meta":{"desktop":{"background-color":"var(--ast-global-color-5)","background-image":"","background-repeat":"repeat","background-position":"center center","background-size":"auto","background-attachment":"scroll","background-type":"","background-media":"","overlay-type":"","overlay-color":"","overlay-opacity":"","overlay-gradient":""},"tablet":{"background-color":"","background-image":"","background-repeat":"repeat","background-position":"center center","background-size":"auto","background-attachment":"scroll","background-type":"","background-media":"","overlay-type":"","overlay-color":"","overlay-opacity":"","overlay-gradient":""},"mobile":{"background-color":"","background-image":"","background-repeat":"repeat","background-position":"center center","background-size":"auto","background-attachment":"scroll","background-type":"","background-media":"","overlay-type":"","overlay-color":"","overlay-opacity":"","overlay-gradient":""}},"ast-content-background-meta":{"desktop":{"background-color":"var(--ast-global-color-4)","background-image":"","background-repeat":"repeat","background-position":"center center","background-size":"auto","background-attachment":"scroll","background-type":"","background-media":"","overlay-type":"","overlay-color":"","overlay-opacity":"","overlay-gradient":""},"tablet":{"background-color":"var(--ast-global-color-4)","background-image":"","background-repeat":"repeat","background-position":"center center","background-size":"auto","background-attachment":"scroll","background-type":"","background-media":"","overlay-type":"","overlay-color":"","overlay-opacity":"","overlay-gradient":""},"mobile":{"background-color":"var(--ast-global-color-4)","background-image":"","background-repeat":"repeat","background-position":"center center","background-size":"auto","background-attachment":"scroll","background-type":"","background-media":"","overlay-type":"","overlay-color":"","overlay-opacity":"","overlay-gradient":""}}},"product_brand":[],"product_cat":[64,68],"product_tag":[],"class_list":{"0":"post-3609","1":"product","2":"type-product","3":"status-publish","4":"has-post-thumbnail","6":"product_cat-machine-de-traitement-des-tomates","7":"product_cat-section-de-reception-et-de-pretraitement-des-fruits-frais","8":"desktop-align-left","9":"tablet-align-left","10":"mobile-align-left","12":"first","13":"instock","14":"shipping-taxable","15":"product-type-simple"},"_links":{"self":[{"href":"https:\/\/www.vortechglobal.com\/fr\/wp-json\/wp\/v2\/product\/3609","targetHints":{"allow":["GET"]}}],"collection":[{"href":"https:\/\/www.vortechglobal.com\/fr\/wp-json\/wp\/v2\/product"}],"about":[{"href":"https:\/\/www.vortechglobal.com\/fr\/wp-json\/wp\/v2\/types\/product"}],"replies":[{"embeddable":true,"href":"https:\/\/www.vortechglobal.com\/fr\/wp-json\/wp\/v2\/comments?post=3609"}],"wp:featuredmedia":[{"embeddable":true,"href":"https:\/\/www.vortechglobal.com\/fr\/wp-json\/wp\/v2\/media\/2267"}],"wp:attachment":[{"href":"https:\/\/www.vortechglobal.com\/fr\/wp-json\/wp\/v2\/media?parent=3609"}],"wp:term":[{"taxonomy":"product_brand","embeddable":true,"href":"https:\/\/www.vortechglobal.com\/fr\/wp-json\/wp\/v2\/product_brand?post=3609"},{"taxonomy":"product_cat","embeddable":true,"href":"https:\/\/www.vortechglobal.com\/fr\/wp-json\/wp\/v2\/product_cat?post=3609"},{"taxonomy":"product_tag","embeddable":true,"href":"https:\/\/www.vortechglobal.com\/fr\/wp-json\/wp\/v2\/product_tag?post=3609"}],"curies":[{"name":"wp","href":"https:\/\/api.w.org\/{rel}","templated":true}]}}